{"id":8467,"date":"2023-02-12T16:56:20","date_gmt":"2023-02-12T21:56:20","guid":{"rendered":"https:\/\/waterkeeperschesapeake.org\/?page_id=8467"},"modified":"2026-04-15T09:56:48","modified_gmt":"2026-04-15T13:56:48","slug":"equity-justice","status":"publish","type":"page","link":"https:\/\/waterkeeperschesapeake.org\/es\/equity-justice\/","title":{"rendered":"Equidad y justicia"},"content":{"rendered":"\n<p><span style=\"font-weight: 400;\">Low-income communities and communities of color suffer under the inextricably intertwined challenges of clean water, climate change, and economic, environmental, and social injustice. In our region, frontline communities (such as the Cherry Hill neighborhood in downtown Baltimore, the historically black communities of Brandywine, MD and Brown Grove, VA, and poultry workers on the Eastern Shore) are burdened by flooding, drinking water hazards due to industrial contamination, and aging, poorly maintained water infrastructure. It is urgent that we all nurture the burgeoning grassroots movement of climate, justice, water, and public health interests coming together demanding equal justice and access to clean water.<\/span><\/p>\n\n\n\n<div class=\"wp-block-media-text alignwide is-stacked-on-mobile\" style=\"grid-template-columns:20% auto\"><figure class=\"wp-block-media-text__media\"><a href=\"https:\/\/cwaplaybook.org\" target=\"_blank\" rel=\"noreferrer noopener\"><img decoding=\"async\" width=\"1024\" height=\"1024\" data-src=\"https:\/\/waterkeeperschesapeake.org\/wp-content\/uploads\/2023\/09\/CWA-Playbook-1200px-100-1024x1024.jpg\" alt=\"\" class=\"wp-image-21341 size-full lazyload\" data-srcset=\"https:\/\/waterkeeperschesapeake.org\/wp-content\/uploads\/2023\/09\/CWA-Playbook-1200px-100-1024x1024.jpg 1024w, https:\/\/waterkeeperschesapeake.org\/wp-content\/uploads\/2023\/09\/CWA-Playbook-1200px-100-300x300.jpg 300w, https:\/\/waterkeeperschesapeake.org\/wp-content\/uploads\/2023\/09\/CWA-Playbook-1200px-100-150x150.jpg 150w, https:\/\/waterkeeperschesapeake.org\/wp-content\/uploads\/2023\/09\/CWA-Playbook-1200px-100-768x767.jpg 768w, https:\/\/waterkeeperschesapeake.org\/wp-content\/uploads\/2023\/09\/CWA-Playbook-1200px-100-12x12.jpg 12w, https:\/\/waterkeeperschesapeake.org\/wp-content\/uploads\/2023\/09\/CWA-Playbook-1200px-100.jpg 1201w\" data-sizes=\"(max-width: 1024px) 100vw, 1024px\" src=\"data:image\/svg+xml;base64,PHN2ZyB3aWR0aD0iMSIgaGVpZ2h0PSIxIiB4bWxucz0iaHR0cDovL3d3dy53My5vcmcvMjAwMC9zdmciPjwvc3ZnPg==\" style=\"--smush-placeholder-width: 1024px; --smush-placeholder-aspect-ratio: 1024\/1024;\" \/><\/a><\/figure><div class=\"wp-block-media-text__content\">\n<p>It&#8217;s more important than ever that we empower everyone to take action when water pollution is harming their communities. This is especially true for communities that continue to experience environmental racism. This is why we developed the Clean Water Act Playbook for Frontline Communities at <a href=\"https:\/\/cwaplaybook.org\/?fbclid=IwAR3hTgcxWQXAcuWDmoTOOqAPcpLXE-F5iYnDQWU8YEYLvRrOOne-W0wtLXM\" target=\"_blank\" rel=\"noreferrer noopener\">https:\/\/cwaplaybook.org\/<\/a> for easy access to the Clean Water Act&#8217;s tools and resources to enforce the law when government fails to do so. This online resource offers Clean Water Act basics, video stories of how local communities dealt with water pollution, links to tools and organizations that can help, and ways to report pollution. We invite you to explore the Playbook and share it with groups and communities who could benefit from this open resource.<\/p>\n<\/div><\/div>\n\n\n\n<p class=\"has-pale-ocean-gradient-background has-background\"><strong>Our priorities include:<\/strong><\/p>\n\n\n\n<ul class=\"wp-block-list\">\n<li>As a regional entity, assist our member Waterkeepers in establishing and implementing their own local plans for DEIJ, through shared fundraising, technical assistance, facilitating peer to peer mentoring, and upholding collective successes.\u00a0<\/li>\n\n\n\n<li><span style=\"font-weight: 400;\">Center equity in funding programs by identifying<\/span> <span style=\"font-weight: 400;\">failures in how states prioritize funding in the battle against climate change, investments in infrastructure upgrades, agriculture subsidies, and other restoration programs.<\/span><\/li>\n\n\n\n<li><span style=\"font-weight: 400;\">Oppose developments that increase the burden on already overburdened communities.<\/span><\/li>\n\n\n\n<li><span style=\"font-weight: 400;\">Promote strong enforcement of environmental laws, increased budgets for inspection and enforcement personnel, and more serious repercussions for violators.<\/span><\/li>\n\n\n\n<li><span style=\"font-weight: 400;\">Ensure environmental justice and public empowerment by creating better accountability, systems, and transparency for meaningful environmental justice review.<\/span><\/li>\n\n\n\n<li><span style=\"font-weight: 400;\">Demand corporate accountability for toxics and waste in water<\/span> <span style=\"font-weight: 400;\">by holding corporations liable for the pollution they create and regulate emerging contaminants in their products.<\/span><\/li>\n\n\n\n<li><span style=\"font-weight: 400;\">Enhance access to nature for <\/span><i><span style=\"font-weight: 400;\">all<\/span><\/i><span style=\"font-weight: 400;\">.<\/span><\/li>\n\n\n\n<li><span style=\"font-weight: 400;\">Elevate the voices of those fighting for justice and protecting their communities from pollution.<\/span><\/li>\n<\/ul>\n\n\n\n<hr class=\"wp-block-separator has-alpha-channel-opacity\"\/>\n\n\n<div class=\"pt-cv-wrapper\"><div class=\"pt-cv-view pt-cv-grid pt-cv-colsys pt-cv-same-height pt-cv-pgregular\" id=\"pt-cv-view-e5d6e5fobe\"><div data-id=\"pt-cv-page-1\" class=\"pt-cv-page\" data-cvc=\"4\" data-cvct=\"2\" data-cvcm=\"1\"><div class=\"col-md-3 col-sm-6 col-xs-12 pt-cv-content-item pt-cv-1-col\"  data-pid=\"44764\"><div class='pt-cv-ifield'><a href=\"https:\/\/waterkeeperschesapeake.org\/es\/honor-tribal-sovereignty-in-the-chesapeake-bay-watershed-agreement\/\" class=\"_self pt-cv-href-thumbnail pt-cv-thumb-default cvplbd cvp-lazy-container\" target=\"_self\"><img decoding=\"async\" width=\"300\" height=\"300\" src=\"https:\/\/waterkeeperschesapeake.org\/wp-content\/plugins\/pt-content-views-pro\/public\/assets\/images\/lazy_image.png\" class=\"pt-cv-thumbnail img-none skip-lazy  cvplazy\" alt=\"Honor Tribal Sovereignty in the Chesapeake Bay Watershed Agreement\" data-cvpsrc=\"https:\/\/waterkeeperschesapeake.org\/wp-content\/uploads\/2025\/06\/Call-to-300-x-300-px-1-1.jpg\" \/><\/a>\n<h4 class=\"pt-cv-title\"><a href=\"https:\/\/waterkeeperschesapeake.org\/es\/honor-tribal-sovereignty-in-the-chesapeake-bay-watershed-agreement\/\" class=\"_self cvplbd\" target=\"_self\">Honor Tribal Sovereignty in the Chesapeake Bay Watershed Agreement<\/a><\/h4>\n<div class=\"pt-cv-content\">The Chesapeake Bay region is the ancestral home for many Indigenous nations. These communities have long served as stewards of ...<br \/><div class=\"pt-cv-rmwrap\"><a href=\"https:\/\/waterkeeperschesapeake.org\/es\/honor-tribal-sovereignty-in-the-chesapeake-bay-watershed-agreement\/\" class=\"_self pt-cv-readmore btn btn-success cvprmct  cvplbd\" target=\"_self\">Read More<\/a><\/div><\/div><\/div><\/div>\n<div class=\"col-md-3 col-sm-6 col-xs-12 pt-cv-content-item pt-cv-1-col\"  data-pid=\"42033\"><div class='pt-cv-ifield'><a href=\"https:\/\/waterkeeperschesapeake.org\/es\/waterkeepers-chesapeake-applauds-epas-new-rules-to-safeguard-water-from-toxic-coal-pollution\/\" class=\"_self pt-cv-href-thumbnail pt-cv-thumb-default cvplbd cvp-lazy-container\" target=\"_self\"><img decoding=\"async\" width=\"300\" height=\"300\" src=\"https:\/\/waterkeeperschesapeake.org\/wp-content\/plugins\/pt-content-views-pro\/public\/assets\/images\/lazy_image.png\" class=\"pt-cv-thumbnail img-none skip-lazy  cvplazy\" alt=\"Waterkeepers Chesapeake Applauds EPA\u2019s New Rules to Safeguard Water from Toxic Coal Pollution\" data-cvpsrc=\"https:\/\/waterkeeperschesapeake.org\/wp-content\/uploads\/2024\/04\/EPA-ELG-CCR-rules-image-2-300x300.png\" \/><\/a>\n<h4 class=\"pt-cv-title\"><a href=\"https:\/\/waterkeeperschesapeake.org\/es\/waterkeepers-chesapeake-applauds-epas-new-rules-to-safeguard-water-from-toxic-coal-pollution\/\" class=\"_self cvplbd\" target=\"_self\">Waterkeepers Chesapeake Applauds EPA\u2019s New Rules to Safeguard Water from Toxic Coal Pollution<\/a><\/h4>\n<div class=\"pt-cv-content\">Today, the U.S. Environmental Protection Agency (EPA) finalized an historic suite of standards to address pollution from fossil-fueled power plants ...<br \/><div class=\"pt-cv-rmwrap\"><a href=\"https:\/\/waterkeeperschesapeake.org\/es\/waterkeepers-chesapeake-applauds-epas-new-rules-to-safeguard-water-from-toxic-coal-pollution\/\" class=\"_self pt-cv-readmore btn btn-success cvprmct  cvplbd\" target=\"_self\">Read More<\/a><\/div><\/div><\/div><\/div>\n<div class=\"col-md-3 col-sm-6 col-xs-12 pt-cv-content-item pt-cv-1-col\"  data-pid=\"41993\"><div class='pt-cv-ifield'><a href=\"https:\/\/waterkeeperschesapeake.org\/es\/legislative-recap-major-win-in-maryland-hurdles-continue-in-virginia\/\" class=\"_self pt-cv-href-thumbnail pt-cv-thumb-default cvplbd cvp-lazy-container\" target=\"_self\"><img decoding=\"async\" width=\"300\" height=\"300\" src=\"https:\/\/waterkeeperschesapeake.org\/wp-content\/plugins\/pt-content-views-pro\/public\/assets\/images\/lazy_image.png\" class=\"pt-cv-thumbnail img-none skip-lazy  cvplazy\" alt=\"Legislative Recap: Major Win in Maryland, Hurdles Continue in Virginia\" data-cvpsrc=\"https:\/\/waterkeeperschesapeake.org\/wp-content\/uploads\/2024\/04\/2024-legislative-recap-blog-2-300x300.png\" \/><\/a>\n<h4 class=\"pt-cv-title\"><a href=\"https:\/\/waterkeeperschesapeake.org\/es\/legislative-recap-major-win-in-maryland-hurdles-continue-in-virginia\/\" class=\"_self cvplbd\" target=\"_self\">Legislative Recap: Major Win in Maryland, Hurdles Continue in Virginia<\/a><\/h4>\n<div class=\"pt-cv-content\">With support from hundreds of people like you, Waterkeepers Chesapeake and our member Waterkeepers work on priority legislation every year ...<br \/><div class=\"pt-cv-rmwrap\"><a href=\"https:\/\/waterkeeperschesapeake.org\/es\/legislative-recap-major-win-in-maryland-hurdles-continue-in-virginia\/\" class=\"_self pt-cv-readmore btn btn-success cvprmct  cvplbd\" target=\"_self\">Read More<\/a><\/div><\/div><\/div><\/div>\n<div class=\"col-md-3 col-sm-6 col-xs-12 pt-cv-content-item pt-cv-1-col\"  data-pid=\"41818\"><div class='pt-cv-ifield'><a href=\"https:\/\/waterkeeperschesapeake.org\/es\/major-bill-restoring-justice-passes-the-maryland-general-assembly\/\" class=\"_self pt-cv-href-thumbnail pt-cv-thumb-default cvplbd cvp-lazy-container\" target=\"_self\"><img decoding=\"async\" width=\"300\" height=\"300\" src=\"https:\/\/waterkeeperschesapeake.org\/wp-content\/plugins\/pt-content-views-pro\/public\/assets\/images\/lazy_image.png\" class=\"pt-cv-thumbnail img-none skip-lazy  cvplazy\" alt=\"Major Bill Restoring Justice Passes the Maryland General Assembly\" data-cvpsrc=\"https:\/\/waterkeeperschesapeake.org\/wp-content\/uploads\/2024\/04\/CWJA-Victory-300x300.png\" \/><\/a>\n<h4 class=\"pt-cv-title\"><a href=\"https:\/\/waterkeeperschesapeake.org\/es\/major-bill-restoring-justice-passes-the-maryland-general-assembly\/\" class=\"_self cvplbd\" target=\"_self\">Major Bill Restoring Justice Passes the Maryland General Assembly<\/a><\/h4>\n<div class=\"pt-cv-content\">Nationally precedent-setting Clean Water Justice Act awaits Governor Moore\u2019s signature (Silver Spring, MD) In a move to restore justice after ...<br \/><div class=\"pt-cv-rmwrap\"><a href=\"https:\/\/waterkeeperschesapeake.org\/es\/major-bill-restoring-justice-passes-the-maryland-general-assembly\/\" class=\"_self pt-cv-readmore btn btn-success cvprmct  cvplbd\" target=\"_self\">Read More<\/a><\/div><\/div><\/div><\/div><\/div><\/div>\n<div class=\"text-center pt-cv-pagination-wrapper\"><ul class=\"pt-cv-pagination pt-cv-ajax pagination\" data-totalpages=\"7\" data-currentpage=\"1\" data-sid=\"e5d6e5fobe\" data-unid=\"\" data-isblock=\"\" data-postid=\"\"><li class=\"active\"><a href=\"#\">1<\/a><\/li>\n\t<li ><a class=\"\" href=\"https:\/\/waterkeeperschesapeake.org\/es\/wp-json\/wp\/v2\/pages\/8467\/?_page=2\">2<\/a><\/li>\n\t<li ><a class=\"\" href=\"https:\/\/waterkeeperschesapeake.org\/es\/wp-json\/wp\/v2\/pages\/8467\/?_page=3\">3<\/a><\/li>\n\t<li ><a href=\"#\">&hellip;<\/a><\/li>\n\t<li ><a class=\"\" href=\"https:\/\/waterkeeperschesapeake.org\/es\/wp-json\/wp\/v2\/pages\/8467\/?_page=7\">7<\/a><\/li>\n\t<li ><a class=\" \" href=\"https:\/\/waterkeeperschesapeake.org\/es\/wp-json\/wp\/v2\/pages\/8467\/?_page=2\">&rsaquo;<\/a><\/li>\n\t<\/ul><img decoding=\"async\" width=\"15\" height=\"15\" class=\"pt-cv-spinner\" alt=\"Loading...\" src=\"data:image\/gif;base64,R0lGODlhDwAPALMPAMrKygwMDJOTkz09PZWVla+vr3p6euTk5M7OzuXl5TMzMwAAAJmZmWZmZszMzP\/\/\/yH\/C05FVFNDQVBFMi4wAwEAAAAh+QQFCgAPACwAAAAADwAPAAAEQvDJaZaZOIcV8iQK8VRX4iTYoAwZ4iCYoAjZ4RxejhVNoT+mRGP4cyF4Pp0N98sBGIBMEMOotl6YZ3S61Bmbkm4mAgAh+QQFCgAPACwAAAAADQANAAAENPDJSRSZeA418itN8QiK8BiLITVsFiyBBIoYqnoewAD4xPw9iY4XLGYSjkQR4UAUD45DLwIAIfkEBQoADwAsAAAAAA8ACQAABC\/wyVlamTi3nSdgwFNdhEJgTJoNyoB9ISYoQmdjiZPcj7EYCAeCF1gEDo4Dz2eIAAAh+QQFCgAPACwCAAAADQANAAAEM\/DJBxiYeLKdX3IJZT1FU0iIg2RNKx3OkZVnZ98ToRD4MyiDnkAh6BkNC0MvsAj0kMpHBAAh+QQFCgAPACwGAAAACQAPAAAEMDC59KpFDll73HkAA2wVY5KgiK5b0RRoI6MuzG6EQqCDMlSGheEhUAgqgUUAFRySIgAh+QQFCgAPACwCAAIADQANAAAEM\/DJKZNLND\/kkKaHc3xk+QAMYDKsiaqmZCxGVjSFFCxB1vwy2oOgIDxuucxAMTAJFAJNBAAh+QQFCgAPACwAAAYADwAJAAAEMNAs86q1yaWwwv2Ig0jUZx3OYa4XoRAfwADXoAwfo1+CIjyFRuEho60aSNYlOPxEAAAh+QQFCgAPACwAAAIADQANAAAENPA9s4y8+IUVcqaWJ4qEQozSoAzoIyhCK2NFU2SJk0hNnyEOhKR2AzAAj4Pj4GE4W0bkJQIAOw==\" \/><div class=\"clear pt-cv-clear-pagination\"><\/div><\/div><\/div>\t\t\t<style type=\"text\/css\" id=\"pt-cv-inline-style-7740e9d98a\">#pt-cv-view-e5d6e5fobe .pt-cv-ifield { padding-top: 10px !important; padding-right: 10px !important; padding-bottom: 10px !important; padding-left: 10px !important; }\n#pt-cv-view-e5d6e5fobe  .pt-cv-ifield   { background-color: rgba(188,216,212,0.49) !important; }\n#pt-cv-view-e5d6e5fobe .pt-cv-href-thumbnail  { margin-left: auto !important; margin-right: auto !important; display: block !important; text-align: center !important; clear: both !important; }\n#pt-cv-view-e5d6e5fobe .pt-cv-readmore  { margin-left: auto !important; margin-right: auto !important; float: none !important; display: table !important; text-align: center !important; clear: both !important; }\n#pt-cv-view-e5d6e5fobe  + .pt-cv-pagination-wrapper .pt-cv-more , #pt-cv-view-e5d6e5fobe  + .pt-cv-pagination-wrapper .pagination .active a, .pt-cv-pagination[data-sid='e5d6e5fobe'] .active a { background-color: #447c7a !important; }<\/style>\r\n\t\t\t\n","protected":false},"excerpt":{"rendered":"<p>Las comunidades de bajos ingresos y las comunidades de color sufren los desaf\u00edos inextricablemente entrelazados del agua potable, el cambio clim\u00e1tico y la injusticia econ\u00f3mica, ambiental y social. En nuestra regi\u00f3n, las comunidades m\u00e1s vulnerables (como el barrio de Cherry Hill en el centro de Baltimore, las comunidades hist\u00f3ricamente negras de Brandywine, Maryland, y Brown Grove, Virginia, y los trabajadores av\u00edcolas de la Costa Este)\u2026 <a title=\"Equidad y justicia\" class=\"read-more\" href=\"https:\/\/waterkeeperschesapeake.org\/es\/equity-justice\/\" aria-label=\"Leer m\u00e1s sobre Equidad y Justicia\">Lee mas<\/a><\/p>","protected":false},"author":3,"featured_media":0,"parent":0,"menu_order":0,"comment_status":"closed","ping_status":"closed","template":"","meta":{"_monsterinsights_skip_tracking":false,"_monsterinsights_sitenote_active":false,"_monsterinsights_sitenote_note":"","_monsterinsights_sitenote_category":0,"footnotes":""},"class_list":["post-8467","page","type-page","status-publish"],"_links":{"self":[{"href":"https:\/\/waterkeeperschesapeake.org\/es\/wp-json\/wp\/v2\/pages\/8467","targetHints":{"allow":["GET"]}}],"collection":[{"href":"https:\/\/waterkeeperschesapeake.org\/es\/wp-json\/wp\/v2\/pages"}],"about":[{"href":"https:\/\/waterkeeperschesapeake.org\/es\/wp-json\/wp\/v2\/types\/page"}],"author":[{"embeddable":true,"href":"https:\/\/waterkeeperschesapeake.org\/es\/wp-json\/wp\/v2\/users\/3"}],"replies":[{"embeddable":true,"href":"https:\/\/waterkeeperschesapeake.org\/es\/wp-json\/wp\/v2\/comments?post=8467"}],"version-history":[{"count":0,"href":"https:\/\/waterkeeperschesapeake.org\/es\/wp-json\/wp\/v2\/pages\/8467\/revisions"}],"wp:attachment":[{"href":"https:\/\/waterkeeperschesapeake.org\/es\/wp-json\/wp\/v2\/media?parent=8467"}],"curies":[{"name":"gracias","href":"https:\/\/api.w.org\/{rel}","templated":true}]}}