{"id":8163,"date":"2023-01-31T21:00:29","date_gmt":"2023-02-01T02:00:29","guid":{"rendered":"https:\/\/waterkeeperschesapeake.org\/?page_id=8163"},"modified":"2023-02-21T16:42:28","modified_gmt":"2023-02-21T21:42:28","slug":"climate-change","status":"publish","type":"page","link":"https:\/\/waterkeeperschesapeake.org\/es\/climate-change\/","title":{"rendered":"Cambio clim\u00e1tico"},"content":{"rendered":"<div class=\"wp-block-image\">\n<figure class=\"alignright size-full is-resized\"><img decoding=\"async\" data-src=\"https:\/\/waterkeeperschesapeake.org\/wp-content\/uploads\/2018\/07\/6ddb2450462828abf9aabc88d6bfb7fe.jpg\" alt=\"\" class=\"wp-image-812 lazyload\" width=\"466\" height=\"210\" data-srcset=\"https:\/\/waterkeeperschesapeake.org\/wp-content\/uploads\/2018\/07\/6ddb2450462828abf9aabc88d6bfb7fe.jpg 525w, https:\/\/waterkeeperschesapeake.org\/wp-content\/uploads\/2018\/07\/6ddb2450462828abf9aabc88d6bfb7fe-300x135.jpg 300w\" data-sizes=\"(max-width: 466px) 100vw, 466px\" src=\"data:image\/svg+xml;base64,PHN2ZyB3aWR0aD0iMSIgaGVpZ2h0PSIxIiB4bWxucz0iaHR0cDovL3d3dy53My5vcmcvMjAwMC9zdmciPjwvc3ZnPg==\" style=\"--smush-placeholder-width: 466px; --smush-placeholder-aspect-ratio: 466\/210;\" \/><\/figure>\n<\/div>\n\n\n<p><span style=\"font-weight: 400;\">Climate change has super-charged our water pollution loads. Our local waterways are experiencing intense pollution pressures from increased frequency of extreme weather events as well as increased intensity and duration of rainfall due to climate change. Across the region we\u2019ve seen extreme rainfall events and more frequent floods that devastate our communities, overwhelm our water infrastructure, and deliver immense pollution loads to our waterways. Along our coastlines, communities are experiencing rising sea levels and sea water encroaching into our groundwater. Too often our low-income communities and communities of color overburdened by pollution due to environmental racism are hit first and are more heavily impacted when climate-driven storms and flooding occur. It is urgent that we focus on frontline communities in the face of a changing climate<\/span>.<\/p>\n\n\n\n<p class=\"has-pale-ocean-gradient-background has-background\"><span style=\"font-weight: 400;\"><strong>Our strategies include:<\/strong><\/span><\/p>\n\n\n\n<ul class=\"wp-block-list\">\n<li><span style=\"font-weight: 400;\">Stop the expansion of <a href=\"https:\/\/waterkeeperschesapeake.org\/natural-gas\/\">fossil fuels infrastructure.<\/a><\/span><\/li>\n\n\n\n<li><span style=\"font-weight: 400;\">Ensure safe disposal of <a href=\"https:\/\/waterkeeperschesapeake.org\/coal\/\" data-type=\"page\" data-id=\"3680\">toxic coal ash<\/a>.<\/span><\/li>\n\n\n\n<li><span style=\"font-weight: 400;\">Champion policies that mitigate new pollution pressures, build more resilient communities, reverse environmental injustices, and improve implementation and enforcement of clean water laws and regulations.<\/span><\/li>\n\n\n\n<li><span style=\"font-weight: 400;\">Demand funding to upgrade and repair aging, poorly maintained water infrastructure.<\/span><\/li>\n<\/ul>\n\n\n\n<hr class=\"wp-block-separator has-alpha-channel-opacity\"\/>\n\n\n<div class=\"pt-cv-wrapper\"><div class=\"pt-cv-view pt-cv-grid pt-cv-colsys pt-cv-same-height pt-cv-pgregular\" id=\"pt-cv-view-f8527f5b9m\"><div data-id=\"pt-cv-page-1\" class=\"pt-cv-page\" data-cvc=\"4\" data-cvct=\"2\" data-cvcm=\"1\"><div class=\"col-md-3 col-sm-6 col-xs-12 pt-cv-content-item pt-cv-1-col\"  data-pid=\"44647\"><div class='pt-cv-ifield'><a href=\"https:\/\/waterkeeperschesapeake.org\/es\/a-year-in-water-quality-monitoring-with-your-local-waterkeepers\/\" class=\"_self pt-cv-href-thumbnail pt-cv-thumb-default cvplbd cvp-lazy-container\" target=\"_self\"><img decoding=\"async\" width=\"300\" height=\"300\" src=\"https:\/\/waterkeeperschesapeake.org\/wp-content\/plugins\/pt-content-views-pro\/public\/assets\/images\/lazy_image.png\" class=\"pt-cv-thumbnail img-none skip-lazy  cvplazy\" alt=\"A Year in Water Quality Monitoring with Your Local Waterkeepers\" data-cvpsrc=\"https:\/\/waterkeeperschesapeake.org\/wp-content\/uploads\/2025\/05\/Waterkeeper-Monitoring-Reports-for-2024-300x300.png\" \/><\/a>\n<h4 class=\"pt-cv-title\"><a href=\"https:\/\/waterkeeperschesapeake.org\/es\/a-year-in-water-quality-monitoring-with-your-local-waterkeepers\/\" class=\"_self cvplbd\" target=\"_self\">A Year in Water Quality Monitoring with Your Local Waterkeepers<\/a><\/h4>\n<div class=\"pt-cv-content\">South, West &amp; Rhode Riverkeeper Elle Bassett water quality monitoring April 2024 Water monitoring is at the heart of our ...<br \/><div class=\"pt-cv-rmwrap\"><a href=\"https:\/\/waterkeeperschesapeake.org\/es\/a-year-in-water-quality-monitoring-with-your-local-waterkeepers\/\" class=\"_self pt-cv-readmore btn btn-success cvprmct  cvplbd\" target=\"_self\">Read More<\/a><\/div><\/div><\/div><\/div>\n<div class=\"col-md-3 col-sm-6 col-xs-12 pt-cv-content-item pt-cv-1-col\"  data-pid=\"43277\"><div class='pt-cv-ifield'><a href=\"https:\/\/waterkeeperschesapeake.org\/es\/pfas-climate-change-fact-sheet\/\" class=\"_self pt-cv-href-thumbnail pt-cv-thumb-default cvplbd cvp-lazy-container\" target=\"_self\"><img decoding=\"async\" width=\"300\" height=\"300\" src=\"https:\/\/waterkeeperschesapeake.org\/wp-content\/plugins\/pt-content-views-pro\/public\/assets\/images\/lazy_image.png\" class=\"pt-cv-thumbnail img-none skip-lazy  cvplazy\" alt=\"PFAS &amp; Climate Change Fact Sheet\" data-cvpsrc=\"https:\/\/waterkeeperschesapeake.org\/wp-content\/uploads\/2024\/12\/PFAS-climate-change-300x300.png\" \/><\/a>\n<h4 class=\"pt-cv-title\"><a href=\"https:\/\/waterkeeperschesapeake.org\/es\/pfas-climate-change-fact-sheet\/\" class=\"_self cvplbd\" target=\"_self\">PFAS &#038; Climate Change Fact Sheet<\/a><\/h4>\n<div class=\"pt-cv-content\">PFAS contamination and PFAS production have surprising climate change impacts &#8212; warming both the oceans and the planet. Learn more ...<br \/><div class=\"pt-cv-rmwrap\"><a href=\"https:\/\/waterkeeperschesapeake.org\/es\/pfas-climate-change-fact-sheet\/\" class=\"_self pt-cv-readmore btn btn-success cvprmct  cvplbd\" target=\"_self\">Read More<\/a><\/div><\/div><\/div><\/div>\n<div class=\"col-md-3 col-sm-6 col-xs-12 pt-cv-content-item pt-cv-1-col\"  data-pid=\"42887\"><div class='pt-cv-ifield'><a href=\"https:\/\/waterkeeperschesapeake.org\/es\/balancing-the-cloud-data-centers-hidden-costs-on-local-water-supplies\/\" class=\"_self pt-cv-href-thumbnail pt-cv-thumb-default cvplbd cvp-lazy-container\" target=\"_self\"><img decoding=\"async\" width=\"300\" height=\"300\" src=\"https:\/\/waterkeeperschesapeake.org\/wp-content\/plugins\/pt-content-views-pro\/public\/assets\/images\/lazy_image.png\" class=\"pt-cv-thumbnail img-none skip-lazy  cvplazy\" alt=\"Balancing the Cloud: Data Centers&#039; Hidden Costs on Local Water Supplies\" data-cvpsrc=\"https:\/\/waterkeeperschesapeake.org\/wp-content\/uploads\/2024\/09\/Data-Center-Blog-IG-300x300.png\" \/><\/a>\n<h4 class=\"pt-cv-title\"><a href=\"https:\/\/waterkeeperschesapeake.org\/es\/balancing-the-cloud-data-centers-hidden-costs-on-local-water-supplies\/\" class=\"_self cvplbd\" target=\"_self\">Balancing the Cloud: Data Centers&#8217; Hidden Costs on Local Water Supplies<\/a><\/h4>\n<div class=\"pt-cv-content\">Snapping a photo with your smartphone. Downloading a podcast. The Google search that led you to this blogpost.\u00a0 What do ...<br \/><div class=\"pt-cv-rmwrap\"><a href=\"https:\/\/waterkeeperschesapeake.org\/es\/balancing-the-cloud-data-centers-hidden-costs-on-local-water-supplies\/\" class=\"_self pt-cv-readmore btn btn-success cvprmct  cvplbd\" target=\"_self\">Read More<\/a><\/div><\/div><\/div><\/div>\n<div class=\"col-md-3 col-sm-6 col-xs-12 pt-cv-content-item pt-cv-1-col\"  data-pid=\"42033\"><div class='pt-cv-ifield'><a href=\"https:\/\/waterkeeperschesapeake.org\/es\/waterkeepers-chesapeake-applauds-epas-new-rules-to-safeguard-water-from-toxic-coal-pollution\/\" class=\"_self pt-cv-href-thumbnail pt-cv-thumb-default cvplbd cvp-lazy-container\" target=\"_self\"><img decoding=\"async\" width=\"300\" height=\"300\" src=\"https:\/\/waterkeeperschesapeake.org\/wp-content\/plugins\/pt-content-views-pro\/public\/assets\/images\/lazy_image.png\" class=\"pt-cv-thumbnail img-none skip-lazy  cvplazy\" alt=\"Waterkeepers Chesapeake Applauds EPA\u2019s New Rules to Safeguard Water from Toxic Coal Pollution\" data-cvpsrc=\"https:\/\/waterkeeperschesapeake.org\/wp-content\/uploads\/2024\/04\/EPA-ELG-CCR-rules-image-2-300x300.png\" \/><\/a>\n<h4 class=\"pt-cv-title\"><a href=\"https:\/\/waterkeeperschesapeake.org\/es\/waterkeepers-chesapeake-applauds-epas-new-rules-to-safeguard-water-from-toxic-coal-pollution\/\" class=\"_self cvplbd\" target=\"_self\">Waterkeepers Chesapeake Applauds EPA\u2019s New Rules to Safeguard Water from Toxic Coal Pollution<\/a><\/h4>\n<div class=\"pt-cv-content\">Today, the U.S. Environmental Protection Agency (EPA) finalized an historic suite of standards to address pollution from fossil-fueled power plants ...<br \/><div class=\"pt-cv-rmwrap\"><a href=\"https:\/\/waterkeeperschesapeake.org\/es\/waterkeepers-chesapeake-applauds-epas-new-rules-to-safeguard-water-from-toxic-coal-pollution\/\" class=\"_self pt-cv-readmore btn btn-success cvprmct  cvplbd\" target=\"_self\">Read More<\/a><\/div><\/div><\/div><\/div><\/div><\/div>\n<div class=\"text-center pt-cv-pagination-wrapper\"><ul class=\"pt-cv-pagination pt-cv-ajax pagination\" data-totalpages=\"24\" data-currentpage=\"1\" data-sid=\"f8527f5b9m\" data-unid=\"\" data-isblock=\"\" data-postid=\"\"><li class=\"active\"><a href=\"#\">1<\/a><\/li>\n\t<li ><a class=\"\" href=\"https:\/\/waterkeeperschesapeake.org\/es\/wp-json\/wp\/v2\/pages\/8163\/?_page=2\">2<\/a><\/li>\n\t<li ><a class=\"\" href=\"https:\/\/waterkeeperschesapeake.org\/es\/wp-json\/wp\/v2\/pages\/8163\/?_page=3\">3<\/a><\/li>\n\t<li ><a href=\"#\">&hellip;<\/a><\/li>\n\t<li ><a class=\"\" href=\"https:\/\/waterkeeperschesapeake.org\/es\/wp-json\/wp\/v2\/pages\/8163\/?_page=24\">24<\/a><\/li>\n\t<li ><a class=\" \" href=\"https:\/\/waterkeeperschesapeake.org\/es\/wp-json\/wp\/v2\/pages\/8163\/?_page=2\">&rsaquo;<\/a><\/li>\n\t<\/ul><img decoding=\"async\" width=\"15\" height=\"15\" class=\"pt-cv-spinner\" alt=\"Loading...\" src=\"data:image\/gif;base64,R0lGODlhDwAPALMPAMrKygwMDJOTkz09PZWVla+vr3p6euTk5M7OzuXl5TMzMwAAAJmZmWZmZszMzP\/\/\/yH\/C05FVFNDQVBFMi4wAwEAAAAh+QQFCgAPACwAAAAADwAPAAAEQvDJaZaZOIcV8iQK8VRX4iTYoAwZ4iCYoAjZ4RxejhVNoT+mRGP4cyF4Pp0N98sBGIBMEMOotl6YZ3S61Bmbkm4mAgAh+QQFCgAPACwAAAAADQANAAAENPDJSRSZeA418itN8QiK8BiLITVsFiyBBIoYqnoewAD4xPw9iY4XLGYSjkQR4UAUD45DLwIAIfkEBQoADwAsAAAAAA8ACQAABC\/wyVlamTi3nSdgwFNdhEJgTJoNyoB9ISYoQmdjiZPcj7EYCAeCF1gEDo4Dz2eIAAAh+QQFCgAPACwCAAAADQANAAAEM\/DJBxiYeLKdX3IJZT1FU0iIg2RNKx3OkZVnZ98ToRD4MyiDnkAh6BkNC0MvsAj0kMpHBAAh+QQFCgAPACwGAAAACQAPAAAEMDC59KpFDll73HkAA2wVY5KgiK5b0RRoI6MuzG6EQqCDMlSGheEhUAgqgUUAFRySIgAh+QQFCgAPACwCAAIADQANAAAEM\/DJKZNLND\/kkKaHc3xk+QAMYDKsiaqmZCxGVjSFFCxB1vwy2oOgIDxuucxAMTAJFAJNBAAh+QQFCgAPACwAAAYADwAJAAAEMNAs86q1yaWwwv2Ig0jUZx3OYa4XoRAfwADXoAwfo1+CIjyFRuEho60aSNYlOPxEAAAh+QQFCgAPACwAAAIADQANAAAENPA9s4y8+IUVcqaWJ4qEQozSoAzoIyhCK2NFU2SJk0hNnyEOhKR2AzAAj4Pj4GE4W0bkJQIAOw==\" \/><div class=\"clear pt-cv-clear-pagination\"><\/div><\/div><\/div>\t\t\t<style type=\"text\/css\" id=\"pt-cv-inline-style-074b332gwv\">#pt-cv-view-f8527f5b9m .pt-cv-ifield { padding-top: 10px !important; padding-right: 10px !important; padding-bottom: 10px !important; padding-left: 10px !important; }\n#pt-cv-view-f8527f5b9m  .pt-cv-ifield   { background-color: rgba(188,216,212,0.49) !important; }\n#pt-cv-view-f8527f5b9m .pt-cv-href-thumbnail  { margin-left: auto !important; margin-right: auto !important; display: block !important; text-align: center !important; clear: both !important; }\n#pt-cv-view-f8527f5b9m .pt-cv-readmore  { margin-left: auto !important; margin-right: auto !important; float: none !important; display: table !important; text-align: center !important; clear: both !important; }\n#pt-cv-view-f8527f5b9m  + .pt-cv-pagination-wrapper .pt-cv-more , #pt-cv-view-f8527f5b9m  + .pt-cv-pagination-wrapper .pagination .active a, .pt-cv-pagination[data-sid='f8527f5b9m'] .active a { background-color: #447c7a !important; }<\/style>\r\n\t\t\t\n","protected":false},"excerpt":{"rendered":"<p>El cambio clim\u00e1tico ha incrementado la contaminaci\u00f3n h\u00eddrica. Nuestras v\u00edas fluviales locales est\u00e1n experimentando una intensa presi\u00f3n contaminante debido al aumento de la frecuencia de fen\u00f3menos meteorol\u00f3gicos extremos, as\u00ed como al aumento de la intensidad y duraci\u00f3n de las precipitaciones debido al cambio clim\u00e1tico. En toda la regi\u00f3n hemos presenciado precipitaciones extremas e inundaciones m\u00e1s frecuentes que devastan nuestras comunidades y desbordan nuestros sistemas de agua... <a title=\"Cambio clim\u00e1tico\" class=\"read-more\" href=\"https:\/\/waterkeeperschesapeake.org\/es\/climate-change\/\" aria-label=\"Leer m\u00e1s sobre Cambio Clim\u00e1tico\">Lee mas<\/a><\/p>","protected":false},"author":3,"featured_media":0,"parent":0,"menu_order":0,"comment_status":"closed","ping_status":"closed","template":"","meta":{"_monsterinsights_skip_tracking":false,"_monsterinsights_sitenote_active":false,"_monsterinsights_sitenote_note":"","_monsterinsights_sitenote_category":0,"footnotes":""},"class_list":["post-8163","page","type-page","status-publish"],"_links":{"self":[{"href":"https:\/\/waterkeeperschesapeake.org\/es\/wp-json\/wp\/v2\/pages\/8163","targetHints":{"allow":["GET"]}}],"collection":[{"href":"https:\/\/waterkeeperschesapeake.org\/es\/wp-json\/wp\/v2\/pages"}],"about":[{"href":"https:\/\/waterkeeperschesapeake.org\/es\/wp-json\/wp\/v2\/types\/page"}],"author":[{"embeddable":true,"href":"https:\/\/waterkeeperschesapeake.org\/es\/wp-json\/wp\/v2\/users\/3"}],"replies":[{"embeddable":true,"href":"https:\/\/waterkeeperschesapeake.org\/es\/wp-json\/wp\/v2\/comments?post=8163"}],"version-history":[{"count":0,"href":"https:\/\/waterkeeperschesapeake.org\/es\/wp-json\/wp\/v2\/pages\/8163\/revisions"}],"wp:attachment":[{"href":"https:\/\/waterkeeperschesapeake.org\/es\/wp-json\/wp\/v2\/media?parent=8163"}],"curies":[{"name":"gracias","href":"https:\/\/api.w.org\/{rel}","templated":true}]}}