{"id":7869,"date":"2023-04-14T12:43:01","date_gmt":"2023-04-14T16:43:01","guid":{"rendered":"https:\/\/waterkeeperschesapeake.org\/?page_id=7869"},"modified":"2023-10-03T13:48:14","modified_gmt":"2023-10-03T17:48:14","slug":"indefenseofwater2023","status":"publish","type":"page","link":"https:\/\/waterkeeperschesapeake.org\/es\/indefenseofwater2023\/","title":{"rendered":"En Defensa del Agua 2023"},"content":{"rendered":"<div class=\"wp-block-image\">\n<figure class=\"aligncenter size-full\"><img decoding=\"async\" width=\"782\" height=\"367\" data-src=\"https:\/\/waterkeeperschesapeake.org\/wp-content\/uploads\/2023\/06\/WKC-In-Defense-of-Water-2023-FB-Event-1.jpg\" alt=\"\" class=\"wp-image-12651 lazyload\" data-srcset=\"https:\/\/waterkeeperschesapeake.org\/wp-content\/uploads\/2023\/06\/WKC-In-Defense-of-Water-2023-FB-Event-1.jpg 782w, https:\/\/waterkeeperschesapeake.org\/wp-content\/uploads\/2023\/06\/WKC-In-Defense-of-Water-2023-FB-Event-1-300x141.jpg 300w, https:\/\/waterkeeperschesapeake.org\/wp-content\/uploads\/2023\/06\/WKC-In-Defense-of-Water-2023-FB-Event-1-768x360.jpg 768w, https:\/\/waterkeeperschesapeake.org\/wp-content\/uploads\/2023\/06\/WKC-In-Defense-of-Water-2023-FB-Event-1-18x8.jpg 18w\" data-sizes=\"(max-width: 782px) 100vw, 782px\" src=\"data:image\/svg+xml;base64,PHN2ZyB3aWR0aD0iMSIgaGVpZ2h0PSIxIiB4bWxucz0iaHR0cDovL3d3dy53My5vcmcvMjAwMC9zdmciPjwvc3ZnPg==\" style=\"--smush-placeholder-width: 782px; --smush-placeholder-aspect-ratio: 782\/367;\" \/><\/figure>\n<\/div>\n\n\n<p><\/p>\n\n\n\n<p>El jueves 28 de septiembre de 2023, Waterkeepers Chesapeake acogi\u00f3 nuestra <strong><em>S\u00e9ptimo Premio y Recepci\u00f3n Anual En Defensa del Agua<\/em><\/strong> En Patagonia Baltimore. Junto con muchos de ustedes, celebramos nuestros \u00e9xitos en materia de agua limpia y honramos a nuestros Waterkeeper y a los miembros de la comunidad por sus destacados logros en la promoci\u00f3n de la justicia h\u00eddrica y clim\u00e1tica. Para nuestro d\u00e9cimo aniversario, destacamos nuestros 10 a\u00f1os aprovechando el poder colectivo de nuestros Waterkeeper locales para proteger el agua limpia y a nuestras comunidades. Adem\u00e1s de los galardonados que se enumeran a continuaci\u00f3n, sorprendimos a Betsy Nicholas con un Premio a la Directora Ejecutiva Em\u00e9rita por su gesti\u00f3n de Waterkeepers Chesapeake durante sus primeros diez a\u00f1os. El administrador de la Regi\u00f3n 3 de EPA, Adam Ortiz, nos acompa\u00f1\u00f3 y habl\u00f3 sobre la importancia de las alianzas para nuestra labor en favor del agua limpia, especialmente con aliados inesperados.<\/p>\n\n\n<div class=\"gb-container gb-container-20933ccc\">\n\n<div class=\"wp-block-media-text alignwide has-media-on-the-right is-stacked-on-mobile is-vertically-aligned-center\" style=\"grid-template-columns:auto 36%\"><div class=\"wp-block-media-text__content\">\n<p>Est\u00e1bamos encantados de premiar a nuestro <strong>2023 Waterkeeper Victoria excepcional (WOW)<\/strong> <strong>Premio a <a href=\"https:\/\/lowersusquehannariverkeeper.org\" target=\"_blank\" rel=\"noreferrer noopener\">Lower Susquehanna Riverkeeper Ted Evgeniadis<\/a>.<\/strong> Como socio de Waterkeepers Chesapeake en un litigio conjunto sobre la renovaci\u00f3n de la licencia de Conowingo Dam, Ted ha sido un firme defensor de un agua m\u00e1s limpia, buscando una licencia federal justa que condujo a la hist\u00f3rica decisi\u00f3n del tribunal de apelaciones en diciembre de 2022, que anul\u00f3 la licencia de la presa de la Comisi\u00f3n Federal Reguladora de Energ\u00eda (FERC) y la devolvi\u00f3 a la FERC. Adem\u00e1s, Ted ha cosechado numerosas victorias en materia de agua limpia en casos de cenizas de carb\u00f3n, desbordamientos de aguas residuales y contaminaci\u00f3n por PFAS, adem\u00e1s de desempe\u00f1arse como Director Ejecutivo de la creciente Asociaci\u00f3n Lower Susquehanna Riverkeeper y miembro de la Junta Directiva de Waterkeepers Chesapeake durante los \u00faltimos 6 a\u00f1os.<\/p>\n\n\n\n<p>Tuvimos el honor de reconocer <strong>Richard Dolesh <\/strong>con nuestro <strong>Premio Guerrero del Agua 2023<\/strong>Nominado por Patuxent Riverkeeper Fred Tutman, Richard Dolesh ha realizado contribuciones significativas y duraderas a la protecci\u00f3n y restauraci\u00f3n de la cuenca del r\u00edo Patuxent y sus comunidades. Fred describe a Richard como \u00abun voluntario constante, conocido por casi todos en la comunidad conservacionista de Patuxent, pero tan modesto que su reconocimiento por sus contribuciones es algo que se debe desde hace tiempo\u00bb.&nbsp;<strong><a href=\"https:\/\/waterkeeperschesapeake.org\/wp-content\/uploads\/2023\/08\/IDW-2023-Awardee-Bios.pdf\" target=\"_blank\" rel=\"noreferrer noopener\">Lea m\u00e1s sobre Ted y Richard aqu\u00ed.<\/a><\/strong>  <a href=\"http:\/\/waterkeeperschesapeake.org\/wp-content\/uploads\/2023\/09\/WKC-IDW-2023-press-release-09142023.pdf\" target=\"_blank\" rel=\"noreferrer noopener\">Presione soltar.<\/a><\/p>\n<\/div><figure class=\"wp-block-media-text__media\"><img decoding=\"async\" width=\"1024\" height=\"1024\" data-src=\"https:\/\/waterkeeperschesapeake.org\/wp-content\/uploads\/2023\/09\/2023-IDW-awardees-1024x1024.png\" alt=\"\" class=\"wp-image-24439 size-full lazyload\" data-srcset=\"https:\/\/waterkeeperschesapeake.org\/wp-content\/uploads\/2023\/09\/2023-IDW-awardees-1024x1024.png 1024w, https:\/\/waterkeeperschesapeake.org\/wp-content\/uploads\/2023\/09\/2023-IDW-awardees-300x300.png 300w, https:\/\/waterkeeperschesapeake.org\/wp-content\/uploads\/2023\/09\/2023-IDW-awardees-150x150.png 150w, https:\/\/waterkeeperschesapeake.org\/wp-content\/uploads\/2023\/09\/2023-IDW-awardees-768x768.png 768w, https:\/\/waterkeeperschesapeake.org\/wp-content\/uploads\/2023\/09\/2023-IDW-awardees-12x12.png 12w, https:\/\/waterkeeperschesapeake.org\/wp-content\/uploads\/2023\/09\/2023-IDW-awardees.png 1080w\" data-sizes=\"(max-width: 1024px) 100vw, 1024px\" src=\"data:image\/svg+xml;base64,PHN2ZyB3aWR0aD0iMSIgaGVpZ2h0PSIxIiB4bWxucz0iaHR0cDovL3d3dy53My5vcmcvMjAwMC9zdmciPjwvc3ZnPg==\" style=\"--smush-placeholder-width: 1024px; --smush-placeholder-aspect-ratio: 1024\/1024;\" \/><\/figure><\/div>\n\n<\/div>\n\n\n<p>Nosotros agradecemos <strong><a href=\"https:\/\/www.patagonia.com\/stores\/md\/baltimore\/700-s-caroline-street\/store_baltimore.html\" target=\"_blank\" rel=\"noreferrer noopener\">patagonia baltimore<\/a><\/strong> Por la generosidad de organizar nuestro evento en su fabulosa nueva tienda en 700 S. Caroline Street y por ofrecernos la oportunidad de ganar productos incre\u00edbles de Patagonia. Agradecemos a Dogfish Head Craft Brewery, Tito&#039;s Vodka y Total Wine &amp; More por sus donaciones.<\/p>\n\n\n<div class=\"gb-container gb-container-d8f5fc1a\">\n\n<h2 class=\"wp-block-heading has-text-align-center has-large-font-size\"><em><strong>Gracias a nuestros patrocinadores<\/strong><\/em><\/h2>\n\n\n<div class=\"gb-grid-wrapper gb-grid-wrapper-76d70e41\">\n<div class=\"gb-grid-column gb-grid-column-ba6ae4b0\"><div class=\"gb-container gb-container-ba6ae4b0\">\n\n<h4 class=\"wp-block-heading\">CUIDADOR DE AGUA LIMPIA<\/h4>\n\n<\/div><\/div>\n\n<div class=\"gb-grid-column gb-grid-column-659ebb8e\"><div class=\"gb-container gb-container-659ebb8e\">\n<div class=\"wp-block-image\">\n<figure class=\"aligncenter size-large is-resized\"><a href=\"https:\/\/momsorganicmarket.com\" target=\"_blank\" rel=\"noreferrer noopener\"><img decoding=\"async\" data-src=\"http:\/\/waterkeeperschesapeake.org\/wp-content\/uploads\/2020\/12\/moms-organic-market-logo-1024x683.png\" alt=\"Mom's Organic Market\" class=\"wp-image-5747 lazyload\" style=\"--smush-placeholder-width: 1024px; --smush-placeholder-aspect-ratio: 1024\/683;height:120px\" height=\"120\" title=\"CI-Renewables-logo_blanco+letras2-02\" data-srcset=\"https:\/\/waterkeeperschesapeake.org\/wp-content\/uploads\/2020\/12\/moms-organic-market-logo-1024x683.png 1024w, https:\/\/waterkeeperschesapeake.org\/wp-content\/uploads\/2020\/12\/moms-organic-market-logo-300x200.png 300w, https:\/\/waterkeeperschesapeake.org\/wp-content\/uploads\/2020\/12\/moms-organic-market-logo-768x512.png 768w, https:\/\/waterkeeperschesapeake.org\/wp-content\/uploads\/2020\/12\/moms-organic-market-logo-272x182.png 272w, https:\/\/waterkeeperschesapeake.org\/wp-content\/uploads\/2020\/12\/moms-organic-market-logo.png 1225w\" data-sizes=\"(max-width: 1024px) 100vw, 1024px\" src=\"data:image\/svg+xml;base64,PHN2ZyB3aWR0aD0iMSIgaGVpZ2h0PSIxIiB4bWxucz0iaHR0cDovL3d3dy53My5vcmcvMjAwMC9zdmciPjwvc3ZnPg==\" \/><\/a><\/figure>\n<\/div>\n<\/div><\/div>\n\n<div class=\"gb-grid-column gb-grid-column-5d08ac63\"><div class=\"gb-container gb-container-5d08ac63\">\n\n<figure class=\"wp-block-image size-large is-resized\"><a href=\"https:\/\/www.choosecleanwater.org\" target=\"_blank\" rel=\"noreferrer noopener\"><img decoding=\"async\" data-src=\"http:\/\/waterkeeperschesapeake.org\/wp-content\/uploads\/2019\/06\/CCW_Logo_Spot_UNCOATED_horizontal-1024x255.png\" alt=\"Choose Clean Water Coalition\" class=\"wp-image-4388 lazyload\" style=\"--smush-placeholder-width: 1024px; --smush-placeholder-aspect-ratio: 1024\/255;width:260px\" width=\"260\" data-srcset=\"https:\/\/waterkeeperschesapeake.org\/wp-content\/uploads\/2019\/06\/CCW_Logo_Spot_UNCOATED_horizontal-1024x255.png 1024w, https:\/\/waterkeeperschesapeake.org\/wp-content\/uploads\/2019\/06\/CCW_Logo_Spot_UNCOATED_horizontal-300x75.png 300w, https:\/\/waterkeeperschesapeake.org\/wp-content\/uploads\/2019\/06\/CCW_Logo_Spot_UNCOATED_horizontal-768x191.png 768w, https:\/\/waterkeeperschesapeake.org\/wp-content\/uploads\/2019\/06\/CCW_Logo_Spot_UNCOATED_horizontal.png 1500w\" data-sizes=\"(max-width: 1024px) 100vw, 1024px\" src=\"data:image\/svg+xml;base64,PHN2ZyB3aWR0aD0iMSIgaGVpZ2h0PSIxIiB4bWxucz0iaHR0cDovL3d3dy53My5vcmcvMjAwMC9zdmciPjwvc3ZnPg==\" \/><\/a><\/figure>\n\n<\/div><\/div>\n\n<div class=\"gb-grid-column gb-grid-column-72c39c0c\"><div class=\"gb-container gb-container-72c39c0c\">\n<div class=\"wp-block-image\">\n<figure class=\"aligncenter size-large is-resized\"><a href=\"https:\/\/www.mdlcv.org\" target=\"_blank\" rel=\"noreferrer noopener\"><img decoding=\"async\" data-src=\"https:\/\/waterkeeperschesapeake.org\/wp-content\/uploads\/2023\/05\/MDLCV-EdFund_Logo_S_BlueOrange-2-1024x441.png\" alt=\"Maryland League of Conservation Voters\" class=\"wp-image-12537 lazyload\" style=\"--smush-placeholder-width: 1024px; --smush-placeholder-aspect-ratio: 1024\/441;height:90px\" height=\"90\" data-srcset=\"https:\/\/waterkeeperschesapeake.org\/wp-content\/uploads\/2023\/05\/MDLCV-EdFund_Logo_S_BlueOrange-2-1024x441.png 1024w, https:\/\/waterkeeperschesapeake.org\/wp-content\/uploads\/2023\/05\/MDLCV-EdFund_Logo_S_BlueOrange-2-300x129.png 300w, https:\/\/waterkeeperschesapeake.org\/wp-content\/uploads\/2023\/05\/MDLCV-EdFund_Logo_S_BlueOrange-2-768x330.png 768w, https:\/\/waterkeeperschesapeake.org\/wp-content\/uploads\/2023\/05\/MDLCV-EdFund_Logo_S_BlueOrange-2-18x8.png 18w, https:\/\/waterkeeperschesapeake.org\/wp-content\/uploads\/2023\/05\/MDLCV-EdFund_Logo_S_BlueOrange-2.png 1404w\" data-sizes=\"(max-width: 1024px) 100vw, 1024px\" src=\"data:image\/svg+xml;base64,PHN2ZyB3aWR0aD0iMSIgaGVpZ2h0PSIxIiB4bWxucz0iaHR0cDovL3d3dy53My5vcmcvMjAwMC9zdmciPjwvc3ZnPg==\" \/><\/a><\/figure>\n<\/div>\n<\/div><\/div>\n\n<div class=\"gb-grid-column gb-grid-column-2ddc24a2\"><div class=\"gb-container gb-container-2ddc24a2\">\n\n<figure class=\"wp-block-image size-large is-resized\"><img decoding=\"async\" data-src=\"https:\/\/waterkeeperschesapeake.org\/wp-content\/uploads\/2023\/09\/EIP-logo-1024x236.jpg\" alt=\"Environmental Integrity Project\" class=\"wp-image-32571 lazyload\" style=\"--smush-placeholder-width: 1024px; --smush-placeholder-aspect-ratio: 1024\/236;width:260px\" width=\"260\" data-srcset=\"https:\/\/waterkeeperschesapeake.org\/wp-content\/uploads\/2023\/09\/EIP-logo-1024x236.jpg 1024w, https:\/\/waterkeeperschesapeake.org\/wp-content\/uploads\/2023\/09\/EIP-logo-300x69.jpg 300w, https:\/\/waterkeeperschesapeake.org\/wp-content\/uploads\/2023\/09\/EIP-logo-768x177.jpg 768w, https:\/\/waterkeeperschesapeake.org\/wp-content\/uploads\/2023\/09\/EIP-logo-1536x355.jpg 1536w, https:\/\/waterkeeperschesapeake.org\/wp-content\/uploads\/2023\/09\/EIP-logo-2048x473.jpg 2048w, https:\/\/waterkeeperschesapeake.org\/wp-content\/uploads\/2023\/09\/EIP-logo-18x4.jpg 18w\" data-sizes=\"(max-width: 1024px) 100vw, 1024px\" src=\"data:image\/svg+xml;base64,PHN2ZyB3aWR0aD0iMSIgaGVpZ2h0PSIxIiB4bWxucz0iaHR0cDovL3d3dy53My5vcmcvMjAwMC9zdmciPjwvc3ZnPg==\" \/><\/figure>\n\n<\/div><\/div>\n\n<div class=\"gb-grid-column gb-grid-column-a1e0cdea\"><div class=\"gb-container gb-container-a1e0cdea\">\n\n<h3 class=\"wp-block-heading has-text-align-center has-accent-color has-text-color\"><strong>Robin y Mike Broder<\/strong><\/h3>\n\n<\/div><\/div>\n\n<div class=\"gb-grid-column gb-grid-column-4ab438c9\"><div class=\"gb-container gb-container-4ab438c9\">\n\n<h3 class=\"wp-block-heading has-text-align-center has-accent-color has-text-color\"><strong>Ed Hatcher y Angie Cannon<\/strong><\/h3>\n\n<\/div><\/div>\n\n<div class=\"gb-grid-column gb-grid-column-c2a56018\"><div class=\"gb-container gb-container-c2a56018\">\n\n<h3 class=\"wp-block-heading has-text-align-center has-accent-color has-text-color\"><strong>david hunke<\/strong><\/h3>\n\n<\/div><\/div>\n<\/div>\n\n<div class=\"gb-grid-wrapper gb-grid-wrapper-8c8edbd7\">\n<div class=\"gb-grid-column gb-grid-column-72bf8115\"><div class=\"gb-container gb-container-72bf8115\">\n\n<h4 class=\"wp-block-heading\">AMIGO DEL AGUA LIMPIA<\/h4>\n\n<\/div><\/div>\n\n<div class=\"gb-grid-column gb-grid-column-7e03dfdd\"><div class=\"gb-container gb-container-7e03dfdd\">\n<div class=\"wp-block-image\">\n<figure class=\"aligncenter size-thumbnail\"><a href=\"https:\/\/www.chesapeakeconservancy.org\" target=\"_blank\" rel=\"noreferrer noopener\"><img decoding=\"async\" width=\"150\" height=\"150\" data-src=\"https:\/\/waterkeeperschesapeake.org\/wp-content\/uploads\/2023\/08\/CC-new-logo-150x150.jpeg\" alt=\"\" class=\"wp-image-13341 lazyload\" data-srcset=\"https:\/\/waterkeeperschesapeake.org\/wp-content\/uploads\/2023\/08\/CC-new-logo-150x150.jpeg 150w, https:\/\/waterkeeperschesapeake.org\/wp-content\/uploads\/2023\/08\/CC-new-logo-300x300.jpeg 300w, https:\/\/waterkeeperschesapeake.org\/wp-content\/uploads\/2023\/08\/CC-new-logo-1024x1024.jpeg 1024w, https:\/\/waterkeeperschesapeake.org\/wp-content\/uploads\/2023\/08\/CC-new-logo-768x768.jpeg 768w, https:\/\/waterkeeperschesapeake.org\/wp-content\/uploads\/2023\/08\/CC-new-logo-1536x1536.jpeg 1536w, https:\/\/waterkeeperschesapeake.org\/wp-content\/uploads\/2023\/08\/CC-new-logo-12x12.jpeg 12w, https:\/\/waterkeeperschesapeake.org\/wp-content\/uploads\/2023\/08\/CC-new-logo.jpeg 2048w\" data-sizes=\"(max-width: 150px) 100vw, 150px\" src=\"data:image\/svg+xml;base64,PHN2ZyB3aWR0aD0iMSIgaGVpZ2h0PSIxIiB4bWxucz0iaHR0cDovL3d3dy53My5vcmcvMjAwMC9zdmciPjwvc3ZnPg==\" style=\"--smush-placeholder-width: 150px; --smush-placeholder-aspect-ratio: 150\/150;\" \/><\/a><\/figure>\n<\/div>\n<\/div><\/div>\n\n<div class=\"gb-grid-column gb-grid-column-dfeb6eab\"><div class=\"gb-container gb-container-dfeb6eab\">\n<div class=\"wp-block-image\">\n<figure class=\"aligncenter size-large is-resized\"><img decoding=\"async\" data-src=\"http:\/\/waterkeeperschesapeake.org\/wp-content\/uploads\/2023\/09\/HighStreetLogo.fullcolor_1024x1024_300dpi-2-1024x397.jpg\" alt=\"High Street Strategies\" class=\"wp-image-32673 lazyload\" style=\"--smush-placeholder-width: 1024px; --smush-placeholder-aspect-ratio: 1024\/397;width:210px\" width=\"210\" data-srcset=\"https:\/\/waterkeeperschesapeake.org\/wp-content\/uploads\/2023\/09\/HighStreetLogo.fullcolor_1024x1024_300dpi-2-1024x397.jpg 1024w, https:\/\/waterkeeperschesapeake.org\/wp-content\/uploads\/2023\/09\/HighStreetLogo.fullcolor_1024x1024_300dpi-2-300x116.jpg 300w, https:\/\/waterkeeperschesapeake.org\/wp-content\/uploads\/2023\/09\/HighStreetLogo.fullcolor_1024x1024_300dpi-2-768x298.jpg 768w, https:\/\/waterkeeperschesapeake.org\/wp-content\/uploads\/2023\/09\/HighStreetLogo.fullcolor_1024x1024_300dpi-2-1536x596.jpg 1536w, https:\/\/waterkeeperschesapeake.org\/wp-content\/uploads\/2023\/09\/HighStreetLogo.fullcolor_1024x1024_300dpi-2-2048x794.jpg 2048w, https:\/\/waterkeeperschesapeake.org\/wp-content\/uploads\/2023\/09\/HighStreetLogo.fullcolor_1024x1024_300dpi-2-18x7.jpg 18w\" data-sizes=\"(max-width: 1024px) 100vw, 1024px\" src=\"data:image\/svg+xml;base64,PHN2ZyB3aWR0aD0iMSIgaGVpZ2h0PSIxIiB4bWxucz0iaHR0cDovL3d3dy53My5vcmcvMjAwMC9zdmciPjwvc3ZnPg==\" \/><\/figure>\n<\/div>\n<\/div><\/div>\n\n<div class=\"gb-grid-column gb-grid-column-3f77bf7b\"><div class=\"gb-container gb-container-3f77bf7b\">\n\n<h3 class=\"wp-block-heading has-text-align-center has-accent-color has-text-color\"><strong>emily franco<\/strong><\/h3>\n\n<\/div><\/div>\n\n<div class=\"gb-grid-column gb-grid-column-8717d63b\"><div class=\"gb-container gb-container-8717d63b\">\n\n<h3 class=\"wp-block-heading has-text-align-center has-accent-color has-text-color\"><strong>Colina de Tim<\/strong><\/h3>\n\n<\/div><\/div>\n<\/div>\n<\/div>\n\n\n<p><\/p>\n\n\n\n<h6 class=\"wp-block-heading\">*La asistencia y los comentarios del Sr. Ortiz en este evento tienen como objetivo presentar informaci\u00f3n en nombre de EPA y no respaldar ni alentar contribuciones a Chesapeake Waterkeeper ni a ning\u00fan otro grupo.<\/h6>","protected":false},"excerpt":{"rendered":"<p>El jueves 28 de septiembre de 2023, Waterkeepers Chesapeake celebr\u00f3 su 7.\u00aa edici\u00f3n anual de los Premios En Defensa del Agua y su recepci\u00f3n en Patagonia Baltimore. Junto con muchos de ustedes, celebramos nuestros logros en materia de agua limpia y honramos a nuestros Waterkeeper y a los miembros de la comunidad por sus destacados logros en la promoci\u00f3n de la justicia h\u00eddrica y clim\u00e1tica. Para nuestro d\u00e9cimo aniversario, destacamos nuestra... <a title=\"En Defensa del Agua 2023\" class=\"read-more\" href=\"https:\/\/waterkeeperschesapeake.org\/es\/indefenseofwater2023\/\" aria-label=\"Leer m\u00e1s sobre En Defensa del Agua 2023\">Lee mas<\/a><\/p>","protected":false},"author":16,"featured_media":0,"parent":0,"menu_order":0,"comment_status":"closed","ping_status":"closed","template":"","meta":{"_monsterinsights_skip_tracking":false,"_monsterinsights_sitenote_active":false,"_monsterinsights_sitenote_note":"","_monsterinsights_sitenote_category":0,"footnotes":""},"class_list":["post-7869","page","type-page","status-publish"],"_links":{"self":[{"href":"https:\/\/waterkeeperschesapeake.org\/es\/wp-json\/wp\/v2\/pages\/7869","targetHints":{"allow":["GET"]}}],"collection":[{"href":"https:\/\/waterkeeperschesapeake.org\/es\/wp-json\/wp\/v2\/pages"}],"about":[{"href":"https:\/\/waterkeeperschesapeake.org\/es\/wp-json\/wp\/v2\/types\/page"}],"author":[{"embeddable":true,"href":"https:\/\/waterkeeperschesapeake.org\/es\/wp-json\/wp\/v2\/users\/16"}],"replies":[{"embeddable":true,"href":"https:\/\/waterkeeperschesapeake.org\/es\/wp-json\/wp\/v2\/comments?post=7869"}],"version-history":[{"count":0,"href":"https:\/\/waterkeeperschesapeake.org\/es\/wp-json\/wp\/v2\/pages\/7869\/revisions"}],"wp:attachment":[{"href":"https:\/\/waterkeeperschesapeake.org\/es\/wp-json\/wp\/v2\/media?parent=7869"}],"curies":[{"name":"gracias","href":"https:\/\/api.w.org\/{rel}","templated":true}]}}