{"id":6853,"date":"2021-12-13T12:06:32","date_gmt":"2021-12-13T17:06:32","guid":{"rendered":"https:\/\/waterkeeperschesapeake.org\/?p=6853"},"modified":"2023-12-08T13:23:08","modified_gmt":"2023-12-08T18:23:08","slug":"support-clean-water-for-all","status":"publish","type":"page","link":"https:\/\/waterkeeperschesapeake.org\/es\/support-clean-water-for-all\/","title":{"rendered":"Apoye Agua Limpia para Todos"},"content":{"rendered":"<div id=\"CnP_inlineform\"><\/div>\n<p><script class=\"CnP_formloader\"  src=\"https:\/\/resources.connect.clickandpledge.com\/Library\/iframe-1.0.0.min.js?638376348851367488\" data-guid=\"fd26bdbb-ac2d-4adc-a6d9-71ea2e1316bd\" data-title=\"Support Clean Water for All\"><\/script><\/p>\n<div><\/div>\n<p style=\"text-align: center;\">\u00a1Haga una donaci\u00f3n a Waterkeepers Chesapeake hoy!<\/p>\n<p style=\"text-align: center;\">Waterkeepers Chesapeake es una organizaci\u00f3n sin fines de lucro 501(c)3, identificaci\u00f3n fiscal 45-4381850. Todas las donaciones son deducibles de impuestos. Su donaci\u00f3n beneficiar\u00e1 directamente a nuestro <a href=\"https:\/\/waterkeeperschesapeake.org\/es\/our-waterkeeper-members\/\" target=\"_blank\" rel=\"noopener noreferrer\">Waterkeepers<\/a> y apoyar sus esfuerzos para restaurar y proteger las v\u00edas fluviales de nuestra zona. Para obtener m\u00e1s informaci\u00f3n sobre los programas que apoyar\u00e1, visite los sitios web de cada uno de nuestros Waterkeeper y lea sobre la crucial labor que realizan a diario.<\/p>","protected":false},"excerpt":{"rendered":"<p>\u00a1Dona a Waterkeepers Chesapeake hoy mismo! Waterkeepers Chesapeake es una organizaci\u00f3n sin fines de lucro 501(c)3, con n\u00famero de identificaci\u00f3n fiscal 45-4381850. Todas las donaciones son deducibles de impuestos. Tu donaci\u00f3n beneficiar\u00e1 directamente a nuestros Waterkeeper y apoyar\u00e1 sus esfuerzos para restaurar y proteger las v\u00edas fluviales de nuestra zona. Para obtener m\u00e1s informaci\u00f3n sobre los programas que apoyar\u00e1s, consulta los datos de cada Waterkeeper... <a title=\"Apoye Agua Limpia para Todos\" class=\"read-more\" href=\"https:\/\/waterkeeperschesapeake.org\/es\/support-clean-water-for-all\/\" aria-label=\"Leer m\u00e1s sobre Apoye el agua limpia para todos\">Lee mas<\/a><\/p>","protected":false},"author":3,"featured_media":0,"parent":0,"menu_order":0,"comment_status":"closed","ping_status":"closed","template":"","meta":{"_monsterinsights_skip_tracking":false,"_monsterinsights_sitenote_active":false,"_monsterinsights_sitenote_note":"","_monsterinsights_sitenote_category":0,"footnotes":""},"class_list":["post-6853","page","type-page","status-publish"],"_links":{"self":[{"href":"https:\/\/waterkeeperschesapeake.org\/es\/wp-json\/wp\/v2\/pages\/6853","targetHints":{"allow":["GET"]}}],"collection":[{"href":"https:\/\/waterkeeperschesapeake.org\/es\/wp-json\/wp\/v2\/pages"}],"about":[{"href":"https:\/\/waterkeeperschesapeake.org\/es\/wp-json\/wp\/v2\/types\/page"}],"author":[{"embeddable":true,"href":"https:\/\/waterkeeperschesapeake.org\/es\/wp-json\/wp\/v2\/users\/3"}],"replies":[{"embeddable":true,"href":"https:\/\/waterkeeperschesapeake.org\/es\/wp-json\/wp\/v2\/comments?post=6853"}],"version-history":[{"count":0,"href":"https:\/\/waterkeeperschesapeake.org\/es\/wp-json\/wp\/v2\/pages\/6853\/revisions"}],"wp:attachment":[{"href":"https:\/\/waterkeeperschesapeake.org\/es\/wp-json\/wp\/v2\/media?parent=6853"}],"curies":[{"name":"gracias","href":"https:\/\/api.w.org\/{rel}","templated":true}]}}