{"id":5922,"date":"2021-03-08T13:56:09","date_gmt":"2021-03-08T18:56:09","guid":{"rendered":"https:\/\/waterkeeperschesapeake.org\/?page_id=5922"},"modified":"2021-07-21T11:46:53","modified_gmt":"2021-07-21T15:46:53","slug":"videos-podcasts","status":"publish","type":"page","link":"https:\/\/waterkeeperschesapeake.org\/es\/videos-podcasts\/","title":{"rendered":"V\u00eddeos y podcasts"},"content":{"rendered":"<h3>Disfrute de estos videos y podcasts con nuestro personal y programas. Visitar <a href=\"https:\/\/www.youtube.com\/channel\/UCRWgbCQjl8ywVOpOdI0vw6A\" target=\"_blank\" rel=\"noopener\">nuestro canal de youtube<\/a> para mas videos!<\/h3>\n<p><iframe title=\"reproductor de videos de youtube\" data-src=\"https:\/\/www.youtube.com\/embed\/1zv00lZc2Mo\" width=\"560\" height=\"315\" frameborder=\"0\" allowfullscreen=\"allowfullscreen\" src=\"data:image\/svg+xml;base64,PHN2ZyB3aWR0aD0iMSIgaGVpZ2h0PSIxIiB4bWxucz0iaHR0cDovL3d3dy53My5vcmcvMjAwMC9zdmciPjwvc3ZnPg==\" class=\"lazyload\" data-load-mode=\"1\"><\/iframe><\/p>\n<figure id=\"attachment_5923\" aria-describedby=\"caption-attachment-5923\" style=\"width: 390px\" class=\"wp-caption alignleft\"><a href=\"https:\/\/vimeo.com\/517388893#t=830s\" target=\"_blank\" rel=\"noopener\"><img decoding=\"async\" class=\"wp-image-5923 lazyload\" data-src=\"https:\/\/waterkeeperschesapeake.org\/wp-content\/uploads\/2021\/03\/Morgan-on-Chavis-Chronicles-300x180.jpg\" alt=\"\" width=\"400\" height=\"240\" data-srcset=\"https:\/\/waterkeeperschesapeake.org\/wp-content\/uploads\/2021\/03\/Morgan-on-Chavis-Chronicles-300x180.jpg 300w, https:\/\/waterkeeperschesapeake.org\/wp-content\/uploads\/2021\/03\/Morgan-on-Chavis-Chronicles-768x461.jpg 768w, https:\/\/waterkeeperschesapeake.org\/wp-content\/uploads\/2021\/03\/Morgan-on-Chavis-Chronicles.jpg 804w\" data-sizes=\"(max-width: 400px) 100vw, 400px\" src=\"data:image\/svg+xml;base64,PHN2ZyB3aWR0aD0iMSIgaGVpZ2h0PSIxIiB4bWxucz0iaHR0cDovL3d3dy53My5vcmcvMjAwMC9zdmciPjwvc3ZnPg==\" style=\"--smush-placeholder-width: 400px; --smush-placeholder-aspect-ratio: 400\/240;\" \/><\/a><figcaption id=\"caption-attachment-5923\" class=\"wp-caption-text\">Morgan Johnson, abogado de WKC, entrevistado en The Chavis Chronicles, febrero de 2021<\/figcaption><\/figure>\n<p>&nbsp;<\/p>\n<p>&nbsp;<\/p>\n<p>&nbsp;<\/p>\n<p>&nbsp;<\/p>\n<p>&nbsp;<\/p>\n<p><iframe data-src=\"https:\/\/www.youtube.com\/embed\/OTuktv-OFi0\" width=\"560\" height=\"315\" frameborder=\"0\" allowfullscreen=\"allowfullscreen\" src=\"data:image\/svg+xml;base64,PHN2ZyB3aWR0aD0iMSIgaGVpZ2h0PSIxIiB4bWxucz0iaHR0cDovL3d3dy53My5vcmcvMjAwMC9zdmciPjwvc3ZnPg==\" class=\"lazyload\" data-load-mode=\"1\"><\/iframe><\/p>\n<p><em>Fair Farms se asoci\u00f3 con el proyecto \u201cLa pr\u00f3xima generaci\u00f3n\u201d de Click &amp; Pledge Foundation para<br \/>\nproducir \u201cEl futuro de los alimentos\u201d. La directora de campa\u00f1a de Fair Farms, Shelby Kalm, visita a algunos<br \/>\nSocios de Fair Farms que est\u00e1n ayudando a crear un sistema alimentario que nutre el medio ambiente<br \/>\ny alimenta de manera sostenible a sus comunidades para las generaciones venideras. Ver v\u00eddeo a continuaci\u00f3n:<\/em><\/p>\n<p><iframe data-src=\"https:\/\/www.youtube.com\/embed\/PT2vyF6m54U?start=2\" width=\"560\" height=\"315\" frameborder=\"0\" allowfullscreen=\"allowfullscreen\" src=\"data:image\/svg+xml;base64,PHN2ZyB3aWR0aD0iMSIgaGVpZ2h0PSIxIiB4bWxucz0iaHR0cDovL3d3dy53My5vcmcvMjAwMC9zdmciPjwvc3ZnPg==\" class=\"lazyload\" data-load-mode=\"1\"><\/iframe><\/p>\n<p><iframe title=\"reproductor de videos de youtube\" data-src=\"https:\/\/www.youtube.com\/embed\/Ks_ZytiaWu0\" width=\"560\" height=\"315\" frameborder=\"0\" allowfullscreen=\"allowfullscreen\" src=\"data:image\/svg+xml;base64,PHN2ZyB3aWR0aD0iMSIgaGVpZ2h0PSIxIiB4bWxucz0iaHR0cDovL3d3dy53My5vcmcvMjAwMC9zdmciPjwvc3ZnPg==\" class=\"lazyload\" data-load-mode=\"1\"><\/iframe><\/p>","protected":false},"excerpt":{"rendered":"<p>Disfrute de estos videos y podcasts sobre nuestro personal y nuestros programas. \u00a1Visite nuestro canal de YouTube para ver m\u00e1s videos! Fair Farms se asoci\u00f3 con el proyecto &quot;La Pr\u00f3xima Generaci\u00f3n&quot; de la Fundaci\u00f3n Click &amp; Pledge para producir &quot;El Futuro de los Alimentos&quot;. Shelby Kalm, gerente de campa\u00f1a de Fair Farms, visita a algunos socios de Fair Farms que est\u00e1n... <a title=\"V\u00eddeos y podcasts\" class=\"read-more\" href=\"https:\/\/waterkeeperschesapeake.org\/es\/videos-podcasts\/\" aria-label=\"Leer m\u00e1s sobre V\u00eddeos y Podcasts\">Lee mas<\/a><\/p>","protected":false},"author":3,"featured_media":0,"parent":0,"menu_order":0,"comment_status":"closed","ping_status":"closed","template":"","meta":{"_monsterinsights_skip_tracking":false,"_monsterinsights_sitenote_active":false,"_monsterinsights_sitenote_note":"","_monsterinsights_sitenote_category":0,"footnotes":""},"class_list":["post-5922","page","type-page","status-publish"],"_links":{"self":[{"href":"https:\/\/waterkeeperschesapeake.org\/es\/wp-json\/wp\/v2\/pages\/5922","targetHints":{"allow":["GET"]}}],"collection":[{"href":"https:\/\/waterkeeperschesapeake.org\/es\/wp-json\/wp\/v2\/pages"}],"about":[{"href":"https:\/\/waterkeeperschesapeake.org\/es\/wp-json\/wp\/v2\/types\/page"}],"author":[{"embeddable":true,"href":"https:\/\/waterkeeperschesapeake.org\/es\/wp-json\/wp\/v2\/users\/3"}],"replies":[{"embeddable":true,"href":"https:\/\/waterkeeperschesapeake.org\/es\/wp-json\/wp\/v2\/comments?post=5922"}],"version-history":[{"count":0,"href":"https:\/\/waterkeeperschesapeake.org\/es\/wp-json\/wp\/v2\/pages\/5922\/revisions"}],"wp:attachment":[{"href":"https:\/\/waterkeeperschesapeake.org\/es\/wp-json\/wp\/v2\/media?parent=5922"}],"curies":[{"name":"gracias","href":"https:\/\/api.w.org\/{rel}","templated":true}]}}