{"id":5898,"date":"2021-02-24T15:44:25","date_gmt":"2021-02-24T20:44:25","guid":{"rendered":"https:\/\/waterkeeperschesapeake.org\/?page_id=5898"},"modified":"2025-03-18T17:00:45","modified_gmt":"2025-03-18T21:00:45","slug":"store","status":"publish","type":"page","link":"https:\/\/waterkeeperschesapeake.org\/es\/store\/","title":{"rendered":"Tienda"},"content":{"rendered":"<p>\u00a1Vea nuestras asociaciones divertidas y las cosas geniales que puede comprar que beneficiar\u00e1n nuestro trabajo protegiendo sus r\u00edos y arroyos locales!<\/p>\n<p><a href=\"https:\/\/waterkeeperschesapeake.org\/wp-content\/uploads\/2021\/02\/Amabile-red-bracelet.png\"><img decoding=\"async\" class=\"wp-image-5909 alignleft lazyload\" data-src=\"https:\/\/waterkeeperschesapeake.org\/wp-content\/uploads\/2021\/02\/Amabile-red-bracelet-285x300.png\" alt=\"\" width=\"181\" height=\"190\" data-srcset=\"https:\/\/waterkeeperschesapeake.org\/wp-content\/uploads\/2021\/02\/Amabile-red-bracelet-285x300.png 285w, https:\/\/waterkeeperschesapeake.org\/wp-content\/uploads\/2021\/02\/Amabile-red-bracelet-768x808.png 768w, https:\/\/waterkeeperschesapeake.org\/wp-content\/uploads\/2021\/02\/Amabile-red-bracelet.png 804w\" data-sizes=\"(max-width: 181px) 100vw, 181px\" src=\"data:image\/svg+xml;base64,PHN2ZyB3aWR0aD0iMSIgaGVpZ2h0PSIxIiB4bWxucz0iaHR0cDovL3d3dy53My5vcmcvMjAwMC9zdmciPjwvc3ZnPg==\" style=\"--smush-placeholder-width: 181px; --smush-placeholder-aspect-ratio: 181\/190;\" \/><\/a>Adri\u00e1n y Katie de <strong><a href=\"https:\/\/www.amabiledesigns.com\" target=\"_blank\" rel=\"noopener\">Dise\u00f1os Amables<\/a> <\/strong>Usan sus donaciones de dise\u00f1o para apoyar a grupos de Waterkeeper y marcar la diferencia en nuestras aguas y en nuestras familias. Con cada compra, una parte de sus ganancias se destina al socio protector del agua que usted elija, incluyendo Waterkeepers Chesapeake, para que todos disfrutemos de agua m\u00e1s limpia y saludable.<\/p>\n<p dir=\"ltr\">Use este c\u00f3digo CHESAPEAKE para obtener 15% de descuento en su compra y Waterkeepers Chesapeake recibir\u00e1 10% de la venta en lugar de 1%. El c\u00f3digo es por pedido, usos ilimitados y nunca caduca. <a href=\"https:\/\/www.amabiledesigns.com\" target=\"_blank\" rel=\"noopener\"><strong>\u00a1COMPRA HOY!<\/strong><\/a><\/p>\n<p dir=\"ltr\">\n<hr \/>\n<p><strong><a href=\"https:\/\/www.hybank.co\/\" target=\"_blank\" rel=\"noopener\">Compa\u00f1\u00eda de suministro del r\u00edo Hybank<\/a> <\/strong>Ha creado una serie de impresiones de edici\u00f3n limitada que presentan lugares emblem\u00e1ticos de la bah\u00eda, inspirados en los carteles de viajes de los a\u00f1os 60 y 70. \u00a1Al comprar uno de estos hermosos carteles, Hybank nos donar\u00e1 $2! <a href=\"https:\/\/www.hybank.co\/\" target=\"_blank\" rel=\"noopener\">\u00a1Compra hoy!<\/a><a href=\"https:\/\/www.hybank.co\" target=\"_blank\" rel=\"noopener\"><img decoding=\"async\" class=\"aligncenter wp-image-44156 size-full lazyload\" data-src=\"https:\/\/waterkeeperschesapeake.org\/wp-content\/uploads\/2025\/03\/Hybank-posters.png\" alt=\"\" width=\"580\" height=\"151\" data-srcset=\"https:\/\/waterkeeperschesapeake.org\/wp-content\/uploads\/2025\/03\/Hybank-posters.png 580w, https:\/\/waterkeeperschesapeake.org\/wp-content\/uploads\/2025\/03\/Hybank-posters-300x78.png 300w, https:\/\/waterkeeperschesapeake.org\/wp-content\/uploads\/2025\/03\/Hybank-posters-18x5.png 18w\" data-sizes=\"(max-width: 580px) 100vw, 580px\" src=\"data:image\/svg+xml;base64,PHN2ZyB3aWR0aD0iMSIgaGVpZ2h0PSIxIiB4bWxucz0iaHR0cDovL3d3dy53My5vcmcvMjAwMC9zdmciPjwvc3ZnPg==\" style=\"--smush-placeholder-width: 580px; --smush-placeholder-aspect-ratio: 580\/151;\" \/><\/a><\/p>","protected":false},"excerpt":{"rendered":"<p>\u00a1Descubre nuestras divertidas colaboraciones y los fant\u00e1sticos art\u00edculos que puedes comprar para ayudarnos a proteger tus r\u00edos y arroyos locales! Adrian y Katie, de Amabile Designs, est\u00e1n usando sus donaciones de dise\u00f1o para apoyar a grupos Waterkeeper y marcar la diferencia en nuestras aguas y en nuestras familias. Con cada compra, una parte de su... <a title=\"Tienda\" class=\"read-more\" href=\"https:\/\/waterkeeperschesapeake.org\/es\/store\/\" aria-label=\"Leer m\u00e1s sobre Tienda\">Lee mas<\/a><\/p>","protected":false},"author":3,"featured_media":0,"parent":0,"menu_order":0,"comment_status":"closed","ping_status":"closed","template":"","meta":{"_monsterinsights_skip_tracking":false,"_monsterinsights_sitenote_active":false,"_monsterinsights_sitenote_note":"","_monsterinsights_sitenote_category":0,"footnotes":""},"class_list":["post-5898","page","type-page","status-publish"],"_links":{"self":[{"href":"https:\/\/waterkeeperschesapeake.org\/es\/wp-json\/wp\/v2\/pages\/5898","targetHints":{"allow":["GET"]}}],"collection":[{"href":"https:\/\/waterkeeperschesapeake.org\/es\/wp-json\/wp\/v2\/pages"}],"about":[{"href":"https:\/\/waterkeeperschesapeake.org\/es\/wp-json\/wp\/v2\/types\/page"}],"author":[{"embeddable":true,"href":"https:\/\/waterkeeperschesapeake.org\/es\/wp-json\/wp\/v2\/users\/3"}],"replies":[{"embeddable":true,"href":"https:\/\/waterkeeperschesapeake.org\/es\/wp-json\/wp\/v2\/comments?post=5898"}],"version-history":[{"count":0,"href":"https:\/\/waterkeeperschesapeake.org\/es\/wp-json\/wp\/v2\/pages\/5898\/revisions"}],"wp:attachment":[{"href":"https:\/\/waterkeeperschesapeake.org\/es\/wp-json\/wp\/v2\/media?parent=5898"}],"curies":[{"name":"gracias","href":"https:\/\/api.w.org\/{rel}","templated":true}]}}