{"id":5779,"date":"2021-01-17T16:26:43","date_gmt":"2021-01-17T21:26:43","guid":{"rendered":"https:\/\/waterkeeperschesapeake.org\/?post_type=projects&#038;p=5779"},"modified":"2026-01-20T16:34:15","modified_gmt":"2026-01-20T21:34:15","slug":"toxic-plastic-pollution","status":"publish","type":"page","link":"https:\/\/waterkeeperschesapeake.org\/es\/toxic-plastic-pollution\/","title":{"rendered":"Contaminaci\u00f3n t\u00f3xica y pl\u00e1stica"},"content":{"rendered":"<h2>Plastic Pollution Crisis<\/h2>\n<p>We have a global plastic pollution crisis. Plastic threatens human health at every stage of its production pipeline &#8212; from extraction of oil and gas to its manufacturing, use and disposal. About 8.3 billion metric tons of plastic have been produced since the 1950s, half of which was produced in the last 15 years. Unfortunately, 91% of plastics are not recycled. Instead, they are incinerated or end up in landfills or the environment.<\/p>\n<p><img decoding=\"async\" class=\"alignright wp-image-4993 lazyload\" data-src=\"https:\/\/waterkeeperschesapeake.org\/wp-content\/uploads\/2020\/04\/trash-300x199.jpg\" alt=\"\" width=\"375\" height=\"249\" data-srcset=\"https:\/\/waterkeeperschesapeake.org\/wp-content\/uploads\/2020\/04\/trash-300x199.jpg 300w, https:\/\/waterkeeperschesapeake.org\/wp-content\/uploads\/2020\/04\/trash-272x182.jpg 272w, https:\/\/waterkeeperschesapeake.org\/wp-content\/uploads\/2020\/04\/trash.jpg 474w\" data-sizes=\"(max-width: 375px) 100vw, 375px\" src=\"data:image\/svg+xml;base64,PHN2ZyB3aWR0aD0iMSIgaGVpZ2h0PSIxIiB4bWxucz0iaHR0cDovL3d3dy53My5vcmcvMjAwMC9zdmciPjwvc3ZnPg==\" style=\"--smush-placeholder-width: 375px; --smush-placeholder-aspect-ratio: 375\/249;\" \/>Plastic is the top litter found in our local waterways. How does it get there? When it rains, trash is washed from our streets and neighborhoods \u00a0&#8212; mostly plastic &#8212; and into our local streams and rivers, or it is\u00a0washed into storm drains and carried to our streams and rivers. Then it travels to the Chesapeake Bay and the Atlantic Ocean.<\/p>\n<p>Large pieces of plastic (bottles, bags, etc) break down into smaller pieces call microplastics. Microplastics are loosely defined as plastic particles ranging from a microscopic 1 nanometer to 5 millimeters\u2014about the length of a short grain of rice. A study in 2019 found microplastic in the\u00a0stomachs of 89 smallmouth bass sampled from the mainstem of the Susquehanna River.\u00a0A 2017 study in the Potomac River around Washington, DC, found microplastics accumulating in underwater grasses. In 2014, they were found in 59 of 60 water samples taken from the Patapsco, Magothy, Rhode and Corsica rivers. From 2017\u201318, the U.S. Geological Survey found microplastics in two streams in Virginia, two in DC and the Susquehanna River.<\/p>\n<p>In June 2020, the Chesapeake Bay Program launched a <a href=\"https:\/\/www.chesapeakebay.net\/who\/group\/plastic_pollution_action_team\" target=\"_blank\" rel=\"noopener\">Plastic Pollution Action Team<\/a>, which is working on establishing a full ecological risk assessment of microplastics in the Bay watershed. A 2024 study detected microplastic particles in each sample of Potomac River water, regardless of land use.<\/p>\n<h2>Toxic PFAS Crisis<\/h2>\n<p>Closely associated with plastic pollution, is the urgent public health threat from <a href=\"https:\/\/www.ewg.org\/areas-focus\/toxic-chemicals\/pfas-chemicals\" target=\"_blank\" rel=\"noopener\">PFAS, the &#8220;forever chemical.&#8221;<\/a><span style=\"font-weight: 400;\">\u00a0At the forefront of toxics polluting our waterways are <\/span><a href=\"https:\/\/waterkeeperschesapeake.org\/analysis-by-waterkeepers-shows-shocking-level-of-pfas-contamination-in-local-rivers-streams\/\" target=\"_blank\" rel=\"noopener\"><span style=\"font-weight: 400;\">PFAS, largely due to its prominence<\/span><\/a><span style=\"font-weight: 400;\"> throughout our environment and its lasting effects exacerbated by lack of regulation.\u00a0<\/span><\/p>\n<p><span style=\"font-weight: 400;\"><a href=\"https:\/\/www.ewg.org\/areas-focus\/toxic-chemicals\/pfas-chemicals\" target=\"_blank\" rel=\"noopener\"><img decoding=\"async\" class=\"alignright wp-image-26927 lazyload\" data-src=\"https:\/\/waterkeeperschesapeake.org\/wp-content\/uploads\/2023\/09\/pfas-drinking-water-sources-300x240.jpg\" alt=\"\" width=\"379\" height=\"303\" data-srcset=\"https:\/\/waterkeeperschesapeake.org\/wp-content\/uploads\/2023\/09\/pfas-drinking-water-sources-300x240.jpg 300w, https:\/\/waterkeeperschesapeake.org\/wp-content\/uploads\/2023\/09\/pfas-drinking-water-sources-1024x819.jpg 1024w, https:\/\/waterkeeperschesapeake.org\/wp-content\/uploads\/2023\/09\/pfas-drinking-water-sources-768x614.jpg 768w, https:\/\/waterkeeperschesapeake.org\/wp-content\/uploads\/2023\/09\/pfas-drinking-water-sources-1536x1229.jpg 1536w, https:\/\/waterkeeperschesapeake.org\/wp-content\/uploads\/2023\/09\/pfas-drinking-water-sources-2048x1639.jpg 2048w, https:\/\/waterkeeperschesapeake.org\/wp-content\/uploads\/2023\/09\/pfas-drinking-water-sources-15x12.jpg 15w\" data-sizes=\"(max-width: 379px) 100vw, 379px\" src=\"data:image\/svg+xml;base64,PHN2ZyB3aWR0aD0iMSIgaGVpZ2h0PSIxIiB4bWxucz0iaHR0cDovL3d3dy53My5vcmcvMjAwMC9zdmciPjwvc3ZnPg==\" style=\"--smush-placeholder-width: 379px; --smush-placeholder-aspect-ratio: 379\/303;\" \/><\/a>Since at least the 1950s, PFAS compounds have been widely used in manufacturing and are found in many consumer, commercial, and industrial products. These multiple PFAS compounds are often referred to as \u201cforever chemicals\u201d because they do not break down over time. Instead, these dangerous chemicals accumulate in people, wildlife, and the environment. As a result, PFAS have been found in surface water, air, soil, food, and many commercial materials. Scientific studies increasingly link these toxic chemicals to serious health conditions such as cancer, liver and kidney disease, reproductive issues, immunodeficiencies, and hormonal disruptions.<\/span><\/p>\n<div class=\"su-button-center\"><a href=\"https:\/\/waterkeeperschesapeake.org\/tag\/pfas-fact-sheet\/\" class=\"su-button su-button-style-flat headerbutton\" style=\"color:#1D5A7F;background-color:#ebe7e7;border-color:#bcb9b9;border-radius:20px\" target=\"_blank\" rel=\"noopener noreferrer\"><span style=\"color:#1D5A7F;padding:0px 46px;font-size:33px;line-height:66px;border-color:#f1efef;border-radius:20px;text-shadow:0px 0px 0px #000000\"> PFAS FACT SHEETS<\/span><\/a><\/div>\n<p>&nbsp;<\/p>\n<p><span style=\"font-weight: 400;\">In 2021, EPA launched its <\/span><a href=\"https:\/\/www.epa.gov\/pfas\/pfas-strategic-roadmap-epas-commitments-action-2021-2024\" target=\"_blank\" rel=\"noopener\"><span style=\"font-weight: 400;\">PFAS Strategic Roadmap: EPA&#8217;s Commitments to Action 2021-2024<\/span><\/a><span style=\"font-weight: 400;\">, laying out a whole-of-agency approach to addressing PFAS. The roadmap sets timelines by which EPA plans to take specific actions and commits to new policies to safeguard public health, protect the environment, and hold polluters accountable.<\/span><\/p>\n<p><span style=\"font-weight: 400;\">Waterkeepers Chesapeake\u2019s advocacy efforts geared towards addressing PFAS contamination have ranged from seeking to require owners of publicly owned treatment works to monitor and report PFAS levels in their biosolids and effluent to outright banning the use of PFAS in products such as firefighting foam and pesticides. <\/span><a href=\"https:\/\/www.epa.gov\/biosolids\/basic-information-about-biosolids\" target=\"_blank\" rel=\"noopener\"><span style=\"font-weight: 400;\">Biosolids<\/span><\/a><span style=\"font-weight: 400;\">, a product of the wastewater treatment process, often referred to as \u201csewage sludge\u201d are often applied to agricultural fields. Due to the lack of enforcement of monitoring of PFAS in biosolids, agricultural stormwater runoff leads to PFAS from these biosolids to reach and pollute our waterways.<\/span><\/p>\n<div class=\"su-button-center\"><a href=\"https:\/\/storymaps.arcgis.com\/stories\/a7857b4435cf4bfba3f545f74b586c4a\" class=\"su-button su-button-style-flat headerbutton\" style=\"color:#1D5A7F;background-color:#ebe7e7;border-color:#bcb9b9;border-radius:20px\" target=\"_blank\" rel=\"noopener noreferrer\"><span style=\"color:#1D5A7F;padding:0px 46px;font-size:33px;line-height:66px;border-color:#f1efef;border-radius:20px;text-shadow:0px 0px 0px #000000\"> PFAS REGIONAL MAP<\/span><\/a><\/div>\n<hr \/>\n<h3><strong><a href=\"https:\/\/waterkeeperschesapeake.org\/wp-content\/uploads\/2023\/09\/Trash-Trap-with-person.jpeg\"><img decoding=\"async\" class=\"alignright wp-image-26979 lazyload\" data-src=\"https:\/\/waterkeeperschesapeake.org\/wp-content\/uploads\/2023\/09\/Trash-Trap-with-person-300x197.jpeg\" alt=\"\" width=\"362\" height=\"238\" data-srcset=\"https:\/\/waterkeeperschesapeake.org\/wp-content\/uploads\/2023\/09\/Trash-Trap-with-person-300x197.jpeg 300w, https:\/\/waterkeeperschesapeake.org\/wp-content\/uploads\/2023\/09\/Trash-Trap-with-person-1024x672.jpeg 1024w, https:\/\/waterkeeperschesapeake.org\/wp-content\/uploads\/2023\/09\/Trash-Trap-with-person-768x504.jpeg 768w, https:\/\/waterkeeperschesapeake.org\/wp-content\/uploads\/2023\/09\/Trash-Trap-with-person-18x12.jpeg 18w, https:\/\/waterkeeperschesapeake.org\/wp-content\/uploads\/2023\/09\/Trash-Trap-with-person.jpeg 1403w\" data-sizes=\"(max-width: 362px) 100vw, 362px\" src=\"data:image\/svg+xml;base64,PHN2ZyB3aWR0aD0iMSIgaGVpZ2h0PSIxIiB4bWxucz0iaHR0cDovL3d3dy53My5vcmcvMjAwMC9zdmciPjwvc3ZnPg==\" style=\"--smush-placeholder-width: 362px; --smush-placeholder-aspect-ratio: 362\/238;\" \/><\/a><\/strong><\/h3>\n<h3><strong>Local Waterkeeper Trash Programs<\/strong><\/h3>\n<ul>\n<li><a href=\"https:\/\/www.potomacriverkeepernetwork.org\/trash-free-potomac\/\" target=\"_blank\" rel=\"noopener\">Trash Free Potomac<\/a><\/li>\n<li><a href=\"http:\/\/www.assateaguecoastkeeper.org\" target=\"_blank\" rel=\"noopener noreferrer\">Trash Free Assateague<\/a><\/li>\n<li><a href=\"https:\/\/bluewaterbaltimore.org\/learn\/threats-to-water-quality\/trash\/\" target=\"_blank\" rel=\"noopener\">Blue Water Baltimore<\/a><\/li>\n<li><a href=\"https:\/\/www.anacostiariverkeeper.org\/programs\/trash-mitigation\/\" target=\"_blank\" rel=\"noopener\">Anacostia Riverkeeper<\/a><\/li>\n<li><a href=\"https:\/\/www.arcgis.com\/apps\/Cascade\/index.html?appid=0ff0d351069a477c915570513f01d082\" target=\"_blank\" rel=\"noopener\">Anacostia Riverkeeper<\/a>\u00a0&#8211; microplastics monitoring<\/li>\n<li>James River Association\u2019s <a href=\"https:\/\/thejamesriver.org\/what-you-can-do\/river-rats\/\" target=\"_blank\" rel=\"noopener noreferrer\">River Rats Program<\/a><\/li>\n<li><a href=\"https:\/\/www.shorerivers.org\/news\/\/shorerivers-launches-trash-free-campaign\" target=\"_blank\" rel=\"noopener\">Trash Free &#8211; ShoreRivers<\/a><\/li>\n<\/ul>\n<div class=\"su-heading su-heading-style-default su-heading-align-center\" id=\"\" style=\"font-size:28px;margin-bottom:10px\"><div class=\"su-heading-inner\">Latest News<\/div><\/div>\n<p><!--[su_posts posts_per_page=\"4\" tax_term=\"652,675\" order=\"desc\"]--><br \/>\n<div class=\"pt-cv-wrapper\"><div class=\"pt-cv-view pt-cv-grid pt-cv-colsys pt-cv-same-height pt-cv-pgregular\" id=\"pt-cv-view-e0bd4d5vin\"><div data-id=\"pt-cv-page-1\" class=\"pt-cv-page\" data-cvc=\"4\" data-cvct=\"2\" data-cvcm=\"1\"><div class=\"col-md-3 col-sm-6 col-xs-12 pt-cv-content-item pt-cv-1-col\"  data-pid=\"196874\"><div class='pt-cv-ifield'><a href=\"https:\/\/waterkeeperschesapeake.org\/es\/press-statement-forever-chemicals-legislation-passes-in-maryland-and-virginia-but-more-needs-to-be-done\/\" class=\"_self pt-cv-href-thumbnail pt-cv-thumb-default cvplbd cvp-lazy-container\" target=\"_self\"><img decoding=\"async\" width=\"300\" height=\"300\" src=\"https:\/\/waterkeeperschesapeake.org\/wp-content\/plugins\/pt-content-views-pro\/public\/assets\/images\/lazy_image.png\" class=\"pt-cv-thumbnail img-none skip-lazy  cvplazy\" alt=\"Press Statement: Forever Chemicals Legislation Passes in Maryland and Virginia, But More Needs to be Done\" data-cvpsrc=\"https:\/\/waterkeeperschesapeake.org\/wp-content\/uploads\/2022\/04\/WKC-Press-Release-2-300x300.jpg\" \/><\/a>\n<h4 class=\"pt-cv-title\"><a href=\"https:\/\/waterkeeperschesapeake.org\/es\/press-statement-forever-chemicals-legislation-passes-in-maryland-and-virginia-but-more-needs-to-be-done\/\" class=\"_self cvplbd\" target=\"_self\">Press Statement: Forever Chemicals Legislation Passes in Maryland and Virginia, But More Needs to be Done<\/a><\/h4>\n<div class=\"pt-cv-content\">Bills regulating sewage sludge used as fertilizer on farmlands but often contaminated with PFAS await Governors\u2019 signatures in Maryland and ...<br \/><div class=\"pt-cv-rmwrap\"><a href=\"https:\/\/waterkeeperschesapeake.org\/es\/press-statement-forever-chemicals-legislation-passes-in-maryland-and-virginia-but-more-needs-to-be-done\/\" class=\"_self pt-cv-readmore btn btn-success cvprmct  cvplbd\" target=\"_self\">Read More<\/a><\/div><\/div><\/div><\/div>\n<div class=\"col-md-3 col-sm-6 col-xs-12 pt-cv-content-item pt-cv-1-col\"  data-pid=\"152506\"><div class='pt-cv-ifield'><a href=\"https:\/\/waterkeeperschesapeake.org\/es\/phasing-out-pfas-in-consumer-products-act\/\" class=\"_self pt-cv-href-thumbnail pt-cv-thumb-default cvplbd cvp-lazy-container\" target=\"_self\"><img decoding=\"async\" width=\"300\" height=\"300\" src=\"https:\/\/waterkeeperschesapeake.org\/wp-content\/plugins\/pt-content-views-pro\/public\/assets\/images\/lazy_image.png\" class=\"pt-cv-thumbnail img-none skip-lazy  cvplazy\" alt=\"Phasing Out PFAS in Consumer Products Act\" data-cvpsrc=\"https:\/\/waterkeeperschesapeake.org\/wp-content\/uploads\/2026\/02\/Phase-out-PFAS-in-Products-300x300.png\" \/><\/a>\n<h4 class=\"pt-cv-title\"><a href=\"https:\/\/waterkeeperschesapeake.org\/es\/phasing-out-pfas-in-consumer-products-act\/\" class=\"_self cvplbd\" target=\"_self\">Phasing Out PFAS in Consumer Products Act<\/a><\/h4>\n<div class=\"pt-cv-content\">Sponsored by Sen. Sara Love and Del. Sheila Ruth, the Phasing Out PFAS in Consumer Products Act (HB1022\/SB686) builds on ...<br \/><div class=\"pt-cv-rmwrap\"><a href=\"https:\/\/waterkeeperschesapeake.org\/es\/phasing-out-pfas-in-consumer-products-act\/\" class=\"_self pt-cv-readmore btn btn-success cvprmct  cvplbd\" target=\"_self\">Read More<\/a><\/div><\/div><\/div><\/div>\n<div class=\"col-md-3 col-sm-6 col-xs-12 pt-cv-content-item pt-cv-1-col\"  data-pid=\"143855\"><div class='pt-cv-ifield'><a href=\"https:\/\/waterkeeperschesapeake.org\/es\/pfas-sewage-sludge-bill-2026\/\" class=\"_self pt-cv-href-thumbnail pt-cv-thumb-default cvplbd cvp-lazy-container\" target=\"_self\"><img decoding=\"async\" width=\"300\" height=\"300\" src=\"https:\/\/waterkeeperschesapeake.org\/wp-content\/plugins\/pt-content-views-pro\/public\/assets\/images\/lazy_image.png\" class=\"pt-cv-thumbnail img-none skip-lazy  cvplazy\" alt=\"Protecting Farmlands &amp; Water from PFAS in Sewage Sludge\" data-cvpsrc=\"https:\/\/waterkeeperschesapeake.org\/wp-content\/uploads\/2025\/02\/25107-WKC-PFAS-Biosolids-Infographic-300x300.jpg\" \/><\/a>\n<h4 class=\"pt-cv-title\"><a href=\"https:\/\/waterkeeperschesapeake.org\/es\/pfas-sewage-sludge-bill-2026\/\" class=\"_self cvplbd\" target=\"_self\">Protecting Farmlands &#038; Water from PFAS in Sewage Sludge<\/a><\/h4>\n<div class=\"pt-cv-content\">In Maryland, building on previous bills targeting industrial sources of PFAS and banning PFAS in some products, Senator Sara Love ...<br \/><div class=\"pt-cv-rmwrap\"><a href=\"https:\/\/waterkeeperschesapeake.org\/es\/pfas-sewage-sludge-bill-2026\/\" class=\"_self pt-cv-readmore btn btn-success cvprmct  cvplbd\" target=\"_self\">Read More<\/a><\/div><\/div><\/div><\/div>\n<div class=\"col-md-3 col-sm-6 col-xs-12 pt-cv-content-item pt-cv-1-col\"  data-pid=\"74496\"><div class='pt-cv-ifield'><a href=\"https:\/\/waterkeeperschesapeake.org\/es\/waterkeepers-find-widespread-pfas-contamination-near-wastewater-treatment-plants-and-biosolids-sites\/\" class=\"_self pt-cv-href-thumbnail pt-cv-thumb-default cvplbd cvp-lazy-container\" target=\"_self\"><img decoding=\"async\" width=\"300\" height=\"300\" src=\"https:\/\/waterkeeperschesapeake.org\/wp-content\/plugins\/pt-content-views-pro\/public\/assets\/images\/lazy_image.png\" class=\"pt-cv-thumbnail img-none skip-lazy  cvplazy\" alt=\"Waterkeepers Find Widespread PFAS Contamination Near Wastewater Treatment Plants and Biosolids Sites\" data-cvpsrc=\"https:\/\/waterkeeperschesapeake.org\/wp-content\/uploads\/2025\/08\/Copy-of-Community-Science-Instagram-Post-45-1.jpg\" \/><\/a>\n<h4 class=\"pt-cv-title\"><a href=\"https:\/\/waterkeeperschesapeake.org\/es\/waterkeepers-find-widespread-pfas-contamination-near-wastewater-treatment-plants-and-biosolids-sites\/\" class=\"_self cvplbd\" target=\"_self\">Waterkeepers Find Widespread PFAS Contamination Near Wastewater Treatment Plants and Biosolids Sites<\/a><\/h4>\n<div class=\"pt-cv-content\">Recapping Phase I &amp; Why Phase 2 Matters In 2022, Waterkeeper Alliance and 113 local Waterkeepers, including 16 in the ...<br \/><div class=\"pt-cv-rmwrap\"><a href=\"https:\/\/waterkeeperschesapeake.org\/es\/waterkeepers-find-widespread-pfas-contamination-near-wastewater-treatment-plants-and-biosolids-sites\/\" class=\"_self pt-cv-readmore btn btn-success cvprmct  cvplbd\" target=\"_self\">Read More<\/a><\/div><\/div><\/div><\/div><\/div><\/div>\n<div class=\"text-center pt-cv-pagination-wrapper\"><ul class=\"pt-cv-pagination pt-cv-ajax pagination\" data-totalpages=\"7\" data-currentpage=\"1\" data-sid=\"e0bd4d5vin\" data-unid=\"\" data-isblock=\"\" data-postid=\"\"><li class=\"active\"><a href=\"#\">1<\/a><\/li>\n\t<li ><a class=\"\" href=\"https:\/\/waterkeeperschesapeake.org\/es\/wp-json\/wp\/v2\/pages\/5779\/?_page=2\">2<\/a><\/li>\n\t<li ><a class=\"\" href=\"https:\/\/waterkeeperschesapeake.org\/es\/wp-json\/wp\/v2\/pages\/5779\/?_page=3\">3<\/a><\/li>\n\t<li ><a href=\"#\">&hellip;<\/a><\/li>\n\t<li ><a class=\"\" href=\"https:\/\/waterkeeperschesapeake.org\/es\/wp-json\/wp\/v2\/pages\/5779\/?_page=7\">7<\/a><\/li>\n\t<li ><a class=\" \" href=\"https:\/\/waterkeeperschesapeake.org\/es\/wp-json\/wp\/v2\/pages\/5779\/?_page=2\">&rsaquo;<\/a><\/li>\n\t<\/ul><img decoding=\"async\" width=\"15\" height=\"15\" class=\"pt-cv-spinner\" alt=\"Loading...\" src=\"data:image\/gif;base64,R0lGODlhDwAPALMPAMrKygwMDJOTkz09PZWVla+vr3p6euTk5M7OzuXl5TMzMwAAAJmZmWZmZszMzP\/\/\/yH\/C05FVFNDQVBFMi4wAwEAAAAh+QQFCgAPACwAAAAADwAPAAAEQvDJaZaZOIcV8iQK8VRX4iTYoAwZ4iCYoAjZ4RxejhVNoT+mRGP4cyF4Pp0N98sBGIBMEMOotl6YZ3S61Bmbkm4mAgAh+QQFCgAPACwAAAAADQANAAAENPDJSRSZeA418itN8QiK8BiLITVsFiyBBIoYqnoewAD4xPw9iY4XLGYSjkQR4UAUD45DLwIAIfkEBQoADwAsAAAAAA8ACQAABC\/wyVlamTi3nSdgwFNdhEJgTJoNyoB9ISYoQmdjiZPcj7EYCAeCF1gEDo4Dz2eIAAAh+QQFCgAPACwCAAAADQANAAAEM\/DJBxiYeLKdX3IJZT1FU0iIg2RNKx3OkZVnZ98ToRD4MyiDnkAh6BkNC0MvsAj0kMpHBAAh+QQFCgAPACwGAAAACQAPAAAEMDC59KpFDll73HkAA2wVY5KgiK5b0RRoI6MuzG6EQqCDMlSGheEhUAgqgUUAFRySIgAh+QQFCgAPACwCAAIADQANAAAEM\/DJKZNLND\/kkKaHc3xk+QAMYDKsiaqmZCxGVjSFFCxB1vwy2oOgIDxuucxAMTAJFAJNBAAh+QQFCgAPACwAAAYADwAJAAAEMNAs86q1yaWwwv2Ig0jUZx3OYa4XoRAfwADXoAwfo1+CIjyFRuEho60aSNYlOPxEAAAh+QQFCgAPACwAAAIADQANAAAENPA9s4y8+IUVcqaWJ4qEQozSoAzoIyhCK2NFU2SJk0hNnyEOhKR2AzAAj4Pj4GE4W0bkJQIAOw==\" \/><div class=\"clear pt-cv-clear-pagination\"><\/div><\/div><\/div>\t\t\t<style type=\"text\/css\" id=\"pt-cv-inline-style-4274f8cxzc\">#pt-cv-view-e0bd4d5vin .pt-cv-ifield { padding-top: 10px !important; padding-right: 10px !important; padding-bottom: 10px !important; padding-left: 10px !important; }\n#pt-cv-view-e0bd4d5vin  .pt-cv-ifield   { background-color: rgba(188,216,212,0.49) !important; }\n#pt-cv-view-e0bd4d5vin .pt-cv-href-thumbnail  { margin-left: auto !important; margin-right: auto !important; display: block !important; text-align: center !important; clear: both !important; }\n#pt-cv-view-e0bd4d5vin .pt-cv-readmore  { margin-left: auto !important; margin-right: auto !important; float: none !important; display: table !important; text-align: center !important; clear: both !important; }\n#pt-cv-view-e0bd4d5vin  + .pt-cv-pagination-wrapper .pt-cv-more , #pt-cv-view-e0bd4d5vin  + .pt-cv-pagination-wrapper .pagination .active a, .pt-cv-pagination[data-sid='e0bd4d5vin'] .active a { background-color: #447c7a !important; }<\/style>\r\n\t\t\t\n","protected":false},"excerpt":{"rendered":"<p>Crisis de contaminaci\u00f3n por pl\u00e1sticos. Nos encontramos ante una crisis mundial de contaminaci\u00f3n por pl\u00e1sticos. El pl\u00e1stico amenaza la salud humana en todas las etapas de su producci\u00f3n: desde la extracci\u00f3n de petr\u00f3leo y gas hasta su fabricaci\u00f3n, uso y eliminaci\u00f3n. Se han producido alrededor de 8.300 millones de toneladas m\u00e9tricas de pl\u00e1stico desde la d\u00e9cada de 1950, la mitad de las cuales se produjeron en los \u00faltimos... <a title=\"Contaminaci\u00f3n t\u00f3xica y pl\u00e1stica\" class=\"read-more\" href=\"https:\/\/waterkeeperschesapeake.org\/es\/toxic-plastic-pollution\/\" aria-label=\"Leer m\u00e1s sobre Contaminaci\u00f3n T\u00f3xica y Pl\u00e1stica\">Lee mas<\/a><\/p>","protected":false},"author":3,"featured_media":4993,"parent":0,"menu_order":0,"comment_status":"closed","ping_status":"closed","template":"","meta":{"_monsterinsights_skip_tracking":false,"_monsterinsights_sitenote_active":false,"_monsterinsights_sitenote_note":"","_monsterinsights_sitenote_category":0,"footnotes":""},"class_list":{"0":"post-5779","1":"page","2":"type-page","3":"status-publish","4":"has-post-thumbnail","6":"resize-featured-image"},"_links":{"self":[{"href":"https:\/\/waterkeeperschesapeake.org\/es\/wp-json\/wp\/v2\/pages\/5779","targetHints":{"allow":["GET"]}}],"collection":[{"href":"https:\/\/waterkeeperschesapeake.org\/es\/wp-json\/wp\/v2\/pages"}],"about":[{"href":"https:\/\/waterkeeperschesapeake.org\/es\/wp-json\/wp\/v2\/types\/page"}],"author":[{"embeddable":true,"href":"https:\/\/waterkeeperschesapeake.org\/es\/wp-json\/wp\/v2\/users\/3"}],"replies":[{"embeddable":true,"href":"https:\/\/waterkeeperschesapeake.org\/es\/wp-json\/wp\/v2\/comments?post=5779"}],"version-history":[{"count":0,"href":"https:\/\/waterkeeperschesapeake.org\/es\/wp-json\/wp\/v2\/pages\/5779\/revisions"}],"wp:featuredmedia":[{"embeddable":true,"href":"https:\/\/waterkeeperschesapeake.org\/es\/wp-json\/wp\/v2\/media\/4993"}],"wp:attachment":[{"href":"https:\/\/waterkeeperschesapeake.org\/es\/wp-json\/wp\/v2\/media?parent=5779"}],"curies":[{"name":"gracias","href":"https:\/\/api.w.org\/{rel}","templated":true}]}}