{"id":52,"date":"2016-11-29T19:48:56","date_gmt":"2016-11-29T19:48:56","guid":{"rendered":"https:\/\/waterkeeperschesapeake.org\/waterkeepers-chesapeake-website-privacy-policy\/"},"modified":"2019-04-09T20:35:36","modified_gmt":"2019-04-09T20:35:36","slug":"waterkeepers-chesapeake-website-privacy-policy","status":"publish","type":"page","link":"https:\/\/waterkeeperschesapeake.org\/es\/waterkeepers-chesapeake-website-privacy-policy\/","title":{"rendered":"Pol\u00edtica de privacidad del sitio web de WKC"},"content":{"rendered":"<p>Waterkeepers Chesapeake valora el apoyo de nuestros miembros, donantes, seguidores y otros que comparten nuestro objetivo com\u00fan de proteger las v\u00edas fluviales en la regi\u00f3n de Chesapeake y Coastal Bays. Estamos comprometidos a mantener la privacidad de quienes visitan nuestro sitio web.<\/p>\n<p>A continuaci\u00f3n puede encontrar nuestras pol\u00edticas con respecto a la recopilaci\u00f3n, el uso y la divulgaci\u00f3n de la informaci\u00f3n personal que recibimos de los usuarios de este sitio web.<\/p>\n<p><strong>\u00bfQu\u00e9 informaci\u00f3n recopilamos?<\/strong><\/p>\n<p>Le invitamos a acceder a nuestro sitio web sin ingresar ninguna informaci\u00f3n personal. Sin embargo, podemos pedirle que nos proporcione cierta informaci\u00f3n de identificaci\u00f3n personal que se puede utilizar para contactarlo o identificarlo. Esto sucede cuando se une a nuestra lista de correo, se suscribe a nuestro bolet\u00edn informativo o hace una donaci\u00f3n a nuestra organizaci\u00f3n o una de nuestras causas. <\/p>\n<p><span style=\"text-decoration: underline;\">Cualquier informaci\u00f3n personal que ingrese en nuestro sitio web se mantiene estrictamente confidencial.<\/span>  <\/p>\n<p>Cuando recopilamos informaci\u00f3n personal identificable, usted siempre la env\u00eda voluntariamente. Es posible que se le pida que ingrese su nombre, correo electr\u00f3nico, direcci\u00f3n postal, n\u00famero de tel\u00e9fono o informaci\u00f3n de su tarjeta de cr\u00e9dito. Toda la informaci\u00f3n personal que recopilamos se utiliza para revisi\u00f3n interna, donde se descarta o se utiliza para contactar a los miembros (por ejemplo, para enviar alertas por correo electr\u00f3nico, boletines informativos, recordatorios y otra informaci\u00f3n de inter\u00e9s). La informaci\u00f3n enviada siempre es segura y est\u00e1 cifrada.  <\/p>\n<p>Si, por alg\u00fan motivo, desea que lo eliminemos de nuestras listas de correo, puede cancelar la suscripci\u00f3n haciendo clic en el enlace para cancelar la suscripci\u00f3n en cualquier correo electr\u00f3nico que reciba de nosotros. Tambi\u00e9n puede darse de baja envi\u00e1ndonos un correo electr\u00f3nico a <a href=\"\/es\/&\/#x6d;&#x61;&#x69;&#108;&#116;o:&#x69;&#x6e;&#x66;&#x6f;&#64;&#119;at&#x65;&#x72;&#x6b;&#101;&#101;&#112;er&#x73;&#x63;&#x68;&#101;&#115;ap&#x65;&#x61;&#x6b;&#x65;&#46;&#111;rg\">info@waterkeeperschesapeake.org<\/a>, o llamando a la oficina de Waterkeepers Chesapeake al (202) 423-0504. <\/p>\n<p>Tambi\u00e9n supervisamos y rastreamos informaci\u00f3n como los patrones de uso de nuestro sitio web por parte de los miembros y los patrones de respuesta de correo directo a trav\u00e9s de las funciones de intereses y datos demogr\u00e1ficos de Google Analytics. Recopilamos esta informaci\u00f3n en un agregado estad\u00edstico que usamos, junto con su informaci\u00f3n personal, para fines comerciales y administrativos internos, incluida la mejora de nuestro sitio web, nuestras operaciones y nuestras campa\u00f1as. Las estad\u00edsticas no contienen informaci\u00f3n personal y no pueden utilizarse para recopilar dicha informaci\u00f3n. Puede optar por no participar en nuestro seguimiento de Google Analytics <a href=\"https:\/\/tools.google.com\/dlpage\/gaoptout\/\" target=\"_blank\" rel=\"noopener noreferrer\">aqu\u00ed<\/a>.<\/p>\n<p><strong>Protegiendo tu privacidad<\/strong><\/p>\n<p>La seguridad de su informaci\u00f3n personal es importante para nosotros, pero recuerde que ning\u00fan m\u00e9todo de transmisi\u00f3n por Internet o m\u00e9todo de almacenamiento electr\u00f3nico es 100 por ciento seguro. Si bien nos esforzamos por utilizar medios comercialmente aceptables para proteger su informaci\u00f3n personal, no podemos garantizar su seguridad absoluta.<\/p>\n<p><strong>Uso de cookies<\/strong><\/p>\n<p>Las cookies son piezas de informaci\u00f3n que se almacenan en su computadora y se utilizan para fines de mantenimiento de registros. Utilizamos cookies para facilitar la visita y el uso de nuestro sitio web. Las cookies pueden ayudarnos a ver qu\u00e9 partes de nuestro sitio web son las m\u00e1s o menos populares y nos brindan instrucciones para mejorar nuestra experiencia de usuario.<\/p>\n<p>Las cookies son archivos con una peque\u00f1a cantidad de datos (por ejemplo, informaci\u00f3n almacenada en su ordenador y utilizada para fines de registro), que pueden incluir un identificador \u00fanico an\u00f3nimo. Las cookies se env\u00edan a su navegador desde un sitio web y se almacenan en el disco duro de su ordenador. <\/p>\n<p>Al igual que muchos sitios, utilizamos cookies para facilitar la visita y el uso de nuestro sitio web. Las cookies pueden ayudarnos a ver qu\u00e9 partes de nuestro sitio web son las m\u00e1s o menos populares y nos brindan instrucciones para mejorar nuestra experiencia de usuario.<\/p>\n<p>Puede indicar a su navegador que rechace todas las cookies o que indique cu\u00e1ndo se env\u00eda una cookie. Sin embargo, si no acepta las cookies, es posible que no pueda utilizar algunas partes de nuestro Sitio.<\/p>\n<p><strong>Enlaces a otros sitios<\/strong><\/p>\n<p>WaterkeepersChesapeake.org puede proporcionar enlaces a otros sitios web de terceros. Si bien nos esforzamos por elegir nuestros enlaces con cuidado, no podemos asumir ninguna responsabilidad por el contenido de los sitios web vinculados ni por las pol\u00edticas de privacidad de los sitios web vinculados. Dado que no controlamos estos sitios web, lo alentamos a que revise sus pol\u00edticas de privacidad.<\/p>\n<p><strong>Cont\u00e1ctenos<\/strong><\/p>\n<p>Si tiene alguna pregunta, comentario o queja sobre esta Pol\u00edtica de privacidad, no dude en contactarnos en <a href=\"\/es\/&\/#x6d;&#97;&#x69;&#108;t&#x6f;&#58;i&#x6e;&#102;&#x6f;&#x40;w&#x61;&#116;e&#x72;&#107;&#x65;&#x65;p&#x65;&#114;s&#x63;&#104;e&#x73;&#97;&#x70;&#101;a&#x6b;&#101;&#46;&#x6f;&#114;&#x67;\"><span style=\"font-size: 13.5pt; font-family: 'Helvetica Neue';\">info@waterkeeperschesapeake.org<\/a> o (202) 423-0504.<\/p>\n<p><i>\u00daltima actualizaci\u00f3n: 30 de noviembre de 2016 <\/i><\/p>","protected":false},"excerpt":{"rendered":"<p>Waterkeepers Chesapeake valora el apoyo de nuestros miembros, donantes, seguidores y otras personas que comparten nuestro objetivo com\u00fan de proteger las v\u00edas fluviales en la regi\u00f3n de Chesapeake y las Bah\u00edas Costeras. Nos comprometemos a proteger la privacidad de quienes visitan nuestro sitio web. A continuaci\u00f3n, encontrar\u00e1 nuestras pol\u00edticas sobre la recopilaci\u00f3n, el uso y la divulgaci\u00f3n de informaci\u00f3n personal. <a title=\"Pol\u00edtica de privacidad del sitio web de WKC\" class=\"read-more\" href=\"https:\/\/waterkeeperschesapeake.org\/es\/waterkeepers-chesapeake-website-privacy-policy\/\" aria-label=\"Leer m\u00e1s sobre Pol\u00edtica de privacidad del sitio web de WKC\">Lee mas<\/a><\/p>","protected":false},"author":3,"featured_media":0,"parent":0,"menu_order":0,"comment_status":"closed","ping_status":"closed","template":"","meta":{"_monsterinsights_skip_tracking":false,"_monsterinsights_sitenote_active":false,"_monsterinsights_sitenote_note":"","_monsterinsights_sitenote_category":0,"footnotes":""},"class_list":["post-52","page","type-page","status-publish"],"_links":{"self":[{"href":"https:\/\/waterkeeperschesapeake.org\/es\/wp-json\/wp\/v2\/pages\/52","targetHints":{"allow":["GET"]}}],"collection":[{"href":"https:\/\/waterkeeperschesapeake.org\/es\/wp-json\/wp\/v2\/pages"}],"about":[{"href":"https:\/\/waterkeeperschesapeake.org\/es\/wp-json\/wp\/v2\/types\/page"}],"author":[{"embeddable":true,"href":"https:\/\/waterkeeperschesapeake.org\/es\/wp-json\/wp\/v2\/users\/3"}],"replies":[{"embeddable":true,"href":"https:\/\/waterkeeperschesapeake.org\/es\/wp-json\/wp\/v2\/comments?post=52"}],"version-history":[{"count":0,"href":"https:\/\/waterkeeperschesapeake.org\/es\/wp-json\/wp\/v2\/pages\/52\/revisions"}],"wp:attachment":[{"href":"https:\/\/waterkeeperschesapeake.org\/es\/wp-json\/wp\/v2\/media?parent=52"}],"curies":[{"name":"gracias","href":"https:\/\/api.w.org\/{rel}","templated":true}]}}