{"id":4584,"date":"2019-11-15T11:59:00","date_gmt":"2019-11-15T16:59:00","guid":{"rendered":"https:\/\/waterkeeperschesapeake.org\/?page_id=4584"},"modified":"2026-02-17T10:11:21","modified_gmt":"2026-02-17T15:11:21","slug":"more-ways-to-give","status":"publish","type":"page","link":"https:\/\/waterkeeperschesapeake.org\/es\/more-ways-to-give\/","title":{"rendered":"M\u00e1s formas de dar"},"content":{"rendered":"<div id=\"pl-4584\"  class=\"panel-layout\" ><div id=\"pg-4584-0\"  class=\"panel-grid panel-no-style\" ><div id=\"pgc-4584-0-0\"  class=\"panel-grid-cell\" ><div id=\"panel-4584-0-0-0\" class=\"so-panel widget widget_sow-editor panel-first-child\" data-index=\"0\" ><div\n\t\t\t\n\t\t\tclass=\"so-widget-sow-editor so-widget-sow-editor-base\"\n\t\t\t\n\t\t>\n<div class=\"siteorigin-widget-tinymce textwidget\">\n\t<p>Waterkeepers Chesapeake es una organizaci\u00f3n ben\u00e9fica participante en el <strong><a href=\"https:\/\/cfcgiving.opm.gov\/welcome\" target=\"_blank\" rel=\"noopener noreferrer\">Campa\u00f1a Federal Combinada (CFC #31891)<\/a><\/strong>Si usted es un empleado federal actual o jubilado, considere elegirnos a trav\u00e9s del CFC.<\/p>\n<\/div>\n<\/div><\/div><div id=\"panel-4584-0-0-1\" class=\"so-panel widget widget_sow-image panel-last-child\" data-index=\"1\" ><div\n\t\t\t\n\t\t\tclass=\"so-widget-sow-image so-widget-sow-image-default-c67d20f9f743-4584\"\n\t\t\t\n\t\t>\n<div class=\"sow-image-container\">\n\t\t\t<a href=\"https:\/\/cfcgiving.opm.gov\/welcome\" target=\"_blank\" rel=\"noopener\">\n\t\t\t<img \n\tdata-src=\"https:\/\/waterkeeperschesapeake.org\/wp-content\/uploads\/2020\/10\/CFC-Logo-BLUE-300x185.png\" width=\"300\" height=\"185\" data-srcset=\"https:\/\/waterkeeperschesapeake.org\/wp-content\/uploads\/2020\/10\/CFC-Logo-BLUE-300x185.png 300w, https:\/\/waterkeeperschesapeake.org\/wp-content\/uploads\/2020\/10\/CFC-Logo-BLUE-768x475.png 768w, https:\/\/waterkeeperschesapeake.org\/wp-content\/uploads\/2020\/10\/CFC-Logo-BLUE.png 997w\" data-sizes=\"(max-width: 300px) 100vw, 300px\" title=\"Logotipo CFC AZUL\" alt=\"Combined Federal Campaign\" \t\tclass=\"so-widget-image lazyload\" src=\"data:image\/svg+xml;base64,PHN2ZyB3aWR0aD0iMSIgaGVpZ2h0PSIxIiB4bWxucz0iaHR0cDovL3d3dy53My5vcmcvMjAwMC9zdmciPjwvc3ZnPg==\" style=\"--smush-placeholder-width: 300px; --smush-placeholder-aspect-ratio: 300\/185;\" \/>\n\t\t\t<\/a><\/div>\n\n<\/div><\/div><\/div><div id=\"pgc-4584-0-1\"  class=\"panel-grid-cell\" ><div id=\"panel-4584-0-1-0\" class=\"so-panel widget widget_sow-image panel-first-child\" data-index=\"2\" ><div\n\t\t\t\n\t\t\tclass=\"so-widget-sow-image so-widget-sow-image-default-c67d20f9f743-4584\"\n\t\t\t\n\t\t>\n<div class=\"sow-image-container\">\n\t\t<img \n\tdata-src=\"https:\/\/waterkeeperschesapeake.org\/wp-content\/uploads\/2023\/03\/WKC-PayPal-QR-Code.png\" width=\"128\" height=\"128\" data-srcset=\"https:\/\/waterkeeperschesapeake.org\/wp-content\/uploads\/2023\/03\/WKC-PayPal-QR-Code.png 128w, https:\/\/waterkeeperschesapeake.org\/wp-content\/uploads\/2023\/03\/WKC-PayPal-QR-Code-12x12.png 12w\" data-sizes=\"(max-width: 128px) 100vw, 128px\" title=\"Donar a trav\u00e9s de PayPal\" alt=\"\" \t\tclass=\"so-widget-image lazyload\" src=\"data:image\/svg+xml;base64,PHN2ZyB3aWR0aD0iMSIgaGVpZ2h0PSIxIiB4bWxucz0iaHR0cDovL3d3dy53My5vcmcvMjAwMC9zdmciPjwvc3ZnPg==\" style=\"--smush-placeholder-width: 128px; --smush-placeholder-aspect-ratio: 128\/128;\" \/>\n\t<\/div>\n\n<\/div><\/div><div id=\"panel-4584-0-1-1\" class=\"so-panel widget widget_sow-editor panel-last-child\" data-index=\"3\" ><div\n\t\t\t\n\t\t\tclass=\"so-widget-sow-editor so-widget-sow-editor-base\"\n\t\t\t\n\t\t>\n<div class=\"siteorigin-widget-tinymce textwidget\">\n\t<h3 style=\"text-align: center;\"><a href=\"https:\/\/www.paypal.com\/donate\/?hosted_button_id=BJTWWC79VW5W4&amp;source=qr\" target=\"_blank\" rel=\"noopener\">Donar a trav\u00e9s de PayPal<\/a><\/h3>\n<\/div>\n<\/div><\/div><\/div><\/div><div id=\"pg-4584-1\"  class=\"panel-grid panel-no-style\" ><div id=\"pgc-4584-1-0\"  class=\"panel-grid-cell\" ><div id=\"panel-4584-1-0-0\" class=\"so-panel widget widget_sow-editor panel-first-child\" data-index=\"4\" ><div\n\t\t\t\n\t\t\tclass=\"so-widget-sow-editor so-widget-sow-editor-base\"\n\t\t\t\n\t\t>\n<div class=\"siteorigin-widget-tinymce textwidget\">\n\t<div><\/div>\n<div>\n<hr \/>\n<p><a href=\"https:\/\/directories.onepercentfortheplanet.org\/profile\/waterkeepers-chesapeake\" target=\"_blank\" rel=\"noopener\"><img decoding=\"async\" class=\"alignleft wp-image-43437 lazyload\" data-src=\"https:\/\/waterkeeperschesapeake.org\/wp-content\/uploads\/2024\/12\/1ftp_EnvironmentalPartner_Horizontal_FullColor-300x128.png\" alt=\"\" width=\"289\" height=\"123\" data-srcset=\"https:\/\/waterkeeperschesapeake.org\/wp-content\/uploads\/2024\/12\/1ftp_EnvironmentalPartner_Horizontal_FullColor-300x128.png 300w, https:\/\/waterkeeperschesapeake.org\/wp-content\/uploads\/2024\/12\/1ftp_EnvironmentalPartner_Horizontal_FullColor-1024x436.png 1024w, https:\/\/waterkeeperschesapeake.org\/wp-content\/uploads\/2024\/12\/1ftp_EnvironmentalPartner_Horizontal_FullColor-768x327.png 768w, https:\/\/waterkeeperschesapeake.org\/wp-content\/uploads\/2024\/12\/1ftp_EnvironmentalPartner_Horizontal_FullColor-1536x654.png 1536w, https:\/\/waterkeeperschesapeake.org\/wp-content\/uploads\/2024\/12\/1ftp_EnvironmentalPartner_Horizontal_FullColor-2048x872.png 2048w, https:\/\/waterkeeperschesapeake.org\/wp-content\/uploads\/2024\/12\/1ftp_EnvironmentalPartner_Horizontal_FullColor-18x8.png 18w\" data-sizes=\"(max-width: 289px) 100vw, 289px\" src=\"data:image\/svg+xml;base64,PHN2ZyB3aWR0aD0iMSIgaGVpZ2h0PSIxIiB4bWxucz0iaHR0cDovL3d3dy53My5vcmcvMjAwMC9zdmciPjwvc3ZnPg==\" style=\"--smush-placeholder-width: 289px; --smush-placeholder-aspect-ratio: 289\/123;\" \/><\/a>\u00a1Waterkeepers Chesapeake se ha unido a 1% for the Planet como socio ambiental! Esta asociaci\u00f3n tiene como objetivo aumentar nuestro impacto y hacer que m\u00e1s empresas se involucren en el movimiento ambiental. <a href=\"https:\/\/directories.onepercentfortheplanet.org\/profile\/waterkeepers-chesapeake\" target=\"_blank\" rel=\"noopener\">1% para el Planeta<\/a> es un socio responsable para las empresas que est\u00e1n dispuestas a dejar de lado la rutina y contribuir a los socios ambientales que marcan la diferencia en todo el mundo. Fundada en 2002 por Yvon Chouinard, fundador de Patagonia, y Craig Mathews, fundador de Blue Ribbon Flies, sus miembros han donado cientos de millones de d\u00f3lares a socios ambientales hasta la fecha.<\/p>\n<\/div>\n<\/div>\n<\/div><\/div><div id=\"panel-4584-1-0-1\" class=\"so-panel widget widget_sow-editor panel-last-child\" data-index=\"5\" ><div\n\t\t\t\n\t\t\tclass=\"so-widget-sow-editor so-widget-sow-editor-base\"\n\t\t\t\n\t\t>\n<div class=\"siteorigin-widget-tinymce textwidget\">\n\t<div><\/div>\n<div>\n<hr \/>\n<div id=\"amznCharityBanner\"><\/div>\n<div>\n<p>los <a href=\"https:\/\/www.benevity.com\" target=\"_blank\" rel=\"noopener noreferrer\"><span class=\"il\">Beneficio<\/span> Plataforma de bondad<\/a> ayuda a Waterkeepers Chesapeake a hacer realidad nuestra misi\u00f3n en organizaciones como ADP, Apple, Google, Microsoft, T. Rowe Price y m\u00e1s. Los empleados de las empresas participantes pueden optar por donar una parte de su cheque de pago a Waterkeepers Chesapeake a trav\u00e9s de <span class=\"il\">Beneficio<\/span>La plataforma de donaciones de [nombre del empleador]. Adem\u00e1s, muchas empresas igualan hasta 100% de la donaci\u00f3n de sus empleados, maximizando as\u00ed el impacto de su apoyo. Contacta a tu empleador hoy mismo para ver si participa en las donaciones en el lugar de trabajo a trav\u00e9s de [nombre del empleador]. <span class=\"il\">Beneficio<\/span> Plataforma de Bondad.<\/p>\n<hr \/>\n<p><img decoding=\"async\" class=\"alignleft wp-image-3740 lazyload\" data-src=\"https:\/\/waterkeeperschesapeake.org\/wp-content\/uploads\/2019\/05\/AWE-Summit-Headshots-026-copy-253x300.jpg\" alt=\"\" width=\"129\" height=\"153\" data-srcset=\"https:\/\/waterkeeperschesapeake.org\/wp-content\/uploads\/2019\/05\/AWE-Summit-Headshots-026-copy-253x300.jpg 253w, https:\/\/waterkeeperschesapeake.org\/wp-content\/uploads\/2019\/05\/AWE-Summit-Headshots-026-copy-768x911.jpg 768w, https:\/\/waterkeeperschesapeake.org\/wp-content\/uploads\/2019\/05\/AWE-Summit-Headshots-026-copy-863x1024.jpg 863w, https:\/\/waterkeeperschesapeake.org\/wp-content\/uploads\/2019\/05\/AWE-Summit-Headshots-026-copy.jpg 1200w\" data-sizes=\"(max-width: 129px) 100vw, 129px\" src=\"data:image\/svg+xml;base64,PHN2ZyB3aWR0aD0iMSIgaGVpZ2h0PSIxIiB4bWxucz0iaHR0cDovL3d3dy53My5vcmcvMjAwMC9zdmciPjwvc3ZnPg==\" style=\"--smush-placeholder-width: 129px; --smush-placeholder-aspect-ratio: 129\/153;\" \/>Si desea hacer una donaci\u00f3n duradera y significativa a Waterkeepers Chesapeake, considere una donaci\u00f3n heredada, como un legado en un testamento, una donaci\u00f3n de capital o una donaci\u00f3n de valores. La entrega de tributos es otra forma generosa de marcar la diferencia. Invita a tus amigos y familiares a hacer contribuciones en honor a tu cumplea\u00f1os, graduaci\u00f3n u ocasi\u00f3n especial. Adem\u00e1s, el patrocinio de eventos es una forma visible de apoyar nuestro trabajo. Si desea participar en alguno de estos programas de entrega de obsequios, comun\u00edquese con el director adjunto Robin Broder en robin(at)waterkeeperschesapeake.org o llame al (800) 995-6755.<\/p>\n<hr \/>\n<\/div>\n<\/div>\n<\/div>\n<\/div><\/div><\/div><\/div><\/div>","protected":false},"excerpt":{"rendered":"<p>Waterkeepers Chesapeake es una organizaci\u00f3n ben\u00e9fica que participa en la Campa\u00f1a Federal Combinada (CFC #31891). Si es empleado federal, actual o jubilado, considere elegirnos a trav\u00e9s de la CFC. Done a trav\u00e9s de PayPal. \u00a1Waterkeepers Chesapeake se ha unido a 1% por el Planeta como socio ambiental! Esta colaboraci\u00f3n busca impulsar nuestro impacto y\u2026 <a title=\"M\u00e1s formas de dar\" class=\"read-more\" href=\"https:\/\/waterkeeperschesapeake.org\/es\/more-ways-to-give\/\" aria-label=\"Leer m\u00e1s sobre M\u00e1s formas de donar\">Lee mas<\/a><\/p>","protected":false},"author":3,"featured_media":0,"parent":0,"menu_order":0,"comment_status":"closed","ping_status":"closed","template":"","meta":{"_monsterinsights_skip_tracking":false,"_monsterinsights_sitenote_active":false,"_monsterinsights_sitenote_note":"","_monsterinsights_sitenote_category":0,"footnotes":""},"class_list":["post-4584","page","type-page","status-publish"],"_links":{"self":[{"href":"https:\/\/waterkeeperschesapeake.org\/es\/wp-json\/wp\/v2\/pages\/4584","targetHints":{"allow":["GET"]}}],"collection":[{"href":"https:\/\/waterkeeperschesapeake.org\/es\/wp-json\/wp\/v2\/pages"}],"about":[{"href":"https:\/\/waterkeeperschesapeake.org\/es\/wp-json\/wp\/v2\/types\/page"}],"author":[{"embeddable":true,"href":"https:\/\/waterkeeperschesapeake.org\/es\/wp-json\/wp\/v2\/users\/3"}],"replies":[{"embeddable":true,"href":"https:\/\/waterkeeperschesapeake.org\/es\/wp-json\/wp\/v2\/comments?post=4584"}],"version-history":[{"count":0,"href":"https:\/\/waterkeeperschesapeake.org\/es\/wp-json\/wp\/v2\/pages\/4584\/revisions"}],"wp:attachment":[{"href":"https:\/\/waterkeeperschesapeake.org\/es\/wp-json\/wp\/v2\/media?parent=4584"}],"curies":[{"name":"gracias","href":"https:\/\/api.w.org\/{rel}","templated":true}]}}