{"id":44,"date":"2015-12-01T01:34:29","date_gmt":"2015-12-01T01:34:29","guid":{"rendered":"https:\/\/waterkeeperschesapeake.org\/polluted-stormwater-runoff\/"},"modified":"2025-04-24T11:48:47","modified_gmt":"2025-04-24T15:48:47","slug":"polluted-stormwater-runoff","status":"publish","type":"page","link":"https:\/\/waterkeeperschesapeake.org\/es\/polluted-stormwater-runoff\/","title":{"rendered":"Escorrent\u00eda de aguas pluviales contaminadas"},"content":{"rendered":"\n<p>Our urban and suburban streams and rivers are plagued by polluted runoff every time it rains. This polluted runoff is the fastest growing source of water pollution in our region due to over development, weak regulations, outdated infrastructure, and increasing frequency and severity of storms due to climate change. Stormwater transports trash, oil, and toxic chemicals into our waterways, and causes severe flooding. And when sewers overflow, raw sewage flows into our rivers \u2013 and sometimes into people\u2019s basements \u2013 causing public health crises. The impacted communities are often the most disadvantaged and overburdened by pollution. Our Waterkeepers are using several strategies to reduce polluted stormwater runoff, ensuring that our neighborhood streams, rivers and bays become fishable and swimmable once again, and our drinking water supplies are protected.<\/p>\n\n\n\n<p>Waterkeepers Chesapeake and several Riverkeepers have been fighting to get the states to issue permits that adequately control polluted runoff. We support state legislation, push counties, and argue in the courts to get:<\/p>\n\n\n\n<ul class=\"wp-block-list\">\n<li>enforceable limits in the permits<\/li>\n\n\n\n<li>regulations and development guidelines that use up-to-date precipitation data to account for increasing frequency and severity of storms due to climate change<\/li>\n\n\n\n<li>public participation processes when agencies set deadlines and limits<\/li>\n\n\n\n<li>adequate monitoring and compliance timetables<\/li>\n\n\n\n<li>requirements for the elimination of non-stormwater pollution discharges<\/li>\n\n\n\n<li>reduce or ban <a href=\"https:\/\/waterkeeperschesapeake.org\/plastic-pollution\/\">plastic pollution<\/a> and place the responsibility on producers of plastic<\/li>\n<\/ul>\n\n\n<div class=\"wp-block-image\">\n<figure class=\"alignleft is-resized\"><a href=\"https:\/\/waterkeeperschesapeake.org\/wp-content\/uploads\/2020\/04\/trash.jpg\"><img decoding=\"async\" width=\"300\" height=\"199\" data-src=\"https:\/\/waterkeeperschesapeake.org\/wp-content\/uploads\/2020\/04\/trash-300x199.jpg\" alt=\"\" class=\"wp-image-4993 lazyload\" style=\"--smush-placeholder-width: 300px; --smush-placeholder-aspect-ratio: 300\/199;width:229px;height:151px\" data-srcset=\"https:\/\/waterkeeperschesapeake.org\/wp-content\/uploads\/2020\/04\/trash-300x199.jpg 300w, https:\/\/waterkeeperschesapeake.org\/wp-content\/uploads\/2020\/04\/trash.jpg 474w\" data-sizes=\"(max-width: 300px) 100vw, 300px\" src=\"data:image\/svg+xml;base64,PHN2ZyB3aWR0aD0iMSIgaGVpZ2h0PSIxIiB4bWxucz0iaHR0cDovL3d3dy53My5vcmcvMjAwMC9zdmciPjwvc3ZnPg==\" \/><\/a><\/figure>\n<\/div>\n\n\n<p><strong>We have a global plastic pollution crisis.<\/strong>&nbsp;About 8.3 billion metric tons of plastic have been produced since the 1950s, half of which was produced in the last 15 years. Unfortunately, 91% of plastics are not recycled. Instead, they are incinerated or end up in landfills or the environment. <span style=\"font-size: inherit;\">Plastic is the top litter found in our local waterways. <a href=\"https:\/\/waterkeeperschesapeake.org\/toxic-plastic-pollution\/\" target=\"_blank\" rel=\"noreferrer noopener\"><strong>Learn what our Waterkeepers are doing to battle plastic pollution.<\/strong><\/a><\/span><\/p>\n\n\n\n<h2 class=\"wp-block-heading\">&nbsp;<\/h2>\n\n\n\n<h2 class=\"wp-block-heading\"><strong><span style=\"color: #ff0000;\">You can make a difference!<\/span><\/strong><\/h2>\n\n\n\n<p>Report polluted runoff to your local Waterkeeper. Find yours here:<a href=\"https:\/\/waterkeeperschesapeake.org\/our-waterkeeper-members\/\"> <strong>https:\/\/waterkeeperschesapeake.org\/our-waterkeeper-members\/<\/strong><\/a><\/p>\n\n\n\n<p>Support legislation that strengthens the permits and regulations to reduce urban and suburban polluted runoff, and reduces plastic pollution.<\/p>\n\n\n<div class=\"wp-block-image\">\n<figure class=\"aligncenter\"><img decoding=\"async\" width=\"703\" height=\"181\" data-src=\"https:\/\/waterkeeperschesapeake.org\/wp-content\/uploads\/2015\/12\/stormwaterbanner2.jpg\" alt=\"\" class=\"wp-image-198 lazyload\" src=\"data:image\/svg+xml;base64,PHN2ZyB3aWR0aD0iMSIgaGVpZ2h0PSIxIiB4bWxucz0iaHR0cDovL3d3dy53My5vcmcvMjAwMC9zdmciPjwvc3ZnPg==\" style=\"--smush-placeholder-width: 703px; --smush-placeholder-aspect-ratio: 703\/181;\" \/><\/figure>\n<\/div>\n\n\n<hr class=\"wp-block-separator has-alpha-channel-opacity\"\/>\n\n\n<div class=\"pt-cv-wrapper\"><div class=\"pt-cv-view pt-cv-grid pt-cv-colsys pt-cv-same-height pt-cv-pgregular\" id=\"pt-cv-view-6c4ceb0imd\"><div data-id=\"pt-cv-page-1\" class=\"pt-cv-page\" data-cvc=\"4\" data-cvct=\"2\" data-cvcm=\"1\"><div class=\"col-md-3 col-sm-6 col-xs-12 pt-cv-content-item pt-cv-1-col\"  data-pid=\"196860\"><div class='pt-cv-ifield'><a href=\"https:\/\/waterkeeperschesapeake.org\/es\/aging-sewer-infrastructure-the-menace-below-our-feet\/\" class=\"_self pt-cv-href-thumbnail pt-cv-thumb-default cvplbd cvp-lazy-container\" target=\"_self\"><img decoding=\"async\" width=\"300\" height=\"300\" src=\"https:\/\/waterkeeperschesapeake.org\/wp-content\/plugins\/pt-content-views-pro\/public\/assets\/images\/lazy_image.png\" class=\"pt-cv-thumbnail img-none skip-lazy  cvplazy\" alt=\"Aging Sewer Infrastructure: The Menace Below Our Feet\" data-cvpsrc=\"https:\/\/waterkeeperschesapeake.org\/wp-content\/uploads\/2026\/04\/aging-infrastructure-blog-300x300.png\" \/><\/a>\n<h4 class=\"pt-cv-title\"><a href=\"https:\/\/waterkeeperschesapeake.org\/es\/aging-sewer-infrastructure-the-menace-below-our-feet\/\" class=\"_self cvplbd\" target=\"_self\">Aging Sewer Infrastructure: The Menace Below Our Feet<\/a><\/h4>\n<div class=\"pt-cv-content\">Historic sewage spill on the Potomac River is a wake up call that not enough is being done.\u00a0 The water ...<br \/><div class=\"pt-cv-rmwrap\"><a href=\"https:\/\/waterkeeperschesapeake.org\/es\/aging-sewer-infrastructure-the-menace-below-our-feet\/\" class=\"_self pt-cv-readmore btn btn-success cvprmct  cvplbd\" target=\"_self\">Read More<\/a><\/div><\/div><\/div><\/div>\n<div class=\"col-md-3 col-sm-6 col-xs-12 pt-cv-content-item pt-cv-1-col\"  data-pid=\"55986\"><div class='pt-cv-ifield'><a href=\"https:\/\/waterkeeperschesapeake.org\/es\/plastic-free-july-why-tackling-plastic-pollution-matters-more-than-ever\/\" class=\"_self pt-cv-href-thumbnail pt-cv-thumb-default cvplbd cvp-lazy-container\" target=\"_self\"><img decoding=\"async\" width=\"300\" height=\"300\" src=\"https:\/\/waterkeeperschesapeake.org\/wp-content\/plugins\/pt-content-views-pro\/public\/assets\/images\/lazy_image.png\" class=\"pt-cv-thumbnail img-none skip-lazy  cvplazy\" alt=\"Plastic Free July: Why Tackling Plastic Pollution Matters More Than Ever\" data-cvpsrc=\"https:\/\/waterkeeperschesapeake.org\/wp-content\/uploads\/2025\/07\/Plastic-Free-July-300-x-300-px-1.png\" \/><\/a>\n<h4 class=\"pt-cv-title\"><a href=\"https:\/\/waterkeeperschesapeake.org\/es\/plastic-free-july-why-tackling-plastic-pollution-matters-more-than-ever\/\" class=\"_self cvplbd\" target=\"_self\">Plastic Free July: Why Tackling Plastic Pollution Matters More Than Ever<\/a><\/h4>\n<div class=\"pt-cv-content\">What is Plastic Free July?\u00a0 Did you know that a small challenge among friends in 2011 sparked a global movement? ...<br \/><div class=\"pt-cv-rmwrap\"><a href=\"https:\/\/waterkeeperschesapeake.org\/es\/plastic-free-july-why-tackling-plastic-pollution-matters-more-than-ever\/\" class=\"_self pt-cv-readmore btn btn-success cvprmct  cvplbd\" target=\"_self\">Read More<\/a><\/div><\/div><\/div><\/div>\n<div class=\"col-md-3 col-sm-6 col-xs-12 pt-cv-content-item pt-cv-1-col\"  data-pid=\"42372\"><div class='pt-cv-ifield'><a href=\"https:\/\/waterkeeperschesapeake.org\/es\/combatting-microplastics\/\" class=\"_self pt-cv-href-thumbnail pt-cv-thumb-default cvplbd cvp-lazy-container\" target=\"_self\"><img decoding=\"async\" width=\"300\" height=\"300\" src=\"https:\/\/waterkeeperschesapeake.org\/wp-content\/plugins\/pt-content-views-pro\/public\/assets\/images\/lazy_image.png\" class=\"pt-cv-thumbnail img-none skip-lazy  cvplazy\" alt=\"Combatting Microplastics in Our Local Rivers, Streams and Bays\" data-cvpsrc=\"https:\/\/waterkeeperschesapeake.org\/wp-content\/uploads\/2024\/07\/microplastics-social-image-2-300x300.png\" \/><\/a>\n<h4 class=\"pt-cv-title\"><a href=\"https:\/\/waterkeeperschesapeake.org\/es\/combatting-microplastics\/\" class=\"_self cvplbd\" target=\"_self\">Combatting Microplastics in Our Local Rivers, Streams and Bays<\/a><\/h4>\n<div class=\"pt-cv-content\">Learn all about microplastics in this infographic created by our summer interns from the Yale Conservation Scholars program, Helena Souffrant ...<br \/><div class=\"pt-cv-rmwrap\"><a href=\"https:\/\/waterkeeperschesapeake.org\/es\/combatting-microplastics\/\" class=\"_self pt-cv-readmore btn btn-success cvprmct  cvplbd\" target=\"_self\">Read More<\/a><\/div><\/div><\/div><\/div>\n<div class=\"col-md-3 col-sm-6 col-xs-12 pt-cv-content-item pt-cv-1-col\"  data-pid=\"40431\"><div class='pt-cv-ifield'><a href=\"https:\/\/waterkeeperschesapeake.org\/es\/take-action-protect-maryland-communities-from-industrial-pollution\/\" class=\"_self pt-cv-href-thumbnail pt-cv-thumb-default cvplbd cvp-lazy-container\" target=\"_self\"><img decoding=\"async\" width=\"300\" height=\"300\" src=\"https:\/\/waterkeeperschesapeake.org\/wp-content\/plugins\/pt-content-views-pro\/public\/assets\/images\/lazy_image.png\" class=\"pt-cv-thumbnail img-none skip-lazy  cvplazy\" alt=\"Take Action: Protect Maryland Communities from Industrial Pollution\" data-cvpsrc=\"https:\/\/waterkeeperschesapeake.org\/wp-content\/uploads\/2023\/11\/Md-Industrial-SW-permit-action-alert-600px-300x300.png\" \/><\/a>\n<h4 class=\"pt-cv-title\"><a href=\"https:\/\/waterkeeperschesapeake.org\/es\/take-action-protect-maryland-communities-from-industrial-pollution\/\" class=\"_self cvplbd\" target=\"_self\">Take Action: Protect Maryland Communities from Industrial Pollution<\/a><\/h4>\n<div class=\"pt-cv-content\">Increasing rainfall due to climate change is supercharging the pollution coming off of industrial sites, leading to serious health impacts ...<br \/><div class=\"pt-cv-rmwrap\"><a href=\"https:\/\/waterkeeperschesapeake.org\/es\/take-action-protect-maryland-communities-from-industrial-pollution\/\" class=\"_self pt-cv-readmore btn btn-success cvprmct  cvplbd\" target=\"_self\">Read More<\/a><\/div><\/div><\/div><\/div><\/div><\/div>\n<div class=\"text-center pt-cv-pagination-wrapper\"><ul class=\"pt-cv-pagination pt-cv-ajax pagination\" data-totalpages=\"7\" data-currentpage=\"1\" data-sid=\"6c4ceb0imd\" data-unid=\"\" data-isblock=\"\" data-postid=\"\"><li class=\"active\"><a href=\"#\">1<\/a><\/li>\n\t<li ><a class=\"\" href=\"https:\/\/waterkeeperschesapeake.org\/es\/wp-json\/wp\/v2\/pages\/44\/?_page=2\">2<\/a><\/li>\n\t<li ><a class=\"\" href=\"https:\/\/waterkeeperschesapeake.org\/es\/wp-json\/wp\/v2\/pages\/44\/?_page=3\">3<\/a><\/li>\n\t<li ><a href=\"#\">&hellip;<\/a><\/li>\n\t<li ><a class=\"\" href=\"https:\/\/waterkeeperschesapeake.org\/es\/wp-json\/wp\/v2\/pages\/44\/?_page=7\">7<\/a><\/li>\n\t<li ><a class=\" \" href=\"https:\/\/waterkeeperschesapeake.org\/es\/wp-json\/wp\/v2\/pages\/44\/?_page=2\">&rsaquo;<\/a><\/li>\n\t<\/ul><img decoding=\"async\" width=\"15\" height=\"15\" class=\"pt-cv-spinner\" alt=\"Loading...\" src=\"data:image\/gif;base64,R0lGODlhDwAPALMPAMrKygwMDJOTkz09PZWVla+vr3p6euTk5M7OzuXl5TMzMwAAAJmZmWZmZszMzP\/\/\/yH\/C05FVFNDQVBFMi4wAwEAAAAh+QQFCgAPACwAAAAADwAPAAAEQvDJaZaZOIcV8iQK8VRX4iTYoAwZ4iCYoAjZ4RxejhVNoT+mRGP4cyF4Pp0N98sBGIBMEMOotl6YZ3S61Bmbkm4mAgAh+QQFCgAPACwAAAAADQANAAAENPDJSRSZeA418itN8QiK8BiLITVsFiyBBIoYqnoewAD4xPw9iY4XLGYSjkQR4UAUD45DLwIAIfkEBQoADwAsAAAAAA8ACQAABC\/wyVlamTi3nSdgwFNdhEJgTJoNyoB9ISYoQmdjiZPcj7EYCAeCF1gEDo4Dz2eIAAAh+QQFCgAPACwCAAAADQANAAAEM\/DJBxiYeLKdX3IJZT1FU0iIg2RNKx3OkZVnZ98ToRD4MyiDnkAh6BkNC0MvsAj0kMpHBAAh+QQFCgAPACwGAAAACQAPAAAEMDC59KpFDll73HkAA2wVY5KgiK5b0RRoI6MuzG6EQqCDMlSGheEhUAgqgUUAFRySIgAh+QQFCgAPACwCAAIADQANAAAEM\/DJKZNLND\/kkKaHc3xk+QAMYDKsiaqmZCxGVjSFFCxB1vwy2oOgIDxuucxAMTAJFAJNBAAh+QQFCgAPACwAAAYADwAJAAAEMNAs86q1yaWwwv2Ig0jUZx3OYa4XoRAfwADXoAwfo1+CIjyFRuEho60aSNYlOPxEAAAh+QQFCgAPACwAAAIADQANAAAENPA9s4y8+IUVcqaWJ4qEQozSoAzoIyhCK2NFU2SJk0hNnyEOhKR2AzAAj4Pj4GE4W0bkJQIAOw==\" \/><div class=\"clear pt-cv-clear-pagination\"><\/div><\/div><\/div>\t\t\t<style type=\"text\/css\" id=\"pt-cv-inline-style-4a4bee5xg6\">#pt-cv-view-6c4ceb0imd .pt-cv-ifield { padding-top: 10px !important; padding-right: 10px !important; padding-bottom: 10px !important; padding-left: 10px !important; }\n#pt-cv-view-6c4ceb0imd  .pt-cv-ifield   { background-color: rgba(188,216,212,0.49) !important; }\n#pt-cv-view-6c4ceb0imd .pt-cv-href-thumbnail  { margin-left: auto !important; margin-right: auto !important; display: block !important; text-align: center !important; clear: both !important; }\n#pt-cv-view-6c4ceb0imd .pt-cv-readmore  { margin-left: auto !important; margin-right: auto !important; float: none !important; display: table !important; text-align: center !important; clear: both !important; }\n#pt-cv-view-6c4ceb0imd  + .pt-cv-pagination-wrapper .pt-cv-more , #pt-cv-view-6c4ceb0imd  + .pt-cv-pagination-wrapper .pagination .active a, .pt-cv-pagination[data-sid='6c4ceb0imd'] .active a { background-color: #447c7a !important; }<\/style>\r\n\t\t\t\n","protected":false},"excerpt":{"rendered":"<p>Nuestros arroyos y r\u00edos urbanos y suburbanos se ven afectados por escorrent\u00edas contaminadas cada vez que llueve. Estas escorrent\u00edas contaminadas son la fuente de contaminaci\u00f3n del agua de mayor crecimiento en nuestra regi\u00f3n debido al desarrollo excesivo, las regulaciones deficientes, la infraestructura obsoleta y la creciente frecuencia y severidad de las tormentas debido al cambio clim\u00e1tico. Las aguas pluviales transportan basura, petr\u00f3leo y sustancias t\u00f3xicas... <a title=\"Escorrent\u00eda de aguas pluviales contaminadas\" class=\"read-more\" href=\"https:\/\/waterkeeperschesapeake.org\/es\/polluted-stormwater-runoff\/\" aria-label=\"Leer m\u00e1s sobre Escorrent\u00eda de aguas pluviales contaminadas\">Lee mas<\/a><\/p>","protected":false},"author":3,"featured_media":0,"parent":0,"menu_order":7,"comment_status":"closed","ping_status":"closed","template":"","meta":{"_monsterinsights_skip_tracking":false,"_monsterinsights_sitenote_active":false,"_monsterinsights_sitenote_note":"","_monsterinsights_sitenote_category":0,"footnotes":""},"class_list":["post-44","page","type-page","status-publish"],"_links":{"self":[{"href":"https:\/\/waterkeeperschesapeake.org\/es\/wp-json\/wp\/v2\/pages\/44","targetHints":{"allow":["GET"]}}],"collection":[{"href":"https:\/\/waterkeeperschesapeake.org\/es\/wp-json\/wp\/v2\/pages"}],"about":[{"href":"https:\/\/waterkeeperschesapeake.org\/es\/wp-json\/wp\/v2\/types\/page"}],"author":[{"embeddable":true,"href":"https:\/\/waterkeeperschesapeake.org\/es\/wp-json\/wp\/v2\/users\/3"}],"replies":[{"embeddable":true,"href":"https:\/\/waterkeeperschesapeake.org\/es\/wp-json\/wp\/v2\/comments?post=44"}],"version-history":[{"count":0,"href":"https:\/\/waterkeeperschesapeake.org\/es\/wp-json\/wp\/v2\/pages\/44\/revisions"}],"wp:attachment":[{"href":"https:\/\/waterkeeperschesapeake.org\/es\/wp-json\/wp\/v2\/media?parent=44"}],"curies":[{"name":"gracias","href":"https:\/\/api.w.org\/{rel}","templated":true}]}}