{"id":42,"date":"2015-11-30T01:29:45","date_gmt":"2015-11-30T01:29:45","guid":{"rendered":"https:\/\/waterkeeperschesapeake.org\/fair-farms-campaign\/"},"modified":"2023-03-21T10:58:11","modified_gmt":"2023-03-21T14:58:11","slug":"fair-farms","status":"publish","type":"page","link":"https:\/\/waterkeeperschesapeake.org\/es\/fair-farms\/","title":{"rendered":"Granjas justas"},"content":{"rendered":"<div class=\"wp-block-image\">\n<figure class=\"alignleft size-medium is-resized\"><img decoding=\"async\" data-src=\"https:\/\/waterkeeperschesapeake.org\/wp-content\/uploads\/2015\/11\/FairFarms-brand_mark-RBG-300x300.jpg\" alt=\"\" class=\"wp-image-197 lazyload\" width=\"224\" height=\"224\" data-srcset=\"https:\/\/waterkeeperschesapeake.org\/wp-content\/uploads\/2015\/11\/FairFarms-brand_mark-RBG-300x300.jpg 300w, https:\/\/waterkeeperschesapeake.org\/wp-content\/uploads\/2015\/11\/FairFarms-brand_mark-RBG-150x150.jpg 150w, https:\/\/waterkeeperschesapeake.org\/wp-content\/uploads\/2015\/11\/FairFarms-brand_mark-RBG-768x768.jpg 768w, https:\/\/waterkeeperschesapeake.org\/wp-content\/uploads\/2015\/11\/FairFarms-brand_mark-RBG-1024x1024.jpg 1024w, https:\/\/waterkeeperschesapeake.org\/wp-content\/uploads\/2015\/11\/FairFarms-brand_mark-RBG.jpg 1500w\" data-sizes=\"(max-width: 224px) 100vw, 224px\" src=\"data:image\/svg+xml;base64,PHN2ZyB3aWR0aD0iMSIgaGVpZ2h0PSIxIiB4bWxucz0iaHR0cDovL3d3dy53My5vcmcvMjAwMC9zdmciPjwvc3ZnPg==\" style=\"--smush-placeholder-width: 224px; --smush-placeholder-aspect-ratio: 224\/224;\" \/><\/figure>\n<\/div>\n\n\n<p><strong>Fair Farms<\/strong> brings together farmers, Waterkeepers, conservation groups, green businesses, and policy-makers to promote sustainable agriculture practices that regenerate the land, diversify local economies, and protect our water and air. For too long, food production, water and public health have been disconnected in the public dialogue and policy-making. Our farming systems and ecosystems are badly damaged \u2014 to heal one we must heal them both. Together, we can build a fairer system that helps farmers be sustainable, benefits communities, and restores our lands and waters.<\/p>\n\n\n\n<p>Fair Farms, a multi-year public education and engagement initiative, was launched in 2015. Consumers, businesses, farmers working outside the industrial system, and allied nonprofit organizations, joined together to show that what\u2019s good for our food system and our environment is also good for our families and communities. We can demand greater transparency from our elected officials and big food producers, and demand limits on pollution. We can also build a fairer system that helps farmers be sustainable, benefits families, and restores our lands and waters.<\/p>\n\n\n\n<p><a href=\"https:\/\/waterkeeperschesapeake.org\/farmer-advisory-council\/\" target=\"_blank\" rel=\"noopener\"><strong>Farmer Advisory Council<\/strong><\/a>: Our Farmer Advisory Council comprises local farmers who provide guidance to Waterkeepers Chesapeake regarding our agricultural policy work. These farmers embody the principles of sustainability and educate our Waterkeeper members and policy-makers on the unique challenges facing farmers in their efforts to be responsible stewards of animals, land, water and air.<\/p>\n\n\n\n<hr class=\"wp-block-separator has-alpha-channel-opacity\"\/>\n\n\n<div class=\"pt-cv-wrapper\"><div class=\"pt-cv-view pt-cv-grid pt-cv-colsys pt-cv-same-height pt-cv-pgregular\" id=\"pt-cv-view-a12b8cchog\"><div data-id=\"pt-cv-page-1\" class=\"pt-cv-page\" data-cvc=\"4\" data-cvct=\"2\" data-cvcm=\"1\"><div class=\"col-md-3 col-sm-6 col-xs-12 pt-cv-content-item pt-cv-1-col\"  data-pid=\"40382\"><div class='pt-cv-ifield'><a href=\"https:\/\/waterkeeperschesapeake.org\/es\/justice-for-black-farmers-ira-funding-farm-bill-opportunities\/\" class=\"_self pt-cv-href-thumbnail pt-cv-thumb-default cvplbd cvp-lazy-container\" target=\"_self\"><img decoding=\"async\" width=\"300\" height=\"300\" src=\"https:\/\/waterkeeperschesapeake.org\/wp-content\/plugins\/pt-content-views-pro\/public\/assets\/images\/lazy_image.png\" class=\"pt-cv-thumbnail img-none skip-lazy  cvplazy\" alt=\"Justice for Black Farmers: IRA Funding &amp; Farm Bill Opportunities\" data-cvpsrc=\"https:\/\/waterkeeperschesapeake.org\/wp-content\/uploads\/2023\/10\/justice-for-black-farmers-IG-post-300x300.png\" \/><\/a>\n<h4 class=\"pt-cv-title\"><a href=\"https:\/\/waterkeeperschesapeake.org\/es\/justice-for-black-farmers-ira-funding-farm-bill-opportunities\/\" class=\"_self cvplbd\" target=\"_self\">Justice for Black Farmers: IRA Funding &#038; Farm Bill Opportunities<\/a><\/h4>\n<div class=\"pt-cv-content\">For decades, the U.S. Department of Agriculture (USDA) failed to treat Black farmers fairly when they applied for USDA farm ...<br \/><div class=\"pt-cv-rmwrap\"><a href=\"https:\/\/waterkeeperschesapeake.org\/es\/justice-for-black-farmers-ira-funding-farm-bill-opportunities\/\" class=\"_self pt-cv-readmore btn btn-success cvprmct  cvplbd\" target=\"_self\">Read More<\/a><\/div><\/div><\/div><\/div>\n<div class=\"col-md-3 col-sm-6 col-xs-12 pt-cv-content-item pt-cv-1-col\"  data-pid=\"40309\"><div class='pt-cv-ifield'><a href=\"https:\/\/waterkeeperschesapeake.org\/es\/action-alert-build-a-water-climate-friendly-farm-bill\/\" class=\"_self pt-cv-href-thumbnail pt-cv-thumb-default cvplbd cvp-lazy-container\" target=\"_self\"><img decoding=\"async\" width=\"300\" height=\"300\" src=\"https:\/\/waterkeeperschesapeake.org\/wp-content\/plugins\/pt-content-views-pro\/public\/assets\/images\/lazy_image.png\" class=\"pt-cv-thumbnail img-none skip-lazy  cvplazy\" alt=\"ACTION ALERT: Help build a water &amp; climate-friendly Farm Bill\" data-cvpsrc=\"https:\/\/waterkeeperschesapeake.org\/wp-content\/uploads\/2023\/10\/Farm-Bill-TAKE-ACTION-2-300x300.png\" \/><\/a>\n<h4 class=\"pt-cv-title\"><a href=\"https:\/\/waterkeeperschesapeake.org\/es\/action-alert-build-a-water-climate-friendly-farm-bill\/\" class=\"_self cvplbd\" target=\"_self\">ACTION ALERT: Help build a water &#038; climate-friendly Farm Bill<\/a><\/h4>\n<div class=\"pt-cv-content\">A beautiful autumn is upon us &#8211; complete with apples, cranberries, pumpkins, corn, squash and delicious family recipes. Yet none ...<br \/><div class=\"pt-cv-rmwrap\"><a href=\"https:\/\/waterkeeperschesapeake.org\/es\/action-alert-build-a-water-climate-friendly-farm-bill\/\" class=\"_self pt-cv-readmore btn btn-success cvprmct  cvplbd\" target=\"_self\">Read More<\/a><\/div><\/div><\/div><\/div>\n<div class=\"col-md-3 col-sm-6 col-xs-12 pt-cv-content-item pt-cv-1-col\"  data-pid=\"13508\"><div class='pt-cv-ifield'><a href=\"https:\/\/waterkeeperschesapeake.org\/es\/take-action-for-a-water-climate-friendly-farm-bill\/\" class=\"_self pt-cv-href-thumbnail pt-cv-thumb-default cvplbd cvp-lazy-container\" target=\"_self\"><img decoding=\"async\" width=\"300\" height=\"300\" src=\"https:\/\/waterkeeperschesapeake.org\/wp-content\/plugins\/pt-content-views-pro\/public\/assets\/images\/lazy_image.png\" class=\"pt-cv-thumbnail img-none skip-lazy  cvplazy\" alt=\"Take Action for a Water &amp; Climate-Friendly Farm Bill\" data-cvpsrc=\"https:\/\/waterkeeperschesapeake.org\/wp-content\/uploads\/2023\/08\/Farm-Bill-TAKE-ACTION-300x300.png\" \/><\/a>\n<h4 class=\"pt-cv-title\"><a href=\"https:\/\/waterkeeperschesapeake.org\/es\/take-action-for-a-water-climate-friendly-farm-bill\/\" class=\"_self cvplbd\" target=\"_self\">Take Action for a Water &#038; Climate-Friendly Farm Bill<\/a><\/h4>\n<div class=\"pt-cv-content\">Passed only once every five years, the federal Farm Bill is a package of legislation that has far-reaching impacts on ...<br \/><div class=\"pt-cv-rmwrap\"><a href=\"https:\/\/waterkeeperschesapeake.org\/es\/take-action-for-a-water-climate-friendly-farm-bill\/\" class=\"_self pt-cv-readmore btn btn-success cvprmct  cvplbd\" target=\"_self\">Read More<\/a><\/div><\/div><\/div><\/div>\n<div class=\"col-md-3 col-sm-6 col-xs-12 pt-cv-content-item pt-cv-1-col\"  data-pid=\"10877\"><div class='pt-cv-ifield'><a href=\"https:\/\/waterkeeperschesapeake.org\/es\/finding-common-ground-in-farms-solar-siting\/\" class=\"_self pt-cv-href-thumbnail pt-cv-thumb-default cvplbd cvp-lazy-container\" target=\"_self\"><img decoding=\"async\" width=\"300\" height=\"300\" src=\"https:\/\/waterkeeperschesapeake.org\/wp-content\/plugins\/pt-content-views-pro\/public\/assets\/images\/lazy_image.png\" class=\"pt-cv-thumbnail img-none skip-lazy  cvplazy\" alt=\"Finding Common Ground in Farms Solar Siting\" data-cvpsrc=\"https:\/\/waterkeeperschesapeake.org\/wp-content\/uploads\/2023\/03\/Finding-Common-Ground-in-Farms-Solar-Siting-300x300.png\" \/><\/a>\n<h4 class=\"pt-cv-title\"><a href=\"https:\/\/waterkeeperschesapeake.org\/es\/finding-common-ground-in-farms-solar-siting\/\" class=\"_self cvplbd\" target=\"_self\">Finding Common Ground in Farms Solar Siting<\/a><\/h4>\n<div class=\"pt-cv-content\">On Feb 7, Waterkeepers Chesapeake&#8217;s Fair Farms Initiative along with the Choose Clean Water Coalition hosted \u201cFinding Common Ground in ...<br \/><div class=\"pt-cv-rmwrap\"><a href=\"https:\/\/waterkeeperschesapeake.org\/es\/finding-common-ground-in-farms-solar-siting\/\" class=\"_self pt-cv-readmore btn btn-success cvprmct  cvplbd\" target=\"_self\">Read More<\/a><\/div><\/div><\/div><\/div><\/div><\/div>\n<div class=\"text-center pt-cv-pagination-wrapper\"><ul class=\"pt-cv-pagination pt-cv-ajax pagination\" data-totalpages=\"16\" data-currentpage=\"1\" data-sid=\"a12b8cchog\" data-unid=\"\" data-isblock=\"\" data-postid=\"\"><li class=\"active\"><a href=\"#\">1<\/a><\/li>\n\t<li ><a class=\"\" href=\"https:\/\/waterkeeperschesapeake.org\/es\/wp-json\/wp\/v2\/pages\/42\/?_page=2\">2<\/a><\/li>\n\t<li ><a class=\"\" href=\"https:\/\/waterkeeperschesapeake.org\/es\/wp-json\/wp\/v2\/pages\/42\/?_page=3\">3<\/a><\/li>\n\t<li ><a href=\"#\">&hellip;<\/a><\/li>\n\t<li ><a class=\"\" href=\"https:\/\/waterkeeperschesapeake.org\/es\/wp-json\/wp\/v2\/pages\/42\/?_page=16\">16<\/a><\/li>\n\t<li ><a class=\" \" href=\"https:\/\/waterkeeperschesapeake.org\/es\/wp-json\/wp\/v2\/pages\/42\/?_page=2\">&rsaquo;<\/a><\/li>\n\t<\/ul><img decoding=\"async\" width=\"15\" height=\"15\" class=\"pt-cv-spinner\" alt=\"Loading...\" src=\"data:image\/gif;base64,R0lGODlhDwAPALMPAMrKygwMDJOTkz09PZWVla+vr3p6euTk5M7OzuXl5TMzMwAAAJmZmWZmZszMzP\/\/\/yH\/C05FVFNDQVBFMi4wAwEAAAAh+QQFCgAPACwAAAAADwAPAAAEQvDJaZaZOIcV8iQK8VRX4iTYoAwZ4iCYoAjZ4RxejhVNoT+mRGP4cyF4Pp0N98sBGIBMEMOotl6YZ3S61Bmbkm4mAgAh+QQFCgAPACwAAAAADQANAAAENPDJSRSZeA418itN8QiK8BiLITVsFiyBBIoYqnoewAD4xPw9iY4XLGYSjkQR4UAUD45DLwIAIfkEBQoADwAsAAAAAA8ACQAABC\/wyVlamTi3nSdgwFNdhEJgTJoNyoB9ISYoQmdjiZPcj7EYCAeCF1gEDo4Dz2eIAAAh+QQFCgAPACwCAAAADQANAAAEM\/DJBxiYeLKdX3IJZT1FU0iIg2RNKx3OkZVnZ98ToRD4MyiDnkAh6BkNC0MvsAj0kMpHBAAh+QQFCgAPACwGAAAACQAPAAAEMDC59KpFDll73HkAA2wVY5KgiK5b0RRoI6MuzG6EQqCDMlSGheEhUAgqgUUAFRySIgAh+QQFCgAPACwCAAIADQANAAAEM\/DJKZNLND\/kkKaHc3xk+QAMYDKsiaqmZCxGVjSFFCxB1vwy2oOgIDxuucxAMTAJFAJNBAAh+QQFCgAPACwAAAYADwAJAAAEMNAs86q1yaWwwv2Ig0jUZx3OYa4XoRAfwADXoAwfo1+CIjyFRuEho60aSNYlOPxEAAAh+QQFCgAPACwAAAIADQANAAAENPA9s4y8+IUVcqaWJ4qEQozSoAzoIyhCK2NFU2SJk0hNnyEOhKR2AzAAj4Pj4GE4W0bkJQIAOw==\" \/><div class=\"clear pt-cv-clear-pagination\"><\/div><\/div><\/div>\t\t\t<style type=\"text\/css\" id=\"pt-cv-inline-style-6a8c909u29\">#pt-cv-view-a12b8cchog .pt-cv-ifield { padding-top: 10px !important; padding-right: 10px !important; padding-bottom: 10px !important; padding-left: 10px !important; }\n#pt-cv-view-a12b8cchog  .pt-cv-ifield   { background-color: rgba(188,216,212,0.49) !important; }\n#pt-cv-view-a12b8cchog .pt-cv-href-thumbnail  { margin-left: auto !important; margin-right: auto !important; display: block !important; text-align: center !important; clear: both !important; }\n#pt-cv-view-a12b8cchog .pt-cv-readmore  { margin-left: auto !important; margin-right: auto !important; float: none !important; display: table !important; text-align: center !important; clear: both !important; }\n#pt-cv-view-a12b8cchog  + .pt-cv-pagination-wrapper .pt-cv-more , #pt-cv-view-a12b8cchog  + .pt-cv-pagination-wrapper .pagination .active a, .pt-cv-pagination[data-sid='a12b8cchog'] .active a { background-color: #447c7a !important; }<\/style>\r\n\t\t\t\n","protected":false},"excerpt":{"rendered":"<p>Fair Farms re\u00fane a agricultores, Waterkeepers, grupos conservacionistas, empresas verdes y legisladores para promover pr\u00e1cticas agr\u00edcolas sostenibles que regeneren la tierra, diversifiquen las econom\u00edas locales y protejan el agua y el aire. Durante demasiado tiempo, la producci\u00f3n de alimentos, el agua y la salud p\u00fablica han estado desconectados del di\u00e1logo p\u00fablico y la formulaci\u00f3n de pol\u00edticas. Nuestros sistemas agr\u00edcolas y ecosistemas est\u00e1n gravemente... <a title=\"Granjas justas\" class=\"read-more\" href=\"https:\/\/waterkeeperschesapeake.org\/es\/fair-farms\/\" aria-label=\"Leer m\u00e1s sobre Fair Farms\">Lee mas<\/a><\/p>","protected":false},"author":3,"featured_media":0,"parent":0,"menu_order":9,"comment_status":"closed","ping_status":"closed","template":"","meta":{"_monsterinsights_skip_tracking":false,"_monsterinsights_sitenote_active":false,"_monsterinsights_sitenote_note":"","_monsterinsights_sitenote_category":0,"footnotes":""},"class_list":["post-42","page","type-page","status-publish"],"_links":{"self":[{"href":"https:\/\/waterkeeperschesapeake.org\/es\/wp-json\/wp\/v2\/pages\/42","targetHints":{"allow":["GET"]}}],"collection":[{"href":"https:\/\/waterkeeperschesapeake.org\/es\/wp-json\/wp\/v2\/pages"}],"about":[{"href":"https:\/\/waterkeeperschesapeake.org\/es\/wp-json\/wp\/v2\/types\/page"}],"author":[{"embeddable":true,"href":"https:\/\/waterkeeperschesapeake.org\/es\/wp-json\/wp\/v2\/users\/3"}],"replies":[{"embeddable":true,"href":"https:\/\/waterkeeperschesapeake.org\/es\/wp-json\/wp\/v2\/comments?post=42"}],"version-history":[{"count":0,"href":"https:\/\/waterkeeperschesapeake.org\/es\/wp-json\/wp\/v2\/pages\/42\/revisions"}],"wp:attachment":[{"href":"https:\/\/waterkeeperschesapeake.org\/es\/wp-json\/wp\/v2\/media?parent=42"}],"curies":[{"name":"gracias","href":"https:\/\/api.w.org\/{rel}","templated":true}]}}