{"id":3865,"date":"2019-06-03T20:34:39","date_gmt":"2019-06-03T20:34:39","guid":{"rendered":"https:\/\/waterkeeperschesapeake.org\/?page_id=3865"},"modified":"2025-05-14T11:34:05","modified_gmt":"2025-05-14T15:34:05","slug":"events","status":"publish","type":"page","link":"https:\/\/waterkeeperschesapeake.org\/es\/events\/","title":{"rendered":"Eventos"},"content":{"rendered":"<p>Echa un vistazo a los eventos organizados por Waterkeepers Chesapeake. Verificar <a href=\"https:\/\/waterkeeperschesapeake.org\/es\/calendar\/\">nuestro calendario en l\u00ednea<\/a> \u00a1Para obtener una lista completa de los eventos organizados por nuestros miembros de Waterkeeper!<\/p>\n<p>Aseg\u00farese de revisar nuestro <a href=\"https:\/\/www.facebook.com\/pg\/WaterkeepersChesapeake\/events\/?ref=page_internal\" target=\"_blank\" rel=\"noopener noreferrer\">Eventos de Facebook<\/a> tambi\u00e9n.<\/p>\n<hr \/>\n\n\n<div class=\"su-posts su-posts-default-loop\">\n\n\t\n\t\t\t\t\t\n\t\t\t\n\t\t\t<div id=\"su-post-159181\" class=\"su-post\">\n\n\t\t\t\t\t\t\t\t\t<a class=\"su-post-thumbnail\" href=\"https:\/\/waterkeeperschesapeake.org\/es\/chesapeake-bay-paddle-2026\/\"><img decoding=\"async\" width=\"1920\" height=\"1005\" data-src=\"https:\/\/waterkeeperschesapeake.org\/wp-content\/uploads\/2026\/02\/Bay-Paddle-2026.png\" class=\"attachment-post-thumbnail size-post-thumbnail wp-post-image lazyload\" alt=\"\" data-srcset=\"https:\/\/waterkeeperschesapeake.org\/wp-content\/uploads\/2026\/02\/Bay-Paddle-2026.png 1920w, https:\/\/waterkeeperschesapeake.org\/wp-content\/uploads\/2026\/02\/Bay-Paddle-2026-300x157.png 300w, https:\/\/waterkeeperschesapeake.org\/wp-content\/uploads\/2026\/02\/Bay-Paddle-2026-1024x536.png 1024w, https:\/\/waterkeeperschesapeake.org\/wp-content\/uploads\/2026\/02\/Bay-Paddle-2026-768x402.png 768w, https:\/\/waterkeeperschesapeake.org\/wp-content\/uploads\/2026\/02\/Bay-Paddle-2026-1536x804.png 1536w, https:\/\/waterkeeperschesapeake.org\/wp-content\/uploads\/2026\/02\/Bay-Paddle-2026-18x9.png 18w\" data-sizes=\"(max-width: 1920px) 100vw, 1920px\" src=\"data:image\/svg+xml;base64,PHN2ZyB3aWR0aD0iMSIgaGVpZ2h0PSIxIiB4bWxucz0iaHR0cDovL3d3dy53My5vcmcvMjAwMC9zdmciPjwvc3ZnPg==\" style=\"--smush-placeholder-width: 1920px; --smush-placeholder-aspect-ratio: 1920\/1005;\" \/><\/a>\n\t\t\t\t\n\t\t\t\t<h2 class=\"su-post-title\"><a href=\"https:\/\/waterkeeperschesapeake.org\/es\/chesapeake-bay-paddle-2026\/\">Bay Paddle \u2013 25 de julio de 2026<\/a><\/h2>\n\n\t\t\t\t<div class=\"su-post-meta\">\n\t\t\t\t\tPublicado: febrero 17, 2026\t\t\t\t<\/div>\n\n\t\t\t\t<div class=\"su-post-excerpt\">\n\t\t\t\t\t<p>&nbsp; &nbsp; &nbsp; El s\u00e1bado 25 de julio, la remada por la bah\u00eda es un d\u00eda \u00e9pico de carreras de remo y un festival posterior en la isla Kent para celebrar y ayudar a proteger la bah\u00eda de Chesapeake y sus afluentes. La remada por la bah\u00eda de Chesapeake se suma a los esfuerzos de la organizaci\u00f3n Chesapeake Conservancy para designar la bah\u00eda de Chesapeake como Parque Nacional, Waterkeepers Chesapeake\u2026 <a title=\"Bay Paddle \u2013 25 de julio de 2026\" class=\"read-more\" href=\"https:\/\/waterkeeperschesapeake.org\/es\/chesapeake-bay-paddle-2026\/\" aria-label=\"Leer m\u00e1s sobre Bay Paddle \u2013 25 de julio de 2026\">Lee mas<\/a><\/p>\n\t\t\t\t<\/div>\n\n\t\t\t\t\n\t\t\t<\/div>\n\n\t\t\n\t\n<\/div>","protected":false},"excerpt":{"rendered":"<p>Consulta los eventos organizados por Waterkeepers Chesapeake. Consulta nuestro calendario en l\u00ednea para obtener una lista completa de los eventos organizados por nuestros miembros de Waterkeeper. Aseg\u00farate de consultar tambi\u00e9n nuestros eventos de Facebook.<\/p>","protected":false},"author":3,"featured_media":0,"parent":0,"menu_order":0,"comment_status":"closed","ping_status":"closed","template":"","meta":{"_monsterinsights_skip_tracking":false,"_monsterinsights_sitenote_active":false,"_monsterinsights_sitenote_note":"","_monsterinsights_sitenote_category":0,"footnotes":""},"class_list":["post-3865","page","type-page","status-publish","hentry","resize-featured-image"],"_links":{"self":[{"href":"https:\/\/waterkeeperschesapeake.org\/es\/wp-json\/wp\/v2\/pages\/3865","targetHints":{"allow":["GET"]}}],"collection":[{"href":"https:\/\/waterkeeperschesapeake.org\/es\/wp-json\/wp\/v2\/pages"}],"about":[{"href":"https:\/\/waterkeeperschesapeake.org\/es\/wp-json\/wp\/v2\/types\/page"}],"author":[{"embeddable":true,"href":"https:\/\/waterkeeperschesapeake.org\/es\/wp-json\/wp\/v2\/users\/3"}],"replies":[{"embeddable":true,"href":"https:\/\/waterkeeperschesapeake.org\/es\/wp-json\/wp\/v2\/comments?post=3865"}],"version-history":[{"count":0,"href":"https:\/\/waterkeeperschesapeake.org\/es\/wp-json\/wp\/v2\/pages\/3865\/revisions"}],"wp:attachment":[{"href":"https:\/\/waterkeeperschesapeake.org\/es\/wp-json\/wp\/v2\/media?parent=3865"}],"curies":[{"name":"gracias","href":"https:\/\/api.w.org\/{rel}","templated":true}]}}