{"id":3722,"date":"2019-05-29T21:41:14","date_gmt":"2019-05-29T21:41:14","guid":{"rendered":"https:\/\/waterkeeperschesapeake.org\/?post_type=projects&#038;p=3722"},"modified":"2020-07-01T11:45:17","modified_gmt":"2020-07-01T15:45:17","slug":"atlantic-coast-offshore-drilling","status":"publish","type":"page","link":"https:\/\/waterkeeperschesapeake.org\/es\/atlantic-coast-offshore-drilling\/","title":{"rendered":"Perforaci\u00f3n en alta mar en la costa atl\u00e1ntica"},"content":{"rendered":"<p>El Departamento del Interior de los EE. UU. anunci\u00f3 que la mayor parte del \u00c1rtico y la costa sureste del Atl\u00e1ntico de los EE. UU. quedar\u00edan fuera de los l\u00edmites para la perforaci\u00f3n en alta mar como parte de un <a href=\"http:\/\/www.boem.gov\/2017-2022-Proposed-Program-Decision\/\" target=\"_blank\" rel=\"noopener noreferrer\">nuevo plan de perforaci\u00f3n de cinco a\u00f1os<\/a>. Esta victoria fue el resultado del arduo trabajo de los <a href=\"http:\/\/www.assateaguecoastkeeper.org\/\" target=\"_blank\" rel=\"noopener noreferrer\">Fideicomiso costero de Assateague<\/a>, Waterkeeper Alliance y nuestros muchos otros socios como Oceana y Surfrider. Reunieron a m\u00e1s de 100 ciudades, pueblos y grupos locales en la costa este para oponerse a la perforaci\u00f3n en alta mar. Desafortunadamente, bajo la administraci\u00f3n Trump, esta victoria se ve amenazada y, debido a esto, la Costa Atl\u00e1ntica podr\u00eda abrirse nuevamente para la prospecci\u00f3n y perforaci\u00f3n de petr\u00f3leo y gas.<\/p>\n<div class=\"su-heading su-heading-style-default su-heading-align-center\" id=\"\" style=\"font-size:28px;margin-bottom:10px\"><div class=\"su-heading-inner\">\u00faltimas publicaciones<\/div><\/div>\n\n\n<div class=\"su-posts su-posts-default-loop\">\n\n\t\n\t\t\t\t\t\n\t\t\t\n\t\t\t<div id=\"su-post-760\" class=\"su-post\">\n\n\t\t\t\t\t\t\t\t\t<a class=\"su-post-thumbnail\" href=\"https:\/\/waterkeeperschesapeake.org\/es\/maryland-s-2018-legislative-session-wrap-up\/\"><img decoding=\"async\" width=\"1200\" height=\"1015\" data-src=\"https:\/\/waterkeeperschesapeake.org\/wp-content\/uploads\/2019\/01\/4effff5398b13b476604d4d8450bedfd.jpg\" class=\"attachment-post-thumbnail size-post-thumbnail wp-post-image lazyload\" alt=\"\" data-srcset=\"https:\/\/waterkeeperschesapeake.org\/wp-content\/uploads\/2019\/01\/4effff5398b13b476604d4d8450bedfd.jpg 1200w, https:\/\/waterkeeperschesapeake.org\/wp-content\/uploads\/2019\/01\/4effff5398b13b476604d4d8450bedfd-300x254.jpg 300w, https:\/\/waterkeeperschesapeake.org\/wp-content\/uploads\/2019\/01\/4effff5398b13b476604d4d8450bedfd-768x650.jpg 768w, https:\/\/waterkeeperschesapeake.org\/wp-content\/uploads\/2019\/01\/4effff5398b13b476604d4d8450bedfd-1024x866.jpg 1024w\" data-sizes=\"(max-width: 1200px) 100vw, 1200px\" src=\"data:image\/svg+xml;base64,PHN2ZyB3aWR0aD0iMSIgaGVpZ2h0PSIxIiB4bWxucz0iaHR0cDovL3d3dy53My5vcmcvMjAwMC9zdmciPjwvc3ZnPg==\" style=\"--smush-placeholder-width: 1200px; --smush-placeholder-aspect-ratio: 1200\/1015;\" \/><\/a>\n\t\t\t\t\n\t\t\t\t<h2 class=\"su-post-title\"><a href=\"https:\/\/waterkeeperschesapeake.org\/es\/maryland-s-2018-legislative-session-wrap-up\/\">Resumen de la sesi\u00f3n legislativa de 2018 de Maryland<\/a><\/h2>\n\n\t\t\t\t<div class=\"su-post-meta\">\n\t\t\t\t\tPublicado: 1 de mayo de 2018\t\t\t\t<\/div>\n\n\t\t\t\t<div class=\"su-post-excerpt\">\n\t\t\t\t\t<p>Con la finalizaci\u00f3n de la Sesi\u00f3n Maryland de 2018 a principios de este mes, queremos informarles sobre las importantes victorias legislativas que logramos, junto con algunas de las pol\u00edticas que podr\u00edamos revisar en 2019. Durante los \u00faltimos meses, Waterkeepers Chesapeake se asoci\u00f3 con los defensores del agua de Maryland y otras organizaciones ambientales en la Asamblea General... <a title=\"Resumen de la sesi\u00f3n legislativa de 2018 de Maryland\" class=\"read-more\" href=\"https:\/\/waterkeeperschesapeake.org\/es\/maryland-s-2018-legislative-session-wrap-up\/\" aria-label=\"Leer m\u00e1s sobre Resumen de la Sesi\u00f3n Legislativa 2018 del Maryland\">Lee mas<\/a><\/p>\n\t\t\t\t<\/div>\n\n\t\t\t\t\n\t\t\t<\/div>\n\n\t\t\t\t\t\n\t\t\t\n\t\t\t<div id=\"su-post-688\" class=\"su-post\">\n\n\t\t\t\t\t\t\t\t\t<a class=\"su-post-thumbnail\" href=\"https:\/\/waterkeeperschesapeake.org\/es\/offshore-drilling-plan-threatens-atlantic-coast-ignores-overwhelming-opposition\/\"><img decoding=\"async\" width=\"1200\" height=\"900\" data-src=\"https:\/\/waterkeeperschesapeake.org\/wp-content\/uploads\/2017\/08\/b42628f79a294675b36162209f86e045.jpg\" class=\"attachment-post-thumbnail size-post-thumbnail wp-post-image lazyload\" alt=\"\" data-srcset=\"https:\/\/waterkeeperschesapeake.org\/wp-content\/uploads\/2017\/08\/b42628f79a294675b36162209f86e045.jpg 1200w, https:\/\/waterkeeperschesapeake.org\/wp-content\/uploads\/2017\/08\/b42628f79a294675b36162209f86e045-300x225.jpg 300w, https:\/\/waterkeeperschesapeake.org\/wp-content\/uploads\/2017\/08\/b42628f79a294675b36162209f86e045-768x576.jpg 768w, https:\/\/waterkeeperschesapeake.org\/wp-content\/uploads\/2017\/08\/b42628f79a294675b36162209f86e045-1024x768.jpg 1024w\" data-sizes=\"(max-width: 1200px) 100vw, 1200px\" src=\"data:image\/svg+xml;base64,PHN2ZyB3aWR0aD0iMSIgaGVpZ2h0PSIxIiB4bWxucz0iaHR0cDovL3d3dy53My5vcmcvMjAwMC9zdmciPjwvc3ZnPg==\" style=\"--smush-placeholder-width: 1200px; --smush-placeholder-aspect-ratio: 1200\/900;\" \/><\/a>\n\t\t\t\t\n\t\t\t\t<h2 class=\"su-post-title\"><a href=\"https:\/\/waterkeeperschesapeake.org\/es\/offshore-drilling-plan-threatens-atlantic-coast-ignores-overwhelming-opposition\/\">Plan de perforaci\u00f3n costa afuera amenaza la costa atl\u00e1ntica e ignora la oposici\u00f3n abrumadora<\/a><\/h2>\n\n\t\t\t\t<div class=\"su-post-meta\">\n\t\t\t\t\tPublicado: 16 de agosto de 2017\t\t\t\t<\/div>\n\n\t\t\t\t<div class=\"su-post-excerpt\">\n\t\t\t\t\t<p>El 16 de agosto de 2017, en nombre de la Alianza Waterkeepers Chesapeake, Assateague Coastkeeper, Waterkeeper y m\u00e1s de 70 organizaciones que representan a miles de empresas y ciudadanos, el Centro de Derecho Ambiental del Sur (SELC) present\u00f3 comentarios solicitando a la Administraci\u00f3n Trump que rechazara las perforaciones marinas en el Atl\u00e1ntico. El SELC emiti\u00f3 la siguiente declaraci\u00f3n: Los comentarios dec\u00edan: \u00abAbrir el Atl\u00e1ntico a la explotaci\u00f3n petrolera marina y\u2026\u00bb <a title=\"Plan de perforaci\u00f3n costa afuera amenaza la costa atl\u00e1ntica e ignora la oposici\u00f3n abrumadora\" class=\"read-more\" href=\"https:\/\/waterkeeperschesapeake.org\/es\/offshore-drilling-plan-threatens-atlantic-coast-ignores-overwhelming-opposition\/\" aria-label=\"Leer m\u00e1s sobre Plan de perforaci\u00f3n costa afuera amenaza la costa atl\u00e1ntica, ignora la abrumadora oposici\u00f3n\">Lee mas<\/a><\/p>\n\t\t\t\t<\/div>\n\n\t\t\t\t\n\t\t\t<\/div>\n\n\t\t\t\t\t\n\t\t\t\n\t\t\t<div id=\"su-post-138\" class=\"su-post\">\n\n\t\t\t\t\t\t\t\t\t<a class=\"su-post-thumbnail\" href=\"https:\/\/waterkeeperschesapeake.org\/es\/victory-atlantic-coast-protected-from-offshore-drilling\/\"><img decoding=\"async\" width=\"250\" height=\"270\" data-src=\"https:\/\/waterkeeperschesapeake.org\/wp-content\/uploads\/2016\/03\/d063d8b7c1471349d2847c26ce4e4d8c.jpg\" class=\"attachment-post-thumbnail size-post-thumbnail wp-post-image lazyload\" alt=\"\" src=\"data:image\/svg+xml;base64,PHN2ZyB3aWR0aD0iMSIgaGVpZ2h0PSIxIiB4bWxucz0iaHR0cDovL3d3dy53My5vcmcvMjAwMC9zdmciPjwvc3ZnPg==\" style=\"--smush-placeholder-width: 250px; --smush-placeholder-aspect-ratio: 250\/270;\" \/><\/a>\n\t\t\t\t\n\t\t\t\t<h2 class=\"su-post-title\"><a href=\"https:\/\/waterkeeperschesapeake.org\/es\/victory-atlantic-coast-protected-from-offshore-drilling\/\">\u00a1Victoria! Costa atl\u00e1ntica protegida de la perforaci\u00f3n en alta mar<\/a><\/h2>\n\n\t\t\t\t<div class=\"su-post-meta\">\n\t\t\t\t\tPublicado: 15 de marzo de 2016\t\t\t\t<\/div>\n\n\t\t\t\t<div class=\"su-post-excerpt\">\n\t\t\t\t\t<p>\u00a1Victoria! Hoy, el Departamento del Interior anunci\u00f3 que, como parte de un nuevo plan quinquenal de perforaci\u00f3n, pr\u00e1cticamente todo el \u00c1rtico y la costa atl\u00e1ntica sureste de EE. UU. quedar\u00e1n fuera del alcance de las perforaciones marinas. La secretaria Jewel tuite\u00f3: \u00daLTIMA HORA \u2192 El pr\u00f3ximo plan quinquenal propuesto para perforaciones marinas protege el Atl\u00e1ntico para las generaciones futuras. SJ Gracias al arduo trabajo\u2026 <a title=\"\u00a1Victoria! Costa atl\u00e1ntica protegida de la perforaci\u00f3n en alta mar\" class=\"read-more\" href=\"https:\/\/waterkeeperschesapeake.org\/es\/victory-atlantic-coast-protected-from-offshore-drilling\/\" aria-label=\"Leer m\u00e1s sobre \u00a1Victoria! Costa Atl\u00e1ntica protegida de la perforaci\u00f3n en alta mar\">Lee mas<\/a><\/p>\n\t\t\t\t<\/div>\n\n\t\t\t\t\n\t\t\t<\/div>\n\n\t\t\t\t\t\n\t\t\t\n\t\t\t<div id=\"su-post-84\" class=\"su-post\">\n\n\t\t\t\t\t\t\t\t\t<a class=\"su-post-thumbnail\" href=\"https:\/\/waterkeeperschesapeake.org\/es\/myeastcoast-no-offshore-drilling-social-media-blitz\/\"><img decoding=\"async\" width=\"1000\" height=\"750\" data-src=\"https:\/\/waterkeeperschesapeake.org\/wp-content\/uploads\/2015\/09\/00e7056ec788d5b42162a6c13dbba43c.jpg\" class=\"attachment-post-thumbnail size-post-thumbnail wp-post-image lazyload\" alt=\"\" data-srcset=\"https:\/\/waterkeeperschesapeake.org\/wp-content\/uploads\/2015\/09\/00e7056ec788d5b42162a6c13dbba43c.jpg 1000w, https:\/\/waterkeeperschesapeake.org\/wp-content\/uploads\/2015\/09\/00e7056ec788d5b42162a6c13dbba43c-300x225.jpg 300w, https:\/\/waterkeeperschesapeake.org\/wp-content\/uploads\/2015\/09\/00e7056ec788d5b42162a6c13dbba43c-768x576.jpg 768w\" data-sizes=\"(max-width: 1000px) 100vw, 1000px\" src=\"data:image\/svg+xml;base64,PHN2ZyB3aWR0aD0iMSIgaGVpZ2h0PSIxIiB4bWxucz0iaHR0cDovL3d3dy53My5vcmcvMjAwMC9zdmciPjwvc3ZnPg==\" style=\"--smush-placeholder-width: 1000px; --smush-placeholder-aspect-ratio: 1000\/750;\" \/><\/a>\n\t\t\t\t\n\t\t\t\t<h2 class=\"su-post-title\"><a href=\"https:\/\/waterkeeperschesapeake.org\/es\/myeastcoast-no-offshore-drilling-social-media-blitz\/\">#MyEastCoast: No a la perforaci\u00f3n en alta mar Bombardeo en las redes sociales<\/a><\/h2>\n\n\t\t\t\t<div class=\"su-post-meta\">\n\t\t\t\t\tPublicado: 3 de septiembre de 2015\t\t\t\t<\/div>\n\n\t\t\t\t<div class=\"su-post-excerpt\">\n\t\t\t\t\t<p>Este fin de semana del D\u00eda del Trabajo, participa en una protesta en redes sociales para decir &quot;\u00a1No a las perforaciones marinas en #MyEastCoast!&quot;. Los Waterkeeper de toda la Costa Este te piden ayuda para difundir que la Costa Atl\u00e1ntica no debe abrirse a las pruebas s\u00edsmicas, la perforaci\u00f3n marina ni la fracturaci\u00f3n hidr\u00e1ulica para la extracci\u00f3n de petr\u00f3leo y gas. Cuando... <a title=\"#MyEastCoast: No a la perforaci\u00f3n en alta mar Bombardeo en las redes sociales\" class=\"read-more\" href=\"https:\/\/waterkeeperschesapeake.org\/es\/myeastcoast-no-offshore-drilling-social-media-blitz\/\" aria-label=\"Leer m\u00e1s sobre #MyEastCoast: No a la perforaci\u00f3n en alta mar Bombardeo de redes sociales\">Lee mas<\/a><\/p>\n\t\t\t\t<\/div>\n\n\t\t\t\t\n\t\t\t<\/div>\n\n\t\t\t\t\t\n\t\t\t\n\t\t\t<div id=\"su-post-78\" class=\"su-post\">\n\n\t\t\t\t\t\t\t\t\t<a class=\"su-post-thumbnail\" href=\"https:\/\/waterkeeperschesapeake.org\/es\/wkc-comments-opposing-atlantic-offshore-drilling\/\"><img decoding=\"async\" width=\"1000\" height=\"750\" data-src=\"https:\/\/waterkeeperschesapeake.org\/wp-content\/uploads\/2015\/03\/13f34e2b533e12c6166f88368dcd8c07.jpg\" class=\"attachment-post-thumbnail size-post-thumbnail wp-post-image lazyload\" alt=\"\" data-srcset=\"https:\/\/waterkeeperschesapeake.org\/wp-content\/uploads\/2015\/03\/13f34e2b533e12c6166f88368dcd8c07.jpg 1000w, https:\/\/waterkeeperschesapeake.org\/wp-content\/uploads\/2015\/03\/13f34e2b533e12c6166f88368dcd8c07-300x225.jpg 300w, https:\/\/waterkeeperschesapeake.org\/wp-content\/uploads\/2015\/03\/13f34e2b533e12c6166f88368dcd8c07-768x576.jpg 768w\" data-sizes=\"(max-width: 1000px) 100vw, 1000px\" src=\"data:image\/svg+xml;base64,PHN2ZyB3aWR0aD0iMSIgaGVpZ2h0PSIxIiB4bWxucz0iaHR0cDovL3d3dy53My5vcmcvMjAwMC9zdmciPjwvc3ZnPg==\" style=\"--smush-placeholder-width: 1000px; --smush-placeholder-aspect-ratio: 1000\/750;\" \/><\/a>\n\t\t\t\t\n\t\t\t\t<h2 class=\"su-post-title\"><a href=\"https:\/\/waterkeeperschesapeake.org\/es\/wkc-comments-opposing-atlantic-offshore-drilling\/\">Waterkeepers Chesapeake se opone firmemente a la perforaci\u00f3n en alta mar en el Atl\u00e1ntico<\/a><\/h2>\n\n\t\t\t\t<div class=\"su-post-meta\">\n\t\t\t\t\tPublicado: 30 de marzo de 2015\t\t\t\t<\/div>\n\n\t\t\t\t<div class=\"su-post-excerpt\">\n\t\t\t\t\t<p>Hoy, Waterkeepers Chesapeake present\u00f3 comentarios a la Oficina de Gesti\u00f3n de la Energ\u00eda Oce\u00e1nica (BOEM) expresando su firme oposici\u00f3n a la inclusi\u00f3n de las \u00e1reas de planificaci\u00f3n del Atl\u00e1ntico Medio y Sur en el borrador del Programa de Arrendamiento de Petr\u00f3leo y Gas de la Plataforma Continental Exterior (OCS) 2017-2022 de la Oficina. Waterkeepers Chesapeake, una coalici\u00f3n de 18 programas independientes Waterkeeper ubicados\u2026 <a title=\"Waterkeepers Chesapeake se opone firmemente a la perforaci\u00f3n en alta mar en el Atl\u00e1ntico\" class=\"read-more\" href=\"https:\/\/waterkeeperschesapeake.org\/es\/wkc-comments-opposing-atlantic-offshore-drilling\/\" aria-label=\"Leer m\u00e1s sobre Waterkeepers Chesapeake se opone firmemente a la perforaci\u00f3n costa afuera del Atl\u00e1ntico\">Lee mas<\/a><\/p>\n\t\t\t\t<\/div>\n\n\t\t\t\t\n\t\t\t<\/div>\n\n\t\t\n\t\n<\/div>","protected":false},"excerpt":{"rendered":"<p>El Departamento del Interior de EE. UU. anunci\u00f3 que pr\u00e1cticamente todo el \u00c1rtico y la costa atl\u00e1ntica sureste del pa\u00eds quedar\u00edan vetados para la perforaci\u00f3n en alta mar como parte de un nuevo plan quinquenal de perforaci\u00f3n. Esta victoria fue fruto del arduo trabajo de Assateague Coastal Trust, la Alianza Waterkeeper y nuestros numerosos socios, como\u2026 <a title=\"Waterkeepers Chesapeake se opone firmemente a la perforaci\u00f3n en alta mar en el Atl\u00e1ntico\" class=\"read-more\" href=\"https:\/\/waterkeeperschesapeake.org\/es\/wkc-comments-opposing-atlantic-offshore-drilling\/\" aria-label=\"Leer m\u00e1s sobre Waterkeepers Chesapeake se opone firmemente a la perforaci\u00f3n costa afuera del Atl\u00e1ntico\">Lee mas<\/a><\/p>","protected":false},"author":3,"featured_media":0,"parent":0,"menu_order":0,"comment_status":"closed","ping_status":"closed","template":"","meta":{"_monsterinsights_skip_tracking":false,"_monsterinsights_sitenote_active":false,"_monsterinsights_sitenote_note":"","_monsterinsights_sitenote_category":0,"footnotes":""},"class_list":["post-3722","page","type-page","status-publish","hentry"],"_links":{"self":[{"href":"https:\/\/waterkeeperschesapeake.org\/es\/wp-json\/wp\/v2\/pages\/3722","targetHints":{"allow":["GET"]}}],"collection":[{"href":"https:\/\/waterkeeperschesapeake.org\/es\/wp-json\/wp\/v2\/pages"}],"about":[{"href":"https:\/\/waterkeeperschesapeake.org\/es\/wp-json\/wp\/v2\/types\/page"}],"author":[{"embeddable":true,"href":"https:\/\/waterkeeperschesapeake.org\/es\/wp-json\/wp\/v2\/users\/3"}],"replies":[{"embeddable":true,"href":"https:\/\/waterkeeperschesapeake.org\/es\/wp-json\/wp\/v2\/comments?post=3722"}],"version-history":[{"count":0,"href":"https:\/\/waterkeeperschesapeake.org\/es\/wp-json\/wp\/v2\/pages\/3722\/revisions"}],"wp:attachment":[{"href":"https:\/\/waterkeeperschesapeake.org\/es\/wp-json\/wp\/v2\/media?parent=3722"}],"curies":[{"name":"gracias","href":"https:\/\/api.w.org\/{rel}","templated":true}]}}