{"id":3680,"date":"2019-05-29T20:35:22","date_gmt":"2019-05-29T20:35:22","guid":{"rendered":"https:\/\/waterkeeperschesapeake.org\/?post_type=projects&#038;p=3680"},"modified":"2023-01-31T20:32:37","modified_gmt":"2023-02-01T01:32:37","slug":"coal","status":"publish","type":"page","link":"https:\/\/waterkeeperschesapeake.org\/es\/coal\/","title":{"rendered":"Carb\u00f3n"},"content":{"rendered":"<figure id=\"attachment_858\" aria-describedby=\"caption-attachment-858\" style=\"width: 290px\" class=\"wp-caption alignright\"><img decoding=\"async\" class=\"wp-image-858 size-medium lazyload\" data-src=\"https:\/\/waterkeeperschesapeake.org\/wp-content\/uploads\/2019\/02\/b48f2c03bbd159814922841bfb3fe7d7-300x199.jpg\" alt=\"Aerial photo of coal ash ponds \" width=\"300\" height=\"199\" data-srcset=\"https:\/\/waterkeeperschesapeake.org\/wp-content\/uploads\/2019\/02\/b48f2c03bbd159814922841bfb3fe7d7-300x199.jpg 300w, https:\/\/waterkeeperschesapeake.org\/wp-content\/uploads\/2019\/02\/b48f2c03bbd159814922841bfb3fe7d7-768x510.jpg 768w, https:\/\/waterkeeperschesapeake.org\/wp-content\/uploads\/2019\/02\/b48f2c03bbd159814922841bfb3fe7d7-1024x680.jpg 1024w, https:\/\/waterkeeperschesapeake.org\/wp-content\/uploads\/2019\/02\/b48f2c03bbd159814922841bfb3fe7d7.jpg 1200w\" data-sizes=\"(max-width: 300px) 100vw, 300px\" src=\"data:image\/svg+xml;base64,PHN2ZyB3aWR0aD0iMSIgaGVpZ2h0PSIxIiB4bWxucz0iaHR0cDovL3d3dy53My5vcmcvMjAwMC9zdmciPjwvc3ZnPg==\" style=\"--smush-placeholder-width: 300px; --smush-placeholder-aspect-ratio: 300\/199;\" \/><figcaption id=\"caption-attachment-858\" class=\"wp-caption-text\">Foto a\u00e9rea de los estanques de Possum Point por Alan Lehman de Potomac Riverkeeper Network<\/figcaption><\/figure>\n<p>Bajo la administraci\u00f3n de Obama, la Agencia de Protecci\u00f3n Ambiental adopt\u00f3 protecciones federales contra los peligros que representan las cenizas de carb\u00f3n t\u00f3xicas. Esa regla requiere el cierre de vertederos de cenizas en lugares peligrosos, la inspecci\u00f3n de estanques y el control de las aguas subterr\u00e1neas cerca de los sitios. Tambi\u00e9n requiere el cierre de los estanques con fugas, la limpieza de la contaminaci\u00f3n, el cierre seguro de los vertederos y la exhibici\u00f3n p\u00fablica de los resultados de las pruebas. Bajo Scott Pruitt, el EPA propuso debilitar o eliminar las salvaguardias y protecciones contra los peligros que representan las cenizas. Estos cambios ponen en riesgo la salud y el bienestar de las comunidades en los r\u00edos Potomac, James, Susquehanna, Patuxent y muchos otros.<\/p>\n<p>Los estados comenzaron a emitir permisos para el cierre de estanques con fugas ubicados a lo largo de los r\u00edos en el DMV. En Virginia, varias centrales el\u00e9ctricas de Dominion Energy lucharon para tapar in situ los estanques t\u00f3xicos. Potomac Riverkeeper, James Riverkeeper y Waterkeepers Chesapeake organizaron a las comunidades afectadas, legisladores y otros grupos para luchar contra este plan. En 2019, esta ardua campa\u00f1a result\u00f3 en la aprobaci\u00f3n del proyecto de ley Virginia para la Eliminaci\u00f3n Segura de Cenizas de Carb\u00f3n (SB 1355). Este proyecto de ley exige la eliminaci\u00f3n segura de 28 millones de toneladas de cenizas t\u00f3xicas que Dominion Energy tiene almacenadas en las orillas de los r\u00edos Potomac, James y Elizabeth. Gracias a este proyecto de ley, se sienta un precedente nacional sobre c\u00f3mo eliminar de forma segura un legado de cenizas t\u00f3xicas almacenadas a lo largo de nuestras v\u00edas fluviales en nuestra regi\u00f3n y en todo el pa\u00eds.<\/p>\n<div class=\"su-heading su-heading-style-default su-heading-align-center\" id=\"\" style=\"font-size:28px;margin-bottom:10px\"><div class=\"su-heading-inner\">\u00daltimos proyectos<\/div><\/div>\n\n\n<div class=\"su-posts su-posts-default-loop\">\n\n\t\n\t\t\t\t\t\n\t\t\t\n\t\t\t<div id=\"su-post-2094\" class=\"su-post\">\n\n\t\t\t\t\t\t\t\t\t<a class=\"su-post-thumbnail\" href=\"https:\/\/waterkeeperschesapeake.org\/es\/projects\/coal-ash\/\"><img decoding=\"async\" width=\"748\" height=\"633\" data-src=\"https:\/\/waterkeeperschesapeake.org\/wp-content\/uploads\/2017\/11\/Dec4rally-cropped.jpg\" class=\"attachment-post-thumbnail size-post-thumbnail wp-post-image lazyload\" alt=\"\" data-srcset=\"https:\/\/waterkeeperschesapeake.org\/wp-content\/uploads\/2017\/11\/Dec4rally-cropped.jpg 748w, https:\/\/waterkeeperschesapeake.org\/wp-content\/uploads\/2017\/11\/Dec4rally-cropped-300x254.jpg 300w\" data-sizes=\"(max-width: 748px) 100vw, 748px\" src=\"data:image\/svg+xml;base64,PHN2ZyB3aWR0aD0iMSIgaGVpZ2h0PSIxIiB4bWxucz0iaHR0cDovL3d3dy53My5vcmcvMjAwMC9zdmciPjwvc3ZnPg==\" style=\"--smush-placeholder-width: 748px; --smush-placeholder-aspect-ratio: 748\/633;\" \/><\/a>\n\t\t\t\t\n\t\t\t\t<h2 class=\"su-post-title\"><a href=\"https:\/\/waterkeeperschesapeake.org\/es\/projects\/coal-ash\/\">Eliminaci\u00f3n segura de cenizas de carb\u00f3n<\/a><\/h2>\n\n\t\t\t\t<div class=\"su-post-meta\">\n\t\t\t\t\tPublicado: 5 de abril de 2019\t\t\t\t<\/div>\n\n\t\t\t\t<div class=\"su-post-excerpt\">\n\t\t\t\t\t<p>En nuestra regi\u00f3n, los estados comenzaron a emitir permisos alrededor de 2014 para el cierre de estanques de cenizas de carb\u00f3n con fugas ubicados a lo largo de los r\u00edos Potomac, James, Patuxent, Susquehanna y otros. En Virginia, varias centrales el\u00e9ctricas de carb\u00f3n de Dominion Energy lucharon para tapar in situ los estanques de cenizas de carb\u00f3n t\u00f3xicas. Potomac Riverkeeper, James Riverkeeper y Waterkeepers Chesapeake organizaron a los afectados... <a title=\"Eliminaci\u00f3n segura de cenizas de carb\u00f3n\" class=\"read-more\" href=\"https:\/\/waterkeeperschesapeake.org\/es\/projects\/coal-ash\/\" aria-label=\"Leer m\u00e1s sobre Eliminaci\u00f3n segura de cenizas de carb\u00f3n\">Lee mas<\/a><\/p>\n\t\t\t\t<\/div>\n\n\t\t\t\t\n\t\t\t<\/div>\n\n\t\t\t\t\t\n\t\t\t\n\t\t\t<div id=\"su-post-3695\" class=\"su-post\">\n\n\t\t\t\t\t\t\t\t\t<a class=\"su-post-thumbnail\" href=\"https:\/\/waterkeeperschesapeake.org\/es\/projects\/federal-coal-regulations\/\"><img decoding=\"async\" width=\"1200\" height=\"797\" data-src=\"https:\/\/waterkeeperschesapeake.org\/wp-content\/uploads\/2018\/04\/5f9ec0b2e765a617089a13fe6f9b5c6d.jpg\" class=\"attachment-post-thumbnail size-post-thumbnail wp-post-image lazyload\" alt=\"\" data-srcset=\"https:\/\/waterkeeperschesapeake.org\/wp-content\/uploads\/2018\/04\/5f9ec0b2e765a617089a13fe6f9b5c6d.jpg 1200w, https:\/\/waterkeeperschesapeake.org\/wp-content\/uploads\/2018\/04\/5f9ec0b2e765a617089a13fe6f9b5c6d-300x199.jpg 300w, https:\/\/waterkeeperschesapeake.org\/wp-content\/uploads\/2018\/04\/5f9ec0b2e765a617089a13fe6f9b5c6d-768x510.jpg 768w, https:\/\/waterkeeperschesapeake.org\/wp-content\/uploads\/2018\/04\/5f9ec0b2e765a617089a13fe6f9b5c6d-1024x680.jpg 1024w\" data-sizes=\"(max-width: 1200px) 100vw, 1200px\" src=\"data:image\/svg+xml;base64,PHN2ZyB3aWR0aD0iMSIgaGVpZ2h0PSIxIiB4bWxucz0iaHR0cDovL3d3dy53My5vcmcvMjAwMC9zdmciPjwvc3ZnPg==\" style=\"--smush-placeholder-width: 1200px; --smush-placeholder-aspect-ratio: 1200\/797;\" \/><\/a>\n\t\t\t\t\n\t\t\t\t<h2 class=\"su-post-title\"><a href=\"https:\/\/waterkeeperschesapeake.org\/es\/projects\/federal-coal-regulations\/\">Regulaciones Federales del Carb\u00f3n<\/a><\/h2>\n\n\t\t\t\t<div class=\"su-post-meta\">\n\t\t\t\t\tPublicado: 29 de mayo de 2018\t\t\t\t<\/div>\n\n\t\t\t\t<div class=\"su-post-excerpt\">\n\t\t\t\t\t<p>En 2015, Waterkeepers Chesapeake se sum\u00f3 a m\u00e1s de medio mill\u00f3n de comentarios de personas que apoyaban las regulaciones sobre cenizas de carb\u00f3n, impuestas tras largas negociaciones con empresas de servicios p\u00fablicos, otras industrias y ambientalistas. Bajo la administraci\u00f3n de Trump, la Agencia de Protecci\u00f3n Ambiental (EPA) propuso debilitar o eliminar las salvaguardas y protecciones federales contra los peligros que representan las cenizas de carb\u00f3n. La flexibilizaci\u00f3n de dichas... <a title=\"Regulaciones Federales del Carb\u00f3n\" class=\"read-more\" href=\"https:\/\/waterkeeperschesapeake.org\/es\/projects\/federal-coal-regulations\/\" aria-label=\"Leer m\u00e1s sobre Regulaciones Federales del Carb\u00f3n\">Lee mas<\/a><\/p>\n\t\t\t\t<\/div>\n\n\t\t\t\t\n\t\t\t<\/div>\n\n\t\t\t\t\t\n\t\t\t\n\t\t\t<div id=\"su-post-3700\" class=\"su-post\">\n\n\t\t\t\t\t\t\t\t\t<a class=\"su-post-thumbnail\" href=\"https:\/\/waterkeeperschesapeake.org\/es\/projects\/oil-coal-trains\/\"><img decoding=\"async\" width=\"1024\" height=\"768\" data-src=\"https:\/\/waterkeeperschesapeake.org\/wp-content\/uploads\/2014\/05\/trainfire.jpg\" class=\"attachment-post-thumbnail size-post-thumbnail wp-post-image lazyload\" alt=\"\" data-srcset=\"https:\/\/waterkeeperschesapeake.org\/wp-content\/uploads\/2014\/05\/trainfire.jpg 1024w, https:\/\/waterkeeperschesapeake.org\/wp-content\/uploads\/2014\/05\/trainfire-300x225.jpg 300w, https:\/\/waterkeeperschesapeake.org\/wp-content\/uploads\/2014\/05\/trainfire-768x576.jpg 768w\" data-sizes=\"(max-width: 1024px) 100vw, 1024px\" src=\"data:image\/svg+xml;base64,PHN2ZyB3aWR0aD0iMSIgaGVpZ2h0PSIxIiB4bWxucz0iaHR0cDovL3d3dy53My5vcmcvMjAwMC9zdmciPjwvc3ZnPg==\" style=\"--smush-placeholder-width: 1024px; --smush-placeholder-aspect-ratio: 1024\/768;\" \/><\/a>\n\t\t\t\t\n\t\t\t\t<h2 class=\"su-post-title\"><a href=\"https:\/\/waterkeeperschesapeake.org\/es\/projects\/oil-coal-trains\/\">Trenes de petr\u00f3leo crudo y carb\u00f3n<\/a><\/h2>\n\n\t\t\t\t<div class=\"su-post-meta\">\n\t\t\t\t\tPublicado: 29 de mayo de 2014\t\t\t\t<\/div>\n\n\t\t\t\t<div class=\"su-post-excerpt\">\n\t\t\t\t\t<p>En 2014, el descarrilamiento y la explosi\u00f3n de un tren petrolero en el centro de Lynchburg fueron un duro recordatorio de que necesitamos un debate nacional sobre la seguridad y la supervisi\u00f3n regulatoria del transporte de materiales peligrosos a trav\u00e9s de zonas pobladas y \u00e1reas ambientales sensibles, especialmente a lo largo de los r\u00edos que suministran agua potable a ciudades como Richmond, Baltimore\u2026 <a title=\"Trenes de petr\u00f3leo crudo y carb\u00f3n\" class=\"read-more\" href=\"https:\/\/waterkeeperschesapeake.org\/es\/projects\/oil-coal-trains\/\" aria-label=\"Leer m\u00e1s sobre Trenes de petr\u00f3leo crudo y carb\u00f3n\">Lee mas<\/a><\/p>\n\t\t\t\t<\/div>\n\n\t\t\t\t\n\t\t\t<\/div>\n\n\t\t\n\t\n<\/div>","protected":false},"excerpt":{"rendered":"<p>Bajo la administraci\u00f3n de Obama, la Agencia de Protecci\u00f3n Ambiental (EPA) adopt\u00f3 medidas federales de protecci\u00f3n contra los peligros que representan las cenizas t\u00f3xicas de carb\u00f3n. Esta norma exige el cierre de los vertederos de cenizas en lugares peligrosos, la inspecci\u00f3n de los estanques y el monitoreo de las aguas subterr\u00e1neas cercanas. Tambi\u00e9n exige el cierre de los estanques con fugas, la limpieza de la contaminaci\u00f3n, el cierre seguro de los vertederos y la exhibici\u00f3n p\u00fablica... <a title=\"Trenes de petr\u00f3leo crudo y carb\u00f3n\" class=\"read-more\" href=\"https:\/\/waterkeeperschesapeake.org\/es\/projects\/oil-coal-trains\/\" aria-label=\"Leer m\u00e1s sobre Trenes de petr\u00f3leo crudo y carb\u00f3n\">Lee mas<\/a><\/p>","protected":false},"author":3,"featured_media":0,"parent":0,"menu_order":0,"comment_status":"closed","ping_status":"closed","template":"","meta":{"_monsterinsights_skip_tracking":false,"_monsterinsights_sitenote_active":false,"_monsterinsights_sitenote_note":"","_monsterinsights_sitenote_category":0,"footnotes":""},"class_list":["post-3680","page","type-page","status-publish","hentry","resize-featured-image"],"_links":{"self":[{"href":"https:\/\/waterkeeperschesapeake.org\/es\/wp-json\/wp\/v2\/pages\/3680","targetHints":{"allow":["GET"]}}],"collection":[{"href":"https:\/\/waterkeeperschesapeake.org\/es\/wp-json\/wp\/v2\/pages"}],"about":[{"href":"https:\/\/waterkeeperschesapeake.org\/es\/wp-json\/wp\/v2\/types\/page"}],"author":[{"embeddable":true,"href":"https:\/\/waterkeeperschesapeake.org\/es\/wp-json\/wp\/v2\/users\/3"}],"replies":[{"embeddable":true,"href":"https:\/\/waterkeeperschesapeake.org\/es\/wp-json\/wp\/v2\/comments?post=3680"}],"version-history":[{"count":0,"href":"https:\/\/waterkeeperschesapeake.org\/es\/wp-json\/wp\/v2\/pages\/3680\/revisions"}],"wp:attachment":[{"href":"https:\/\/waterkeeperschesapeake.org\/es\/wp-json\/wp\/v2\/media?parent=3680"}],"curies":[{"name":"gracias","href":"https:\/\/api.w.org\/{rel}","templated":true}]}}