{"id":35,"date":"2014-08-27T16:55:23","date_gmt":"2014-08-27T16:55:23","guid":{"rendered":"https:\/\/waterkeeperschesapeake.org\/report-pollution\/"},"modified":"2024-01-19T09:03:32","modified_gmt":"2024-01-19T14:03:32","slug":"report-pollution","status":"publish","type":"page","link":"https:\/\/waterkeeperschesapeake.org\/es\/report-pollution\/","title":{"rendered":"Reportar Contaminaci\u00f3n"},"content":{"rendered":"<p><a href=\"https:\/\/waterkeeperschesapeake.org\/wp-content\/uploads\/2014\/08\/Dean_camera2.jpg\"><img decoding=\"async\" class=\"alignright size-medium wp-image-300 lazyload\" data-src=\"https:\/\/waterkeeperschesapeake.org\/wp-content\/uploads\/2014\/08\/Dean_camera2-300x169.jpg\" alt=\"\" width=\"300\" height=\"169\" data-srcset=\"https:\/\/waterkeeperschesapeake.org\/wp-content\/uploads\/2014\/08\/Dean_camera2-300x169.jpg 300w, https:\/\/waterkeeperschesapeake.org\/wp-content\/uploads\/2014\/08\/Dean_camera2.jpg 450w\" data-sizes=\"(max-width: 300px) 100vw, 300px\" src=\"data:image\/svg+xml;base64,PHN2ZyB3aWR0aD0iMSIgaGVpZ2h0PSIxIiB4bWxucz0iaHR0cDovL3d3dy53My5vcmcvMjAwMC9zdmciPjwvc3ZnPg==\" style=\"--smush-placeholder-width: 300px; --smush-placeholder-aspect-ratio: 300\/169;\" \/><\/a>Como Waterkeeper, confiamos en los ojos y o\u00eddos de los miembros de nuestra comunidad para ayudar a monitorear las v\u00edas fluviales locales e informar sobre la contaminaci\u00f3n. Ustedes son los expertos de los r\u00edos, arroyos y bah\u00edas locales y necesitamos su ayuda. Todos los Waterkeeper reciben y responden a informes de contaminaci\u00f3n. Puede encontrar su Waterkeeper local <a href=\"https:\/\/waterkeeperschesapeake.org\/es\/our-waterkeeper-members\/\">aqu\u00ed<\/a>. Si no est\u00e1 seguro de tener un Waterkeeper local, puede contactarnos e informar problemas usando este <a href=\"https:\/\/waterkeeperschesapeake.org\/es\/contact-us\/\">forma<\/a> y lo conectaremos a su Waterkeeper.<\/p>\n<p>Puede obtener m\u00e1s informaci\u00f3n sobre estrategias y recursos para encontrar soluciones a la contaminaci\u00f3n del agua visitando el Manual de estrategias de la Ley de Agua Limpia para comunidades de primera l\u00ednea: <a href=\"https:\/\/cwaplaybook.org\/\" target=\"_blank\" rel=\"noopener\">https:\/\/cwaplaybook.org\/<\/a><\/p>\n<div><\/div>","protected":false},"excerpt":{"rendered":"<p>Como Waterkeeper, dependemos de la atenci\u00f3n de los miembros de nuestra comunidad para monitorear las v\u00edas fluviales locales y reportar la contaminaci\u00f3n. Ustedes son los expertos en sus r\u00edos, arroyos y bah\u00edas locales, y necesitamos su ayuda. Todos los Waterkeeper recibimos y respondemos a los reportes de contaminaci\u00f3n. Puede encontrar su Waterkeeper local aqu\u00ed. Si usted es\u2026 <a title=\"Reportar Contaminaci\u00f3n\" class=\"read-more\" href=\"https:\/\/waterkeeperschesapeake.org\/es\/report-pollution\/\" aria-label=\"Leer m\u00e1s sobre Reportar Contaminaci\u00f3n\">Lee mas<\/a><\/p>","protected":false},"author":3,"featured_media":0,"parent":0,"menu_order":12,"comment_status":"closed","ping_status":"closed","template":"","meta":{"_monsterinsights_skip_tracking":false,"_monsterinsights_sitenote_active":false,"_monsterinsights_sitenote_note":"","_monsterinsights_sitenote_category":0,"footnotes":""},"class_list":["post-35","page","type-page","status-publish"],"_links":{"self":[{"href":"https:\/\/waterkeeperschesapeake.org\/es\/wp-json\/wp\/v2\/pages\/35","targetHints":{"allow":["GET"]}}],"collection":[{"href":"https:\/\/waterkeeperschesapeake.org\/es\/wp-json\/wp\/v2\/pages"}],"about":[{"href":"https:\/\/waterkeeperschesapeake.org\/es\/wp-json\/wp\/v2\/types\/page"}],"author":[{"embeddable":true,"href":"https:\/\/waterkeeperschesapeake.org\/es\/wp-json\/wp\/v2\/users\/3"}],"replies":[{"embeddable":true,"href":"https:\/\/waterkeeperschesapeake.org\/es\/wp-json\/wp\/v2\/comments?post=35"}],"version-history":[{"count":0,"href":"https:\/\/waterkeeperschesapeake.org\/es\/wp-json\/wp\/v2\/pages\/35\/revisions"}],"wp:attachment":[{"href":"https:\/\/waterkeeperschesapeake.org\/es\/wp-json\/wp\/v2\/media?parent=35"}],"curies":[{"name":"gracias","href":"https:\/\/api.w.org\/{rel}","templated":true}]}}