{"id":32,"date":"2014-08-19T22:16:41","date_gmt":"2014-08-19T22:16:41","guid":{"rendered":"https:\/\/waterkeeperschesapeake.org\/partners\/"},"modified":"2024-08-29T09:42:38","modified_gmt":"2024-08-29T13:42:38","slug":"partners","status":"publish","type":"page","link":"https:\/\/waterkeeperschesapeake.org\/es\/partners\/","title":{"rendered":"Socios"},"content":{"rendered":"<div id=\"pl-32\"  class=\"panel-layout\" ><div id=\"pg-32-0\"  class=\"panel-grid panel-no-style\" ><div id=\"pgc-32-0-0\"  class=\"panel-grid-cell\" ><div id=\"panel-32-0-0-0\" class=\"so-panel widget widget_sow-editor panel-first-child panel-last-child\" data-index=\"0\" ><div\n\t\t\t\n\t\t\tclass=\"so-widget-sow-editor so-widget-sow-editor-base\"\n\t\t\t\n\t\t><h3 class=\"widget-title\">Coaliciones y Redes<\/h3>\n<div class=\"siteorigin-widget-tinymce textwidget\">\n\t<p><a href=\"http:\/\/choosecleanwater.org\" target=\"_blank\" rel=\"noopener noreferrer\">Elija la Coalici\u00f3n de Agua Limpia<\/a><br \/>\n<a href=\"http:\/\/www.progressivereform.net\/ChesBayNetwork.cfm\" target=\"_blank\" rel=\"noopener noreferrer\">Red de aplicaci\u00f3n de la bah\u00eda<\/a><br \/>\n<a href=\"https:\/\/waterkeeperschesapeake.org\/es\/fair-farms-campaign\/\">Granjas justas<\/a><br \/>\n<a href=\"http:\/\/www.vcnva.org\" target=\"_blank\" rel=\"noopener\">Red de conservaci\u00f3n Virginia<\/a><br \/>\n<a href=\"https:\/\/www.mdlcv.org\" target=\"_blank\" rel=\"noopener\">Maryland Liga de Votantes Conservacionistas<\/a><br \/>\nCampa\u00f1a Ciudadana por el Medio Ambiente<br \/>\n<a href=\"http:\/\/abralliance.org\" target=\"_blank\" rel=\"noopener noreferrer\">Alianza Allegheny Blue Ridge<\/a><br \/>\n<a href=\"http:\/\/www.mdpestnet.org\" target=\"_blank\" rel=\"noopener noreferrer\">Red de plaguicidas Maryland<\/a><br \/>\n<a href=\"https:\/\/united4cnra.com\" target=\"_blank\" rel=\"noopener\">Coalici\u00f3n del \u00c1rea Recreativa Nacional de Chesapeake<\/a><br \/>\n<a href=\"https:\/\/calclimateag.org\/national-networks\/\" target=\"_blank\" rel=\"noopener\"><span style=\"font-weight: 400;\">Red Nacional de Pol\u00edticas de Suelos Saludables<\/span><\/a><br \/>\n<a href=\"https:\/\/hydroreform.org\" target=\"_blank\" rel=\"noopener\">Coalici\u00f3n para la Reforma de la Energ\u00eda Hidroel\u00e9ctrica<\/a><br \/>\n<a href=\"https:\/\/lancastercleanwaterpartners.com\" target=\"_blank\" rel=\"noopener\">Socios de agua limpia de Lancaster<\/a><br \/>\n<a href=\"http:\/\/protectcleanwater.org\" target=\"_blank\" rel=\"noopener\">Coalici\u00f3n Agua Limpia para Todos<\/a><\/p>\n<p>&nbsp;<\/p>\n<\/div>\n<\/div><\/div><\/div><div id=\"pgc-32-0-1\"  class=\"panel-grid-cell\" ><div id=\"panel-32-0-1-0\" class=\"so-panel widget widget_sow-editor panel-first-child panel-last-child\" data-index=\"1\" ><div\n\t\t\t\n\t\t\tclass=\"so-widget-sow-editor so-widget-sow-editor-base\"\n\t\t\t\n\t\t><h3 class=\"widget-title\">Socios sin fines de lucro<\/h3>\n<div class=\"siteorigin-widget-tinymce textwidget\">\n\t<p><a href=\"http:\/\/www.progressivereform.org\" target=\"_blank\" rel=\"noopener\">Centro para la Reforma Progresista<\/a><br \/>\n<a href=\"https:\/\/environmentalintegrity.org\" target=\"_blank\" rel=\"noopener\">Proyecto de Integridad Ambiental<\/a><br \/>\n<a href=\"http:\/\/www.chesapeake-commons.org\" target=\"_blank\" rel=\"noopener noreferrer\">Campos comunes de Chesapeake<\/a><br \/>\n<a href=\"https:\/\/www.chesapeakeconservancy.org\" target=\"_blank\" rel=\"noopener\">Conservaci\u00f3n de Chesapeake<\/a><br \/>\n<a href=\"https:\/\/www.pennfuture.org\" target=\"_blank\" rel=\"noopener\">PennFuturo<\/a><\/p>\n<\/div>\n<\/div><\/div><\/div><div id=\"pgc-32-0-2\"  class=\"panel-grid-cell\" ><div id=\"panel-32-0-2-0\" class=\"so-panel widget widget_sow-editor panel-first-child panel-last-child\" data-index=\"2\" ><div\n\t\t\t\n\t\t\tclass=\"so-widget-sow-editor so-widget-sow-editor-base\"\n\t\t\t\n\t\t><h3 class=\"widget-title\">Socios legales y cl\u00ednicas legales<\/h3>\n<div class=\"siteorigin-widget-tinymce textwidget\">\n\t<p><em>Waterkeepers Chesapeake depende de la asistencia legal y t\u00e9cnica pro bono de varios grupos legales sin fines de lucro y cl\u00ednicas de derecho, que incluyen:<\/em><\/p>\n<ul style=\"list-style-type: circle;\">\n<li><a href=\"http:\/\/earthjustice.org\" target=\"_blank\" rel=\"noopener noreferrer\">justicia de la tierra<\/a><\/li>\n<li><a href=\"http:\/\/www.chesapeakelegal.org\/home\" target=\"_blank\" rel=\"noopener noreferrer\">Alianza Legal de Chesapeake<\/a><\/li>\n<li><a href=\"http:\/\/environmentalintegrity.org\" target=\"_blank\" rel=\"noopener noreferrer\">Proyecto de Integridad Ambiental<\/a><\/li>\n<li><a href=\"https:\/\/www.biologicaldiversity.org\" target=\"_blank\" rel=\"noopener\">Centro para la Diversidad Biol\u00f3gica<\/a><\/li>\n<li><a href=\"https:\/\/aldf.org\" target=\"_blank\" rel=\"noopener\">Fondo de Defensa Legal Animal<\/a><\/li>\n<\/ul>\n<\/div>\n<\/div><\/div><\/div><\/div><div id=\"pg-32-1\"  class=\"panel-grid panel-no-style\" ><div id=\"pgc-32-1-0\"  class=\"panel-grid-cell\" ><div id=\"panel-32-1-0-0\" class=\"so-panel widget widget_sow-editor panel-first-child panel-last-child\" data-index=\"3\" ><div\n\t\t\t\n\t\t\tclass=\"so-widget-sow-editor so-widget-sow-editor-base\"\n\t\t\t\n\t\t><h3 class=\"widget-title\">Compa\u00f1eros de negocio<\/h3>\n<div class=\"siteorigin-widget-tinymce textwidget\">\n\t<p><a href=\"https:\/\/momsorganicmarket.com\/\" target=\"_blank\" rel=\"noopener\">Mercado Org\u00e1nico de MOM<\/a><\/p>\n<p>Patagonia - Baltimore, casco antiguo (Alexandria) y DC<\/p>\n<p><a href=\"https:\/\/www3.mtb.com\" target=\"_blank\" rel=\"noopener\">Banco M&amp;T<\/a><\/p>\n<p><a href=\"https:\/\/www.amabiledesigns.com\" target=\"_blank\" rel=\"noopener\">Dise\u00f1os Amables<\/a><\/p>\n<p><a href=\"http:\/\/www.thehatchergroup.com\" target=\"_blank\" rel=\"noopener noreferrer\">El Grupo Hatcher<\/a><\/p>\n<\/div>\n<\/div><\/div><\/div><div id=\"pgc-32-1-1\"  class=\"panel-grid-cell\" ><div id=\"panel-32-1-1-0\" class=\"so-panel widget widget_sow-editor panel-first-child panel-last-child\" data-index=\"4\" ><div\n\t\t\t\n\t\t\tclass=\"so-widget-sow-editor so-widget-sow-editor-base\"\n\t\t\t\n\t\t><h3 class=\"widget-title\">Cimientos<\/h3>\n<div class=\"siteorigin-widget-tinymce textwidget\">\n\t<p>Fundaci\u00f3n Town Creek<br \/>\nFundaci\u00f3n Keith Campbell para el Medio Ambiente<br \/>\nFundaci\u00f3n Curtis y Edith Munson<br \/>\nFundaci\u00f3n Kentfields (anteriormente Rauch)<br \/>\nFundaci\u00f3n para las cuencas hidrogr\u00e1ficas de Pensilvania<br \/>\nFideicomiso de la Bah\u00eda de Chesapeake<br \/>\nFundaci\u00f3n Abell<br \/>\nFundaci\u00f3n Rouse<br \/>\nVirginia Dotaci\u00f3n Ambiental<br \/>\nVoices for Healthy Kids (Asociaci\u00f3n Americana del Coraz\u00f3n)<br \/>\nAyuda agr\u00edcola<\/p>\n<\/div>\n<\/div><\/div><\/div><\/div><\/div>","protected":false},"excerpt":{"rendered":"<p>Coalici\u00f3n para Elegir Agua Limpia Red de Cumplimiento de la Bah\u00eda Fair Farms Virginia Red de Conservaci\u00f3n Maryland Liga de Votantes por la Conservaci\u00f3n Campa\u00f1a Ciudadana por el Medio Ambiente Alianza Blue Ridge de Allegheny Maryland Red de Pesticidas Coalici\u00f3n Nacional para el \u00c1rea Recreativa de Chesapeake Red Nacional de Pol\u00edticas de Suelos Saludables Coalici\u00f3n para la Reforma de la Energ\u00eda Hidroel\u00e9ctrica Socios de Agua Limpia de Lancaster Coalici\u00f3n de Agua Limpia para Todos Centro para el Progreso \u2026 <a title=\"Socios\" class=\"read-more\" href=\"https:\/\/waterkeeperschesapeake.org\/es\/partners\/\" aria-label=\"Leer m\u00e1s sobre Socios\">Lee mas<\/a><\/p>","protected":false},"author":3,"featured_media":0,"parent":0,"menu_order":2,"comment_status":"closed","ping_status":"closed","template":"","meta":{"_monsterinsights_skip_tracking":false,"_monsterinsights_sitenote_active":false,"_monsterinsights_sitenote_note":"","_monsterinsights_sitenote_category":0,"footnotes":""},"class_list":["post-32","page","type-page","status-publish"],"_links":{"self":[{"href":"https:\/\/waterkeeperschesapeake.org\/es\/wp-json\/wp\/v2\/pages\/32","targetHints":{"allow":["GET"]}}],"collection":[{"href":"https:\/\/waterkeeperschesapeake.org\/es\/wp-json\/wp\/v2\/pages"}],"about":[{"href":"https:\/\/waterkeeperschesapeake.org\/es\/wp-json\/wp\/v2\/types\/page"}],"author":[{"embeddable":true,"href":"https:\/\/waterkeeperschesapeake.org\/es\/wp-json\/wp\/v2\/users\/3"}],"replies":[{"embeddable":true,"href":"https:\/\/waterkeeperschesapeake.org\/es\/wp-json\/wp\/v2\/comments?post=32"}],"version-history":[{"count":0,"href":"https:\/\/waterkeeperschesapeake.org\/es\/wp-json\/wp\/v2\/pages\/32\/revisions"}],"wp:attachment":[{"href":"https:\/\/waterkeeperschesapeake.org\/es\/wp-json\/wp\/v2\/media?parent=32"}],"curies":[{"name":"gracias","href":"https:\/\/api.w.org\/{rel}","templated":true}]}}