{"id":28,"date":"2014-08-19T22:16:41","date_gmt":"2014-08-19T22:16:41","guid":{"rendered":"https:\/\/waterkeeperschesapeake.org\/mission-history\/"},"modified":"2026-01-21T09:15:20","modified_gmt":"2026-01-21T14:15:20","slug":"mission-history","status":"publish","type":"page","link":"https:\/\/waterkeeperschesapeake.org\/es\/mission-history\/","title":{"rendered":"Misi\u00f3n e Historia"},"content":{"rendered":"<figure class=\"wp-block-embed aligncenter is-type-video is-provider-youtube wp-block-embed-youtube wp-embed-aspect-16-9 wp-has-aspect-ratio\"><div class=\"wp-block-embed__wrapper\">\n<iframe title=\"Waterkeepers Chesapeake &quot;De los r\u00edos a la bah\u00eda&quot;&quot;\" width=\"1200\" height=\"675\" data-src=\"https:\/\/www.youtube.com\/embed\/BcbD3yP7D6U?feature=oembed\" frameborder=\"0\" allow=\"accelerometer; autoplay; clipboard-write; encrypted-media; gyroscope; picture-in-picture; web-share\" referrerpolicy=\"strict-origin-when-cross-origin\" allowfullscreen src=\"data:image\/svg+xml;base64,PHN2ZyB3aWR0aD0iMSIgaGVpZ2h0PSIxIiB4bWxucz0iaHR0cDovL3d3dy53My5vcmcvMjAwMC9zdmciPjwvc3ZnPg==\" class=\"lazyload\" data-load-mode=\"1\"><\/iframe>\n<\/div><\/figure>\n\n\n\n<div style=\"height:40px\" aria-hidden=\"true\" class=\"wp-block-spacer\"><\/div>\n\n\n\n<h2 class=\"wp-block-heading\">Visi\u00f3n<\/h2>\n\n\n\n<p>Agua limpia para todas las comunidades costeras y de Chesapeake.<\/p>\n\n\n\n<h2 class=\"wp-block-heading\">Misi\u00f3n<\/h2>\n\n\n\n<p>Waterkeepers Chesapeake lucha por el agua limpia y un medio ambiente saludable apoyando a los Waterkeeper en Chesapeake y las regiones costeras mientras protegen a sus comunidades, r\u00edos y arroyos de la contaminaci\u00f3n.<\/p>\n\n\n\n<h2 class=\"wp-block-heading\">Diversidad e inclusi\u00f3n<\/h2>\n\n\n\n<p>Waterkeepers Chesapeake reconoce que la cuenca de la Bah\u00eda de Chesapeake es una regi\u00f3n de vibrante diversidad. Es nuestra pol\u00edtica ser inclusivos y conscientes de esta diversidad en nuestras pol\u00edticas organizacionales, programas e interacciones con otros. Como organizaci\u00f3n,&nbsp;<b>afirmamos a todas las personas&nbsp;<\/b>independientemente de su edad, cultura, discapacidad, origen \u00e9tnico, g\u00e9nero, identidad de g\u00e9nero, estado civil, nacionalidad, raza, religi\u00f3n, orientaci\u00f3n sexual y nivel socioecon\u00f3mico.<\/p>\n\n\n\n<h2 class=\"wp-block-heading\">Historia<\/h2>\n\n\n\n<p>En 2004, nueve programas Riverkeeper de la cuenca de la Bah\u00eda de Chesapeake se unieron en una coalici\u00f3n de programas Waterkeeper para desarrollar campa\u00f1as regionales lideradas por un \u00fanico coordinador contratado con el patrocinio fiscal de la Alianza Waterkeeper. En 2007, la coalici\u00f3n regional, compuesta por los entonces quince programas Riverkeeper, solicit\u00f3 a la Alianza Waterkeeper que adoptara el nombre &quot;Waterkeepers Chesapeake&quot;, tras una exitosa Campa\u00f1a Regional de Aguas Pluviales que result\u00f3 en regulaciones m\u00e1s estrictas en toda la cuenca. En 2012, los Waterkeeper establecieron Waterkeepers Chesapeake como una organizaci\u00f3n sin fines de lucro y contrataron a su primer director ejecutivo a finales de ese mismo a\u00f1o. En 2014, WATERKEEPERS\u00ae Chesapeake obtuvo la licencia de la Alianza Waterkeeper. La coalici\u00f3n ahora incluye 16 programas Waterkeeper.<\/p>\n\n\n<div class=\"gb-container gb-container-f5415e85\">\n\n<h3 class=\"wp-block-heading has-text-align-center\">Alianza WATERKEEPER\u00ae<\/h3>\n\n\n\n<p>WATERKEEPERS\u00ae Chesapeake es miembro de la Alianza WATERKEEPER\u00ae, un movimiento ambiental global que re\u00fane a m\u00e1s de 300 organizaciones Waterkeeper en todo el mundo y centra la acci\u00f3n comunitaria en los problemas que afectan a nuestras v\u00edas fluviales, desde la contaminaci\u00f3n hasta el cambio clim\u00e1tico. Estas organizaciones Waterkeeper est\u00e1n en primera l\u00ednea de la crisis mundial del agua, patrullando y protegiendo m\u00e1s de 1,5 millones de millas cuadradas de v\u00edas fluviales en seis continentes.<\/p>\n\n\n\n<p>La misi\u00f3n del movimiento Waterkeeper es lograr v\u00edas fluviales aptas para el ba\u00f1o, el agua potable y la pesca en todo el mundo. Creemos que la mejor manera de lograr esta visi\u00f3n es mediante el m\u00e9todo Waterkeeper de incidencia pol\u00edtica desde la base. La Alianza Waterkeeper es la voz de las aguas del mundo, desde los Grandes Lagos hasta el Ganges. Donde las aguas y las comunidades est\u00e1n protegidas por programas activos de Waterkeeper, nos aseguramos de que nunca se vean solas; donde las aguas carecen de protecci\u00f3n, abogamos por ellas y por todas las comunidades cuyo derecho al agua potable se ve amenazado.<\/p>\n\n\n\n<p>Visitar <a href=\"http:\/\/www.Waterkeeper.org\" target=\"_blank\" rel=\"noopener noreferrer\">www.Waterkeeper.org <\/a>para m\u00e1s informaci\u00f3n.<\/p>\n\n\n\n<p><span style=\"font-family: Arial; font-size: 16px;\">Waterkeeper es una marca registrada y una marca de servicio de Waterkeepers Chesapeake, Inc, y tiene licencia para su uso en este documento.<\/span><\/p>\n\n\n<div class=\"wp-block-image\">\n<figure class=\"aligncenter\"><a href=\"http:\/\/waterkeeper.org\" target=\"_blank\" rel=\"noopener noreferrer\"><img decoding=\"async\" width=\"251\" height=\"112\" data-src=\"https:\/\/waterkeeperschesapeake.org\/wp-content\/uploads\/2014\/08\/WKA_member_logo_blue.jpeg\" alt=\"\" class=\"wp-image-165 lazyload\" src=\"data:image\/svg+xml;base64,PHN2ZyB3aWR0aD0iMSIgaGVpZ2h0PSIxIiB4bWxucz0iaHR0cDovL3d3dy53My5vcmcvMjAwMC9zdmciPjwvc3ZnPg==\" style=\"--smush-placeholder-width: 251px; --smush-placeholder-aspect-ratio: 251\/112;\" \/><\/a><\/figure>\n<\/div>\n<\/div>","protected":false},"excerpt":{"rendered":"<p>Visi\u00f3n: Agua limpia para todas las comunidades de Chesapeake y la costa. Misi\u00f3n: Waterkeepers Chesapeake lucha por agua limpia y un medio ambiente sano apoyando a las comunidades Waterkeeper en Chesapeake y las regiones costeras, protegiendo sus comunidades, r\u00edos y arroyos de la contaminaci\u00f3n. Diversidad e inclusi\u00f3n: Waterkeepers Chesapeake reconoce que la cuenca de la Bah\u00eda de Chesapeake es una regi\u00f3n vibrante\u2026 <a title=\"Misi\u00f3n e Historia\" class=\"read-more\" href=\"https:\/\/waterkeeperschesapeake.org\/es\/mission-history\/\" aria-label=\"Leer m\u00e1s sobre Misi\u00f3n e Historia\">Lee mas<\/a><\/p>","protected":false},"author":3,"featured_media":0,"parent":0,"menu_order":6,"comment_status":"closed","ping_status":"closed","template":"","meta":{"_monsterinsights_skip_tracking":false,"_monsterinsights_sitenote_active":false,"_monsterinsights_sitenote_note":"","_monsterinsights_sitenote_category":0,"footnotes":""},"class_list":["post-28","page","type-page","status-publish"],"_links":{"self":[{"href":"https:\/\/waterkeeperschesapeake.org\/es\/wp-json\/wp\/v2\/pages\/28","targetHints":{"allow":["GET"]}}],"collection":[{"href":"https:\/\/waterkeeperschesapeake.org\/es\/wp-json\/wp\/v2\/pages"}],"about":[{"href":"https:\/\/waterkeeperschesapeake.org\/es\/wp-json\/wp\/v2\/types\/page"}],"author":[{"embeddable":true,"href":"https:\/\/waterkeeperschesapeake.org\/es\/wp-json\/wp\/v2\/users\/3"}],"replies":[{"embeddable":true,"href":"https:\/\/waterkeeperschesapeake.org\/es\/wp-json\/wp\/v2\/comments?post=28"}],"version-history":[{"count":0,"href":"https:\/\/waterkeeperschesapeake.org\/es\/wp-json\/wp\/v2\/pages\/28\/revisions"}],"wp:attachment":[{"href":"https:\/\/waterkeeperschesapeake.org\/es\/wp-json\/wp\/v2\/media?parent=28"}],"curies":[{"name":"gracias","href":"https:\/\/api.w.org\/{rel}","templated":true}]}}