{"id":26,"date":"2014-08-19T22:09:54","date_gmt":"2014-08-19T22:09:54","guid":{"rendered":"https:\/\/waterkeeperschesapeake.org\/swim-guide\/"},"modified":"2021-06-21T10:49:57","modified_gmt":"2021-06-21T14:49:57","slug":"swim-guide","status":"publish","type":"page","link":"https:\/\/waterkeeperschesapeake.org\/es\/swim-guide\/","title":{"rendered":"Gu\u00eda de nataci\u00f3n"},"content":{"rendered":"<p><a href=\"https:\/\/www.theswimguide.org\/guide\/get-the-app\/\" target=\"_blank\" rel=\"noopener noreferrer\"><img decoding=\"async\" class=\"alignnone wp-image-164 size-full lazyload\" style=\"--smush-placeholder-width: 900px; --smush-placeholder-aspect-ratio: 900\/350;display: block; margin-left: auto; margin-right: auto; margin-bottom: 5px;\" data-src=\"https:\/\/waterkeeperschesapeake.org\/wp-content\/uploads\/2014\/08\/App-Store-promo.png\" alt=\"Image of Swim Guide mobile application \" width=\"900\" height=\"350\" data-srcset=\"https:\/\/waterkeeperschesapeake.org\/wp-content\/uploads\/2014\/08\/App-Store-promo.png 900w, https:\/\/waterkeeperschesapeake.org\/wp-content\/uploads\/2014\/08\/App-Store-promo-300x117.png 300w, https:\/\/waterkeeperschesapeake.org\/wp-content\/uploads\/2014\/08\/App-Store-promo-768x299.png 768w\" data-sizes=\"(max-width: 900px) 100vw, 900px\" src=\"data:image\/svg+xml;base64,PHN2ZyB3aWR0aD0iMSIgaGVpZ2h0PSIxIiB4bWxucz0iaHR0cDovL3d3dy53My5vcmcvMjAwMC9zdmciPjwvc3ZnPg==\" \/><\/a><\/p>\n<p>&nbsp;<\/p>\n<p><a href=\"https:\/\/www.theswimguide.org\/get-the-app\/\" target=\"_blank\" rel=\"noopener\"><strong>Gu\u00eda de nataci\u00f3n<\/strong><\/a> est\u00e1 construido y alimentado por Waterkeeper para conectarlo a playas y pozas en todas partes. <a href=\"https:\/\/www.theswimguide.org\/get-the-app\/\" target=\"_blank\" rel=\"noopener\">\u00a1Descarga la aplicaci\u00f3n hoy!<\/a><\/p>\n<ul>\n<li>Descubre una amplia variedad de playas, desde parques urbanos hasta lagos remotos ideales para acampar<\/li>\n<li>Identifica de un vistazo qu\u00e9 playas est\u00e1n limpias para nadar (Verde) y cu\u00e1les tienen problemas de calidad del agua (Rojo)<\/li>\n<li>Obtenga indicaciones para caminar, conducir o ir en transporte p\u00fablico a la playa de su elecci\u00f3n<\/li>\n<li>Marque las playas para facilitar el acceso<\/li>\n<li>Comparte tu amor por los mejores hoyos para nadar en las redes sociales<\/li>\n<li>Ayude a proteger su v\u00eda fluvial informando sobre la contaminaci\u00f3n o las inquietudes ambientales<\/li>\n<\/ul>\n<p>varios de los <a href=\"https:\/\/waterkeeperschesapeake.org\/es\/our-waterkeeper-members\/\">Chesapeake Waterkeepers<\/a> recolectar y analizar muestras de agua y registrar sus hallazgos usando Swim Guide. Antes de dirigirse a su playa o r\u00edo favorito, verifique las condiciones del agua. Para obtener una lista completa de los grupos afiliados, por favor\u00a0<a style=\"color: #6479aa; font-weight: bold;\" href=\"https:\/\/www.theswimguide.org\/guide\/affiliates\" target=\"_blank\" rel=\"noopener noreferrer\">haga clic aqu\u00ed<\/a>.<\/p>\n<h3 style=\"color: #203547; font-size: 18px; font-family: 'Lucida Grande', serif; line-height: 22px;\">La historia detr\u00e1s de la gu\u00eda de nataci\u00f3n<\/h3>\n<p>Swim Guide comenz\u00f3 en Toronto, Canad\u00e1. Un equipo de personal y voluntarios en\u00a0<a style=\"color: #6479aa; font-weight: bold;\" href=\"http:\/\/www.waterkeeper.ca\/\" target=\"_blank\" rel=\"noopener noreferrer\">Lake Ontario Waterkeeper<\/a>\u00a0se propuso responder a esta simple pregunta: \u00bfEs seguro nadar en el lago Ontario?<\/p>\n<p>Esa pregunta los llev\u00f3 en un viaje que conectaba a las organizaciones Waterkeeper en Canad\u00e1 y los EE. UU., as\u00ed como a otras afiliadas con un deseo compartido de v\u00edas fluviales para nadar.<\/p>\n<p>Deber\u00eda ser f\u00e1cil encontrar agua limpia y un lugar agradable y accesible para nadar. Desafortunadamente, fue dif\u00edcil obtener datos y cifras confiables sobre la calidad del agua de la playa. Entonces comenzaron a compilar los suyos. Durante m\u00e1s de una d\u00e9cada, rastrearon las tendencias de la calidad del agua de las playas y agregaron m\u00e1s playas a la base de datos cada a\u00f1o.<\/p>\n<p>La investigaci\u00f3n condujo al desarrollo de la aplicaci\u00f3n Waterkeeper Swim Guide para iPhone\u00ae, Android o web. Creada por Lake Ontario Waterkeeper, esta aplicaci\u00f3n gratuita lo ayuda a encontrar las playas m\u00e1s cercanas, saber de un vistazo cu\u00e1les son seguras para nadar y compartir su amor por las playas con amigos y familiares.<\/p>\n<p>Esta \u00faltima parte, compartir el amor por las playas, es muy importante para los Waterkeeper. Desde 2011, decenas de organizaciones p\u00fablicas y sin fines de lucro han comenzado a aportar informaci\u00f3n a Swim Guide. En el apogeo de la temporada de nataci\u00f3n en 2013, Swim Guide inclu\u00eda la mayor\u00eda de las playas oficiales de Canad\u00e1 y EE. UU. Se basa en la informaci\u00f3n sobre la calidad del agua de las agencias gubernamentales o de los propios Waterkeeper para que tenga acceso a la calidad del agua actualizada con la mayor frecuencia posible.<\/p>\n<p>Los Waterkeeper est\u00e1n construyendo Swim Guide por una raz\u00f3n: queremos que las personas exploren, disfruten y se enamoren de la playa para que nuestras costas y pozos para nadar est\u00e9n protegidos para las generaciones venideras.<\/p>","protected":false},"excerpt":{"rendered":"<p>&nbsp; Swim Guide est\u00e1 dise\u00f1ada y desarrollada por Waterkeepers para conectarte con playas y lugares para nadar en todo el mundo. \u00a1Descarga la app hoy mismo! Descubre una amplia variedad de playas, desde parques urbanos hasta lagos remotos, ideales para acampar. Identifica de un vistazo qu\u00e9 playas est\u00e1n limpias para nadar (Verde) y cu\u00e1les tienen problemas de calidad del agua. <a title=\"Gu\u00eda de nataci\u00f3n\" class=\"read-more\" href=\"https:\/\/waterkeeperschesapeake.org\/es\/swim-guide\/\" aria-label=\"Leer m\u00e1s sobre Gu\u00eda de Nataci\u00f3n\">Lee mas<\/a><\/p>","protected":false},"author":3,"featured_media":0,"parent":0,"menu_order":3,"comment_status":"closed","ping_status":"closed","template":"","meta":{"_monsterinsights_skip_tracking":false,"_monsterinsights_sitenote_active":false,"_monsterinsights_sitenote_note":"","_monsterinsights_sitenote_category":0,"footnotes":""},"class_list":["post-26","page","type-page","status-publish"],"_links":{"self":[{"href":"https:\/\/waterkeeperschesapeake.org\/es\/wp-json\/wp\/v2\/pages\/26","targetHints":{"allow":["GET"]}}],"collection":[{"href":"https:\/\/waterkeeperschesapeake.org\/es\/wp-json\/wp\/v2\/pages"}],"about":[{"href":"https:\/\/waterkeeperschesapeake.org\/es\/wp-json\/wp\/v2\/types\/page"}],"author":[{"embeddable":true,"href":"https:\/\/waterkeeperschesapeake.org\/es\/wp-json\/wp\/v2\/users\/3"}],"replies":[{"embeddable":true,"href":"https:\/\/waterkeeperschesapeake.org\/es\/wp-json\/wp\/v2\/comments?post=26"}],"version-history":[{"count":0,"href":"https:\/\/waterkeeperschesapeake.org\/es\/wp-json\/wp\/v2\/pages\/26\/revisions"}],"wp:attachment":[{"href":"https:\/\/waterkeeperschesapeake.org\/es\/wp-json\/wp\/v2\/media?parent=26"}],"curies":[{"name":"gracias","href":"https:\/\/api.w.org\/{rel}","templated":true}]}}