{"id":2314,"date":"2019-05-03T20:21:36","date_gmt":"2019-05-04T00:21:36","guid":{"rendered":"https:\/\/waterkeeperschesapeake.org\/?post_type=projects&#038;p=2314"},"modified":"2026-05-07T17:11:14","modified_gmt":"2026-05-07T21:11:14","slug":"water-quality-monitoring","status":"publish","type":"page","link":"https:\/\/waterkeeperschesapeake.org\/es\/water-quality-monitoring\/","title":{"rendered":"Monitoreo de la calidad del agua"},"content":{"rendered":"<p>Water monitoring is at the heart of our mission as Waterkeepers. By gathering information about the conditions of our local rivers, streams, and coastal waters, such as bacteria levels, salinity, pH, and dissolved oxygen we gain crucial insight into the health of our ecosystems and the threats they face. Our monitoring efforts extend to areas that may otherwise go untested, including places where communities fish, swim, or paddle. In doing so, we not only protect public health but also fill critical data gaps left by limited public monitoring programs. Waterkeepers also test for contaminants like PFAS the so-called \u201cforever chemicals\u201d and other toxics from industrial or wastewater sources, ensuring that potential dangers are identified and addressed before they become long-term hazards. We use this data to drive policy and regulatory changes to restore local waterways and protect public health.<\/p>\n<p><span style=\"font-weight: 400;\">In 2025, Waterkeeper programs in Maryland launched an exciting collaborative project to improve bacteria monitoring in several local waterways. The two-year project is funded by an EPA Thriving Communities $246,241 grant awarded through the Green &amp; Healthy Homes Initiative. <\/span><span style=\"font-weight: 400;\">Waterkeeper programs operate volunteer-driven water quality monitoring networks that fill critical gaps in public sampling programs, particularly in locations frequently used by local residents but not consistently monitored by government agencies. Under this new initiative, participating organizations will work together to develop an online platform that serves as a one-stop hub where the public can view bacteria data, understand what the results mean, and learn how to volunteer as community scientists.<\/span><\/p>\n<p><span style=\"font-weight: 400;\">Bacteria Water Quality Monitoring Planning Project participating programs include:\u00a0<\/span><span style=\"font-weight: 400;\">Anacostia Riverkeeper, Arundel Rivers Federation (South, West &amp; Rhode Riverkeeper), ShoreRivers (Choptank, Miles-Wye, Chester and Sassafras Riverkeepers), Assateague Coastal Trust (Assateague Coastkeeper), Blue Water Baltimore (Baltimore Harbor Waterkeeper), Gunpowder Riverkeeper, Potomac Riverkeeper Network (Potomac and Upper Potomac Riverkeepers).<\/span><a href=\"https:\/\/waterkeeperschesapeake.org\/wp-content\/uploads\/2025\/12\/WK-Bacteria-Monitoring-Sites-2025.png\"><img decoding=\"async\" class=\"aligncenter size-full wp-image-132745 lazyload\" data-src=\"https:\/\/waterkeeperschesapeake.org\/wp-content\/uploads\/2025\/12\/WK-Bacteria-Monitoring-Sites-2025.png\" alt=\"\" width=\"1914\" height=\"1013\" data-srcset=\"https:\/\/waterkeeperschesapeake.org\/wp-content\/uploads\/2025\/12\/WK-Bacteria-Monitoring-Sites-2025.png 1914w, https:\/\/waterkeeperschesapeake.org\/wp-content\/uploads\/2025\/12\/WK-Bacteria-Monitoring-Sites-2025-300x159.png 300w, https:\/\/waterkeeperschesapeake.org\/wp-content\/uploads\/2025\/12\/WK-Bacteria-Monitoring-Sites-2025-1024x542.png 1024w, https:\/\/waterkeeperschesapeake.org\/wp-content\/uploads\/2025\/12\/WK-Bacteria-Monitoring-Sites-2025-768x406.png 768w, https:\/\/waterkeeperschesapeake.org\/wp-content\/uploads\/2025\/12\/WK-Bacteria-Monitoring-Sites-2025-1536x813.png 1536w, https:\/\/waterkeeperschesapeake.org\/wp-content\/uploads\/2025\/12\/WK-Bacteria-Monitoring-Sites-2025-18x10.png 18w\" data-sizes=\"(max-width: 1914px) 100vw, 1914px\" src=\"data:image\/svg+xml;base64,PHN2ZyB3aWR0aD0iMSIgaGVpZ2h0PSIxIiB4bWxucz0iaHR0cDovL3d3dy53My5vcmcvMjAwMC9zdmciPjwvc3ZnPg==\" style=\"--smush-placeholder-width: 1914px; --smush-placeholder-aspect-ratio: 1914\/1013;\" \/><\/a><\/p>\n<p>&nbsp;<\/p>\n<div class=\"su-heading su-heading-style-default su-heading-align-center\" id=\"\" style=\"font-size:28px;margin-bottom:10px\"><div class=\"su-heading-inner\">Latest Posts<\/div><\/div>\n<div class=\"pt-cv-wrapper\"><div class=\"pt-cv-view pt-cv-grid pt-cv-colsys pt-cv-same-height pt-cv-pgregular\" id=\"pt-cv-view-21bcd30cg4\"><div data-id=\"pt-cv-page-1\" class=\"pt-cv-page\" data-cvc=\"4\" data-cvct=\"2\" data-cvcm=\"1\"><div class=\"col-md-3 col-sm-6 col-xs-12 pt-cv-content-item pt-cv-1-col\"  data-pid=\"209189\"><div class='pt-cv-ifield'><a href=\"https:\/\/waterkeeperschesapeake.org\/es\/data-to-decisions-when-water-sampling-revealed-the-truth\/\" class=\"_self pt-cv-href-thumbnail pt-cv-thumb-default cvplbd cvp-lazy-container\" target=\"_self\"><img decoding=\"async\" width=\"300\" height=\"300\" src=\"https:\/\/waterkeeperschesapeake.org\/wp-content\/plugins\/pt-content-views-pro\/public\/assets\/images\/lazy_image.png\" class=\"pt-cv-thumbnail img-none skip-lazy  cvplazy\" alt=\"Data to Decisions: When Water Sampling Revealed the Truth\" data-cvpsrc=\"https:\/\/waterkeeperschesapeake.org\/wp-content\/uploads\/2026\/05\/Data-to-Decisions-1080-x-1080-px-300x300.jpg\" \/><\/a>\n<h4 class=\"pt-cv-title\"><a href=\"https:\/\/waterkeeperschesapeake.org\/es\/data-to-decisions-when-water-sampling-revealed-the-truth\/\" class=\"_self cvplbd\" target=\"_self\">Data to Decisions: When Water Sampling Revealed the Truth<\/a><\/h4>\n<div class=\"pt-cv-content\">Routine monitoring doesn\u2019t usually come with dramatic revelations. Blue Water Baltimore, home of the Baltimore Harbor Waterkeeper, collects, tests, and ...<br \/><div class=\"pt-cv-rmwrap\"><a href=\"https:\/\/waterkeeperschesapeake.org\/es\/data-to-decisions-when-water-sampling-revealed-the-truth\/\" class=\"_self pt-cv-readmore btn btn-success cvprmct  cvplbd\" target=\"_self\">Read More<\/a><\/div><\/div><\/div><\/div>\n<div class=\"col-md-3 col-sm-6 col-xs-12 pt-cv-content-item pt-cv-1-col\"  data-pid=\"196860\"><div class='pt-cv-ifield'><a href=\"https:\/\/waterkeeperschesapeake.org\/es\/aging-sewer-infrastructure-the-menace-below-our-feet\/\" class=\"_self pt-cv-href-thumbnail pt-cv-thumb-default cvplbd cvp-lazy-container\" target=\"_self\"><img decoding=\"async\" width=\"300\" height=\"300\" src=\"https:\/\/waterkeeperschesapeake.org\/wp-content\/plugins\/pt-content-views-pro\/public\/assets\/images\/lazy_image.png\" class=\"pt-cv-thumbnail img-none skip-lazy  cvplazy\" alt=\"Aging Sewer Infrastructure: The Menace Below Our Feet\" data-cvpsrc=\"https:\/\/waterkeeperschesapeake.org\/wp-content\/uploads\/2026\/04\/aging-infrastructure-blog-300x300.png\" \/><\/a>\n<h4 class=\"pt-cv-title\"><a href=\"https:\/\/waterkeeperschesapeake.org\/es\/aging-sewer-infrastructure-the-menace-below-our-feet\/\" class=\"_self cvplbd\" target=\"_self\">Aging Sewer Infrastructure: The Menace Below Our Feet<\/a><\/h4>\n<div class=\"pt-cv-content\">Historic sewage spill on the Potomac River is a wake up call that not enough is being done.\u00a0 The water ...<br \/><div class=\"pt-cv-rmwrap\"><a href=\"https:\/\/waterkeeperschesapeake.org\/es\/aging-sewer-infrastructure-the-menace-below-our-feet\/\" class=\"_self pt-cv-readmore btn btn-success cvprmct  cvplbd\" target=\"_self\">Read More<\/a><\/div><\/div><\/div><\/div>\n<div class=\"col-md-3 col-sm-6 col-xs-12 pt-cv-content-item pt-cv-1-col\"  data-pid=\"164472\"><div class='pt-cv-ifield'><a href=\"https:\/\/waterkeeperschesapeake.org\/es\/historic-sewage-spill-in-the-potomac-river\/\" class=\"_self pt-cv-href-thumbnail pt-cv-thumb-default cvplbd cvp-lazy-container\" target=\"_self\"><img decoding=\"async\" width=\"300\" height=\"300\" src=\"https:\/\/waterkeeperschesapeake.org\/wp-content\/plugins\/pt-content-views-pro\/public\/assets\/images\/lazy_image.png\" class=\"pt-cv-thumbnail img-none skip-lazy  cvplazy\" alt=\"Historic Sewage Spill in the Potomac River\" data-cvpsrc=\"https:\/\/waterkeeperschesapeake.org\/wp-content\/uploads\/2026\/03\/Potomac-sewage-spill-January-2026-300x300.png\" \/><\/a>\n<h4 class=\"pt-cv-title\"><a href=\"https:\/\/waterkeeperschesapeake.org\/es\/historic-sewage-spill-in-the-potomac-river\/\" class=\"_self cvplbd\" target=\"_self\">Historic Sewage Spill in the Potomac River<\/a><\/h4>\n<div class=\"pt-cv-content\">Potomac Riverkeeper Network Responded Immediately to Monitor Water Quality Sewage flowing out of collapsed interceptor pipe and into the Potomac ...<br \/><div class=\"pt-cv-rmwrap\"><a href=\"https:\/\/waterkeeperschesapeake.org\/es\/historic-sewage-spill-in-the-potomac-river\/\" class=\"_self pt-cv-readmore btn btn-success cvprmct  cvplbd\" target=\"_self\">Read More<\/a><\/div><\/div><\/div><\/div>\n<div class=\"col-md-3 col-sm-6 col-xs-12 pt-cv-content-item pt-cv-1-col\"  data-pid=\"132747\"><div class='pt-cv-ifield'><a href=\"https:\/\/waterkeeperschesapeake.org\/es\/waterkeepers-join-forces-to-improve-bacteria-monitoring-in-maryland-waterways\/\" class=\"_self pt-cv-href-thumbnail pt-cv-thumb-default cvplbd cvp-lazy-container\" target=\"_self\"><img decoding=\"async\" width=\"300\" height=\"300\" src=\"https:\/\/waterkeeperschesapeake.org\/wp-content\/plugins\/pt-content-views-pro\/public\/assets\/images\/lazy_image.png\" class=\"pt-cv-thumbnail img-none skip-lazy  cvplazy\" alt=\"Waterkeepers Join Forces to Improve Bacteria Monitoring in Maryland Waterways\" data-cvpsrc=\"https:\/\/waterkeeperschesapeake.org\/wp-content\/uploads\/2025\/12\/WQ-monitoring-project-announcement-300x300.png\" \/><\/a>\n<h4 class=\"pt-cv-title\"><a href=\"https:\/\/waterkeeperschesapeake.org\/es\/waterkeepers-join-forces-to-improve-bacteria-monitoring-in-maryland-waterways\/\" class=\"_self cvplbd\" target=\"_self\">Waterkeepers Join Forces to Improve Bacteria Monitoring in Maryland Waterways<\/a><\/h4>\n<div class=\"pt-cv-content\">In August, Waterkeeper programs across Maryland launched an exciting collaborative project to improve bacteria monitoring in many Chesapeake Bay tributaries ...<br \/><div class=\"pt-cv-rmwrap\"><a href=\"https:\/\/waterkeeperschesapeake.org\/es\/waterkeepers-join-forces-to-improve-bacteria-monitoring-in-maryland-waterways\/\" class=\"_self pt-cv-readmore btn btn-success cvprmct  cvplbd\" target=\"_self\">Read More<\/a><\/div><\/div><\/div><\/div><\/div><\/div>\n<div class=\"text-center pt-cv-pagination-wrapper\"><ul class=\"pt-cv-pagination pt-cv-ajax pagination\" data-totalpages=\"4\" data-currentpage=\"1\" data-sid=\"21bcd30cg4\" data-unid=\"\" data-isblock=\"\" data-postid=\"\"><li class=\"active\"><a href=\"#\">1<\/a><\/li>\n\t<li ><a class=\"\" href=\"https:\/\/waterkeeperschesapeake.org\/es\/wp-json\/wp\/v2\/pages\/2314\/?_page=2\">2<\/a><\/li>\n\t<li ><a class=\"\" href=\"https:\/\/waterkeeperschesapeake.org\/es\/wp-json\/wp\/v2\/pages\/2314\/?_page=3\">3<\/a><\/li>\n\t<li ><a class=\"\" href=\"https:\/\/waterkeeperschesapeake.org\/es\/wp-json\/wp\/v2\/pages\/2314\/?_page=4\">4<\/a><\/li>\n\t<li ><a class=\" \" href=\"https:\/\/waterkeeperschesapeake.org\/es\/wp-json\/wp\/v2\/pages\/2314\/?_page=2\">&rsaquo;<\/a><\/li>\n\t<\/ul><img decoding=\"async\" width=\"15\" height=\"15\" class=\"pt-cv-spinner\" alt=\"Loading...\" src=\"data:image\/gif;base64,R0lGODlhDwAPALMPAMrKygwMDJOTkz09PZWVla+vr3p6euTk5M7OzuXl5TMzMwAAAJmZmWZmZszMzP\/\/\/yH\/C05FVFNDQVBFMi4wAwEAAAAh+QQFCgAPACwAAAAADwAPAAAEQvDJaZaZOIcV8iQK8VRX4iTYoAwZ4iCYoAjZ4RxejhVNoT+mRGP4cyF4Pp0N98sBGIBMEMOotl6YZ3S61Bmbkm4mAgAh+QQFCgAPACwAAAAADQANAAAENPDJSRSZeA418itN8QiK8BiLITVsFiyBBIoYqnoewAD4xPw9iY4XLGYSjkQR4UAUD45DLwIAIfkEBQoADwAsAAAAAA8ACQAABC\/wyVlamTi3nSdgwFNdhEJgTJoNyoB9ISYoQmdjiZPcj7EYCAeCF1gEDo4Dz2eIAAAh+QQFCgAPACwCAAAADQANAAAEM\/DJBxiYeLKdX3IJZT1FU0iIg2RNKx3OkZVnZ98ToRD4MyiDnkAh6BkNC0MvsAj0kMpHBAAh+QQFCgAPACwGAAAACQAPAAAEMDC59KpFDll73HkAA2wVY5KgiK5b0RRoI6MuzG6EQqCDMlSGheEhUAgqgUUAFRySIgAh+QQFCgAPACwCAAIADQANAAAEM\/DJKZNLND\/kkKaHc3xk+QAMYDKsiaqmZCxGVjSFFCxB1vwy2oOgIDxuucxAMTAJFAJNBAAh+QQFCgAPACwAAAYADwAJAAAEMNAs86q1yaWwwv2Ig0jUZx3OYa4XoRAfwADXoAwfo1+CIjyFRuEho60aSNYlOPxEAAAh+QQFCgAPACwAAAIADQANAAAENPA9s4y8+IUVcqaWJ4qEQozSoAzoIyhCK2NFU2SJk0hNnyEOhKR2AzAAj4Pj4GE4W0bkJQIAOw==\" \/><div class=\"clear pt-cv-clear-pagination\"><\/div><\/div><\/div>\t\t\t<style type=\"text\/css\" id=\"pt-cv-inline-style-e63257dxv9\">#pt-cv-view-21bcd30cg4 .pt-cv-ifield { padding-top: 10px !important; padding-right: 10px !important; padding-bottom: 10px !important; padding-left: 10px !important; }\n#pt-cv-view-21bcd30cg4  .pt-cv-ifield   { background-color: rgba(188,216,212,0.49) !important; }\n#pt-cv-view-21bcd30cg4 .pt-cv-href-thumbnail  { margin-left: auto !important; margin-right: auto !important; display: block !important; text-align: center !important; clear: both !important; }\n#pt-cv-view-21bcd30cg4 .pt-cv-readmore  { margin-left: auto !important; margin-right: auto !important; float: none !important; display: table !important; text-align: center !important; clear: both !important; }\n#pt-cv-view-21bcd30cg4  + .pt-cv-pagination-wrapper .pt-cv-more , #pt-cv-view-21bcd30cg4  + .pt-cv-pagination-wrapper .pagination .active a, .pt-cv-pagination[data-sid='21bcd30cg4'] .active a { background-color: #447c7a !important; }<\/style>\r\n\t\t\t\n","protected":false},"excerpt":{"rendered":"<p>El monitoreo del agua es fundamental para nuestra misi\u00f3n como Waterkeepers. Al recopilar informaci\u00f3n sobre las condiciones de nuestros r\u00edos, arroyos y aguas costeras locales, como los niveles de bacterias, la salinidad, el pH y el ox\u00edgeno disuelto, obtenemos informaci\u00f3n crucial sobre la salud de nuestros ecosistemas y las amenazas que enfrentan. Nuestros esfuerzos de monitoreo se extienden a \u00e1reas... <a title=\"Monitoreo de la calidad del agua\" class=\"read-more\" href=\"https:\/\/waterkeeperschesapeake.org\/es\/water-quality-monitoring\/\" aria-label=\"Leer m\u00e1s sobre Monitoreo de la Calidad del Agua\">Lee mas<\/a><\/p>","protected":false},"author":3,"featured_media":0,"parent":0,"menu_order":0,"comment_status":"closed","ping_status":"closed","template":"","meta":{"_monsterinsights_skip_tracking":false,"_monsterinsights_sitenote_active":false,"_monsterinsights_sitenote_note":"","_monsterinsights_sitenote_category":0,"footnotes":""},"class_list":["post-2314","page","type-page","status-publish"],"_links":{"self":[{"href":"https:\/\/waterkeeperschesapeake.org\/es\/wp-json\/wp\/v2\/pages\/2314","targetHints":{"allow":["GET"]}}],"collection":[{"href":"https:\/\/waterkeeperschesapeake.org\/es\/wp-json\/wp\/v2\/pages"}],"about":[{"href":"https:\/\/waterkeeperschesapeake.org\/es\/wp-json\/wp\/v2\/types\/page"}],"author":[{"embeddable":true,"href":"https:\/\/waterkeeperschesapeake.org\/es\/wp-json\/wp\/v2\/users\/3"}],"replies":[{"embeddable":true,"href":"https:\/\/waterkeeperschesapeake.org\/es\/wp-json\/wp\/v2\/comments?post=2314"}],"version-history":[{"count":0,"href":"https:\/\/waterkeeperschesapeake.org\/es\/wp-json\/wp\/v2\/pages\/2314\/revisions"}],"wp:attachment":[{"href":"https:\/\/waterkeeperschesapeake.org\/es\/wp-json\/wp\/v2\/media?parent=2314"}],"curies":[{"name":"gracias","href":"https:\/\/api.w.org\/{rel}","templated":true}]}}