{"id":2161,"date":"2019-04-09T17:55:57","date_gmt":"2019-04-09T17:55:57","guid":{"rendered":"https:\/\/waterkeeperschesapeake.org\/?page_id=2161"},"modified":"2026-04-15T09:52:46","modified_gmt":"2026-04-15T13:52:46","slug":"take-action","status":"publish","type":"page","link":"https:\/\/waterkeeperschesapeake.org\/es\/take-action\/","title":{"rendered":"Tomar acci\u00f3n"},"content":{"rendered":"<p>\u00a1Tome medidas hoy! Haga clic en una alerta de acci\u00f3n a continuaci\u00f3n para garantizar que tengamos agua limpia, saludable y accesible para todas nuestras comunidades. \u00a1Ayude a Waterkeepers Chesapeake a marcar la diferencia!<\/p>\n<p>\u00bfLe preocupa la calidad del agua en su comunidad: el agua que bebe, el agua en la que realiza actividades recreativas, el agua de la que pesca su comida? Puede tomar medidas. Aprenda c\u00f3mo visitando la Gu\u00eda pr\u00e1ctica de la Ley de Agua Limpia en <a href=\"https:\/\/cwaplaybook.org\" target=\"_blank\" rel=\"noopener\">https:\/\/cwaplaybook.org<\/a>.<\/p>\n\n\n<div class=\"su-posts su-posts-default-loop\">\n\n\t\n\t\t\t\t\t\n\t\t\t\n\t\t\t<div id=\"su-post-131847\" class=\"su-post\">\n\n\t\t\t\t\t\t\t\t\t<a class=\"su-post-thumbnail\" href=\"https:\/\/waterkeeperschesapeake.org\/es\/tell-epa-to-do-its-job-protect-our-water\/\"><img decoding=\"async\" width=\"1080\" height=\"1080\" data-src=\"https:\/\/waterkeeperschesapeake.org\/wp-content\/uploads\/2025\/12\/WOTUS-take-action.png\" class=\"attachment-post-thumbnail size-post-thumbnail wp-post-image lazyload\" alt=\"\" data-srcset=\"https:\/\/waterkeeperschesapeake.org\/wp-content\/uploads\/2025\/12\/WOTUS-take-action.png 1080w, https:\/\/waterkeeperschesapeake.org\/wp-content\/uploads\/2025\/12\/WOTUS-take-action-300x300.png 300w, https:\/\/waterkeeperschesapeake.org\/wp-content\/uploads\/2025\/12\/WOTUS-take-action-1024x1024.png 1024w, https:\/\/waterkeeperschesapeake.org\/wp-content\/uploads\/2025\/12\/WOTUS-take-action-150x150.png 150w, https:\/\/waterkeeperschesapeake.org\/wp-content\/uploads\/2025\/12\/WOTUS-take-action-768x768.png 768w, https:\/\/waterkeeperschesapeake.org\/wp-content\/uploads\/2025\/12\/WOTUS-take-action-12x12.png 12w\" data-sizes=\"(max-width: 1080px) 100vw, 1080px\" src=\"data:image\/svg+xml;base64,PHN2ZyB3aWR0aD0iMSIgaGVpZ2h0PSIxIiB4bWxucz0iaHR0cDovL3d3dy53My5vcmcvMjAwMC9zdmciPjwvc3ZnPg==\" style=\"--smush-placeholder-width: 1080px; --smush-placeholder-aspect-ratio: 1080\/1080;\" \/><\/a>\n\t\t\t\t\n\t\t\t\t<h2 class=\"su-post-title\"><a href=\"https:\/\/waterkeeperschesapeake.org\/es\/tell-epa-to-do-its-job-protect-our-water\/\">D\u00edgale a EPA que haga su trabajo y proteja nuestra agua<\/a><\/h2>\n\n\t\t\t\t<div class=\"su-post-meta\">\n\t\t\t\t\tPublicado: 4 de diciembre de 2025\t\t\t\t<\/div>\n\n\t\t\t\t<div class=\"su-post-excerpt\">\n\t\t\t\t\t<p>&nbsp; En lugar de proteger nuestro medio ambiente y la salud p\u00fablica, la EPA nos priva del derecho al agua potable y facilita que la industria destruya nuestros recursos p\u00fablicos. La EPA planea eliminar las protecciones de la Ley de Agua Limpia de m\u00e1s v\u00edas fluviales de las que dependemos para obtener agua potable. La nueva propuesta de la agencia eliminar\u00eda\u2026 <a title=\"D\u00edgale a EPA que haga su trabajo y proteja nuestra agua\" class=\"read-more\" href=\"https:\/\/waterkeeperschesapeake.org\/es\/tell-epa-to-do-its-job-protect-our-water\/\" aria-label=\"Leer m\u00e1s sobre D\u00edgale a EPA que haga su trabajo y proteja nuestra agua\">Lee mas<\/a><\/p>\n\t\t\t\t<\/div>\n\n\t\t\t\t\n\t\t\t<\/div>\n\n\t\t\n\t\n<\/div>","protected":false},"excerpt":{"rendered":"<p>\u00a1Act\u00faa hoy mismo! Haz clic en una Alerta de Acci\u00f3n a continuaci\u00f3n para asegurar que todas nuestras comunidades tengan agua limpia, saludable y accesible. \u00a1Ayuda a Waterkeepers Chesapeake a marcar la diferencia! \u00bfTe preocupa la calidad del agua en tu comunidad: el agua que bebes, el agua en la que te recreas, el agua de la que...? <a title=\"D\u00edgale a EPA que haga su trabajo y proteja nuestra agua\" class=\"read-more\" href=\"https:\/\/waterkeeperschesapeake.org\/es\/tell-epa-to-do-its-job-protect-our-water\/\" aria-label=\"Leer m\u00e1s sobre D\u00edgale a EPA que haga su trabajo y proteja nuestra agua\">Lee mas<\/a><\/p>","protected":false},"author":3,"featured_media":0,"parent":0,"menu_order":0,"comment_status":"closed","ping_status":"closed","template":"","meta":{"_monsterinsights_skip_tracking":false,"_monsterinsights_sitenote_active":false,"_monsterinsights_sitenote_note":"","_monsterinsights_sitenote_category":0,"footnotes":""},"class_list":["post-2161","page","type-page","status-publish","hentry"],"_links":{"self":[{"href":"https:\/\/waterkeeperschesapeake.org\/es\/wp-json\/wp\/v2\/pages\/2161","targetHints":{"allow":["GET"]}}],"collection":[{"href":"https:\/\/waterkeeperschesapeake.org\/es\/wp-json\/wp\/v2\/pages"}],"about":[{"href":"https:\/\/waterkeeperschesapeake.org\/es\/wp-json\/wp\/v2\/types\/page"}],"author":[{"embeddable":true,"href":"https:\/\/waterkeeperschesapeake.org\/es\/wp-json\/wp\/v2\/users\/3"}],"replies":[{"embeddable":true,"href":"https:\/\/waterkeeperschesapeake.org\/es\/wp-json\/wp\/v2\/comments?post=2161"}],"version-history":[{"count":0,"href":"https:\/\/waterkeeperschesapeake.org\/es\/wp-json\/wp\/v2\/pages\/2161\/revisions"}],"wp:attachment":[{"href":"https:\/\/waterkeeperschesapeake.org\/es\/wp-json\/wp\/v2\/media?parent=2161"}],"curies":[{"name":"gracias","href":"https:\/\/api.w.org\/{rel}","templated":true}]}}