{"id":2060,"date":"2019-04-04T17:48:38","date_gmt":"2019-04-04T17:48:38","guid":{"rendered":"https:\/\/waterkeeperschesapeake.org\/?page_id=2060"},"modified":"2023-01-31T20:56:40","modified_gmt":"2023-02-01T01:56:40","slug":"natural-gas","status":"publish","type":"page","link":"https:\/\/waterkeeperschesapeake.org\/es\/natural-gas\/","title":{"rendered":"Infraestructura de Gas Natural"},"content":{"rendered":"<p><img decoding=\"async\" class=\"alignright size-medium wp-image-868 lazyload\" data-src=\"https:\/\/waterkeeperschesapeake.org\/wp-content\/uploads\/2019\/03\/8b0dca3b357fcee94cf1b8a6c08994ea-300x200.jpg\" alt=\"\" width=\"300\" height=\"200\" data-srcset=\"https:\/\/waterkeeperschesapeake.org\/wp-content\/uploads\/2019\/03\/8b0dca3b357fcee94cf1b8a6c08994ea-300x200.jpg 300w, https:\/\/waterkeeperschesapeake.org\/wp-content\/uploads\/2019\/03\/8b0dca3b357fcee94cf1b8a6c08994ea.jpg 500w\" data-sizes=\"(max-width: 300px) 100vw, 300px\" src=\"data:image\/svg+xml;base64,PHN2ZyB3aWR0aD0iMSIgaGVpZ2h0PSIxIiB4bWxucz0iaHR0cDovL3d3dy53My5vcmcvMjAwMC9zdmciPjwvc3ZnPg==\" style=\"--smush-placeholder-width: 300px; --smush-placeholder-aspect-ratio: 300\/200;\" \/>Nuestros Waterkeeper protegen las v\u00edas fluviales locales, a las personas y a las comunidades de las amenazas inmediatas y los impactos acumulativos de los combustibles f\u00f3siles. Nuestras v\u00edas fluviales locales se han visto afectadas por la extracci\u00f3n, el almacenamiento y el transporte de combustibles f\u00f3siles, los residuos y su eliminaci\u00f3n, y el desarrollo de infraestructura relacionada. Como expertos en el sector h\u00eddrico, nuestros Waterkeeper concientizan sobre c\u00f3mo las v\u00edas fluviales y las cuencas hidrogr\u00e1ficas est\u00e1n cambiando debido a los cambios clim\u00e1ticos actuales y a largo plazo. La expansi\u00f3n de la infraestructura de gas de fracturaci\u00f3n hidr\u00e1ulica plantea riesgos significativos para el agua, el medio ambiente y las comunidades de nuestra regi\u00f3n. Se est\u00e1n proponiendo gasoductos que transporten gas de fracturaci\u00f3n hidr\u00e1ulica en toda nuestra regi\u00f3n, desde Pensilvania y las monta\u00f1as del oeste hasta la costa este de Maryland y a trav\u00e9s de Virginia. Waterkeepers Chesapeake ha combatido la expansi\u00f3n del fracking en nuestra regi\u00f3n. En marzo de 2017, se aprob\u00f3 en Maryland una prohibici\u00f3n estatal del fracking, resultado de un movimiento popular masivo en todo el estado, especialmente en el oeste de Maryland, que exigi\u00f3 a la legislatura que protegiera a sus familias, sus medios de vida y su agua y aire limpios del da\u00f1o irreversible causado por el fracking.<\/p>\n<div class=\"su-heading su-heading-style-default su-heading-align-center\" id=\"\" style=\"font-size:28px;margin-bottom:10px\"><div class=\"su-heading-inner\">\u00daltimos proyectos<\/div><\/div>\n\n\n<div class=\"su-posts su-posts-default-loop\">\n\n\t\n\t\t\t\t\t\n\t\t\t\n\t\t\t<div id=\"su-post-3610\" class=\"su-post\">\n\n\t\t\t\t\t\t\t\t\t<a class=\"su-post-thumbnail\" href=\"https:\/\/waterkeeperschesapeake.org\/es\/projects\/atlantic-coast-pipeline\/\"><img decoding=\"async\" width=\"850\" height=\"500\" data-src=\"https:\/\/waterkeeperschesapeake.org\/wp-content\/uploads\/2017\/03\/778faba3e3dc8c6c6db24b403da494ae.jpg\" class=\"attachment-post-thumbnail size-post-thumbnail wp-post-image lazyload\" alt=\"\" data-srcset=\"https:\/\/waterkeeperschesapeake.org\/wp-content\/uploads\/2017\/03\/778faba3e3dc8c6c6db24b403da494ae.jpg 850w, https:\/\/waterkeeperschesapeake.org\/wp-content\/uploads\/2017\/03\/778faba3e3dc8c6c6db24b403da494ae-300x176.jpg 300w, https:\/\/waterkeeperschesapeake.org\/wp-content\/uploads\/2017\/03\/778faba3e3dc8c6c6db24b403da494ae-768x452.jpg 768w\" data-sizes=\"(max-width: 850px) 100vw, 850px\" src=\"data:image\/svg+xml;base64,PHN2ZyB3aWR0aD0iMSIgaGVpZ2h0PSIxIiB4bWxucz0iaHR0cDovL3d3dy53My5vcmcvMjAwMC9zdmciPjwvc3ZnPg==\" style=\"--smush-placeholder-width: 850px; --smush-placeholder-aspect-ratio: 850\/500;\" \/><\/a>\n\t\t\t\t\n\t\t\t\t<h2 class=\"su-post-title\"><a href=\"https:\/\/waterkeeperschesapeake.org\/es\/projects\/atlantic-coast-pipeline\/\">Oleoducto de la Costa Atl\u00e1ntica<\/a><\/h2>\n\n\t\t\t\t<div class=\"su-post-meta\">\n\t\t\t\t\tPublicado: 29 de mayo de 2019\t\t\t\t<\/div>\n\n\t\t\t\t<div class=\"su-post-excerpt\">\n\t\t\t\t\t<p>Waterkeepers Chesapeake se uni\u00f3 a la Allegheny Blue Ridge Alliance (ABRA) que est\u00e1 trabajando para detener el Atlantic Coast Pipeline (ACP), un proyecto de gasoducto natural propuesto por Dominion Resources y Duke Energy para transportar gas desde el campo Marcellus Shale en el centro oeste de Virginia a trav\u00e9s de Virginia a usuarios en el sureste de Virginia y Carolina del Norte, adem\u00e1s... <a title=\"Oleoducto de la Costa Atl\u00e1ntica\" class=\"read-more\" href=\"https:\/\/waterkeeperschesapeake.org\/es\/projects\/atlantic-coast-pipeline\/\" aria-label=\"Leer m\u00e1s sobre Oleoducto de la Costa Atl\u00e1ntica\">Lee mas<\/a><\/p>\n\t\t\t\t<\/div>\n\n\t\t\t\t\n\t\t\t<\/div>\n\n\t\t\t\t\t\n\t\t\t\n\t\t\t<div id=\"su-post-3580\" class=\"su-post\">\n\n\t\t\t\t\t\t\t\t\t<a class=\"su-post-thumbnail\" href=\"https:\/\/waterkeeperschesapeake.org\/es\/projects\/no-potomac-pipeline-campaign\/\"><img decoding=\"async\" width=\"945\" height=\"500\" data-src=\"https:\/\/waterkeeperschesapeake.org\/wp-content\/uploads\/2019\/04\/No-Potomac-Pipeline-banner-image-cropped1.jpg\" class=\"attachment-post-thumbnail size-post-thumbnail wp-post-image lazyload\" alt=\"No-Potomac-Pipeline-banner-image-cropped1\" data-srcset=\"https:\/\/waterkeeperschesapeake.org\/wp-content\/uploads\/2019\/04\/No-Potomac-Pipeline-banner-image-cropped1.jpg 945w, https:\/\/waterkeeperschesapeake.org\/wp-content\/uploads\/2019\/04\/No-Potomac-Pipeline-banner-image-cropped1-300x159.jpg 300w, https:\/\/waterkeeperschesapeake.org\/wp-content\/uploads\/2019\/04\/No-Potomac-Pipeline-banner-image-cropped1-768x406.jpg 768w, https:\/\/waterkeeperschesapeake.org\/wp-content\/uploads\/2019\/04\/No-Potomac-Pipeline-banner-image-cropped1-31x16.jpg 31w\" data-sizes=\"(max-width: 945px) 100vw, 945px\" src=\"data:image\/svg+xml;base64,PHN2ZyB3aWR0aD0iMSIgaGVpZ2h0PSIxIiB4bWxucz0iaHR0cDovL3d3dy53My5vcmcvMjAwMC9zdmciPjwvc3ZnPg==\" style=\"--smush-placeholder-width: 945px; --smush-placeholder-aspect-ratio: 945\/500;\" \/><\/a>\n\t\t\t\t\n\t\t\t\t<h2 class=\"su-post-title\"><a href=\"https:\/\/waterkeeperschesapeake.org\/es\/projects\/no-potomac-pipeline-campaign\/\">No a la campa\u00f1a del oleoducto Potomac<\/a><\/h2>\n\n\t\t\t\t<div class=\"su-post-meta\">\n\t\t\t\t\tPublicado: 29 de mayo de 2019\t\t\t\t<\/div>\n\n\t\t\t\t<div class=\"su-post-excerpt\">\n\t\t\t\t\t<p>Waterkeepers Chesapeake se ha unido a varios grupos de Maryland y West Virginia, incluyendo Upper Potomac Riverkeeper, en la Campa\u00f1a No al Oleoducto Potomac para impedir que TransCanada construya un gasoducto de fracturaci\u00f3n hidr\u00e1ulica bajo el Canal C&amp;O y el r\u00edo Potomac. Este gasoducto de seis kil\u00f3metros transportar\u00eda gas de fracturaci\u00f3n hidr\u00e1ulica desde Pensilvania hasta West Virginia y atravesar\u00eda Maryland, justo al oeste de\u2026 <a title=\"No a la campa\u00f1a del oleoducto Potomac\" class=\"read-more\" href=\"https:\/\/waterkeeperschesapeake.org\/es\/projects\/no-potomac-pipeline-campaign\/\" aria-label=\"Leer m\u00e1s sobre Campa\u00f1a contra el oleoducto Potomac\">Lee mas<\/a><\/p>\n\t\t\t\t<\/div>\n\n\t\t\t\t\n\t\t\t<\/div>\n\n\t\t\t\t\t\n\t\t\t\n\t\t\t<div id=\"su-post-49\" class=\"su-post\">\n\n\t\t\t\t\t\t\t\t\t<a class=\"su-post-thumbnail\" href=\"https:\/\/waterkeeperschesapeake.org\/es\/projects\/don-t-frack-maryland-campaign\/\"><img decoding=\"async\" width=\"250\" height=\"185\" data-src=\"https:\/\/waterkeeperschesapeake.org\/wp-content\/uploads\/2015\/11\/DontFrackMD.jpg\" class=\"attachment-post-thumbnail size-post-thumbnail wp-post-image lazyload\" alt=\"\" src=\"data:image\/svg+xml;base64,PHN2ZyB3aWR0aD0iMSIgaGVpZ2h0PSIxIiB4bWxucz0iaHR0cDovL3d3dy53My5vcmcvMjAwMC9zdmciPjwvc3ZnPg==\" style=\"--smush-placeholder-width: 250px; --smush-placeholder-aspect-ratio: 250\/185;\" \/><\/a>\n\t\t\t\t\n\t\t\t\t<h2 class=\"su-post-title\"><a href=\"https:\/\/waterkeeperschesapeake.org\/es\/projects\/don-t-frack-maryland-campaign\/\">Campa\u00f1a No Frackear Maryland<\/a><\/h2>\n\n\t\t\t\t<div class=\"su-post-meta\">\n\t\t\t\t\tPublicado: septiembre 21, 2016\t\t\t\t<\/div>\n\n\t\t\t\t<div class=\"su-post-excerpt\">\n\t\t\t\t\t<p>Waterkeepers Chesapeake fue una organizaci\u00f3n l\u00edder de la Coalici\u00f3n Don&#039;t Frack Maryland. El objetivo inicial de la coalici\u00f3n era impulsar una moratoria a largo plazo sobre el fracking en Maryland. Como resultado de una amplia campa\u00f1a de base, la Asamblea General de Maryland aprob\u00f3 una moratoria de dos a\u00f1os sobre el fracking en 2015. La ley proh\u00edbe cualquier actividad de perforaci\u00f3n a trav\u00e9s de... <a title=\"Campa\u00f1a No Frack Maryland\" class=\"read-more\" href=\"https:\/\/waterkeeperschesapeake.org\/es\/projects\/don-t-frack-maryland-campaign\/\" aria-label=\"Leer m\u00e1s sobre Campa\u00f1a Don&#039;t Frack Maryland\">Lee mas<\/a><\/p>\n\t\t\t\t<\/div>\n\n\t\t\t\t\n\t\t\t<\/div>\n\n\t\t\t\t\t\n\t\t\t\n\t\t\t<div id=\"su-post-3662\" class=\"su-post\">\n\n\t\t\t\t\t\t\t\t\t<a class=\"su-post-thumbnail\" href=\"https:\/\/waterkeeperschesapeake.org\/es\/projects\/cove-point-natural-gas-lng-export-facility\/\"><img decoding=\"async\" width=\"325\" height=\"216\" data-src=\"https:\/\/waterkeeperschesapeake.org\/wp-content\/uploads\/2016\/07\/c6db11a71571f6269d8aa754fc40212f.jpg\" class=\"attachment-post-thumbnail size-post-thumbnail wp-post-image lazyload\" alt=\"\" data-srcset=\"https:\/\/waterkeeperschesapeake.org\/wp-content\/uploads\/2016\/07\/c6db11a71571f6269d8aa754fc40212f.jpg 325w, https:\/\/waterkeeperschesapeake.org\/wp-content\/uploads\/2016\/07\/c6db11a71571f6269d8aa754fc40212f-300x199.jpg 300w\" data-sizes=\"(max-width: 325px) 100vw, 325px\" src=\"data:image\/svg+xml;base64,PHN2ZyB3aWR0aD0iMSIgaGVpZ2h0PSIxIiB4bWxucz0iaHR0cDovL3d3dy53My5vcmcvMjAwMC9zdmciPjwvc3ZnPg==\" style=\"--smush-placeholder-width: 325px; --smush-placeholder-aspect-ratio: 325\/216;\" \/><\/a>\n\t\t\t\t\n\t\t\t\t<h2 class=\"su-post-title\"><a href=\"https:\/\/waterkeeperschesapeake.org\/es\/projects\/cove-point-natural-gas-lng-export-facility\/\">Instalaci\u00f3n de exportaci\u00f3n de gas natural (GNL) de Cove Point<\/a><\/h2>\n\n\t\t\t\t<div class=\"su-post-meta\">\n\t\t\t\t\tPublicado: 29 de mayo de 2015\t\t\t\t<\/div>\n\n\t\t\t\t<div class=\"su-post-excerpt\">\n\t\t\t\t\t<p>Waterkeepers Chesapeake comenz\u00f3 a luchar contra la construcci\u00f3n de la planta de exportaci\u00f3n de gas de fracturaci\u00f3n hidr\u00e1ulica de Dominion en Cove Point, la Bah\u00eda de Chesapeake, cuando present\u00f3 su solicitud a la Comisi\u00f3n Federal Reguladora de Energ\u00eda (FERC). Desafortunadamente, en julio de 2016, el Tribunal de Circuito de Washington D. C. confirm\u00f3 la &quot;Determinaci\u00f3n de No Impacto Significativo&quot; de la FERC en relaci\u00f3n con la planta de exportaci\u00f3n de GNL de Cove Point en Lusby, Maryland. <a title=\"Instalaci\u00f3n de exportaci\u00f3n de gas natural (GNL) de Cove Point\" class=\"read-more\" href=\"https:\/\/waterkeeperschesapeake.org\/es\/projects\/cove-point-natural-gas-lng-export-facility\/\" aria-label=\"Leer m\u00e1s sobre Instalaci\u00f3n de exportaci\u00f3n de gas natural (GNL) de Cove Point\">Lee mas<\/a><\/p>\n\t\t\t\t<\/div>\n\n\t\t\t\t\n\t\t\t<\/div>\n\n\t\t\t\t\t\n\t\t\t\n\t\t\t<div id=\"su-post-3641\" class=\"su-post\">\n\n\t\t\t\t\t\t\t\t\t<a class=\"su-post-thumbnail\" href=\"https:\/\/waterkeeperschesapeake.org\/es\/projects\/atlantic-sunrise-pipeline\/\"><img decoding=\"async\" width=\"525\" height=\"237\" data-src=\"https:\/\/waterkeeperschesapeake.org\/wp-content\/uploads\/2018\/07\/6ddb2450462828abf9aabc88d6bfb7fe.jpg\" class=\"attachment-post-thumbnail size-post-thumbnail wp-post-image lazyload\" alt=\"\" data-srcset=\"https:\/\/waterkeeperschesapeake.org\/wp-content\/uploads\/2018\/07\/6ddb2450462828abf9aabc88d6bfb7fe.jpg 525w, https:\/\/waterkeeperschesapeake.org\/wp-content\/uploads\/2018\/07\/6ddb2450462828abf9aabc88d6bfb7fe-300x135.jpg 300w\" data-sizes=\"(max-width: 525px) 100vw, 525px\" src=\"data:image\/svg+xml;base64,PHN2ZyB3aWR0aD0iMSIgaGVpZ2h0PSIxIiB4bWxucz0iaHR0cDovL3d3dy53My5vcmcvMjAwMC9zdmciPjwvc3ZnPg==\" style=\"--smush-placeholder-width: 525px; --smush-placeholder-aspect-ratio: 525\/237;\" \/><\/a>\n\t\t\t\t\n\t\t\t\t<h2 class=\"su-post-title\"><a href=\"https:\/\/waterkeeperschesapeake.org\/es\/projects\/atlantic-sunrise-pipeline\/\">Oleoducto Atlantic Sunrise<\/a><\/h2>\n\n\t\t\t\t<div class=\"su-post-meta\">\n\t\t\t\t\tPublicado: 29 de abril de 2015\t\t\t\t<\/div>\n\n\t\t\t\t<div class=\"su-post-excerpt\">\n\t\t\t\t\t<p>Waterkeepers Chesapeake participa en los esfuerzos para detener el gasoducto Atlantic Sunrise en Pensilvania. Este gasoducto, de 295 kil\u00f3metros de longitud y 107,6 cm de di\u00e1metro, se encuentra en un terreno no urbanizado, con tramos adicionales y estaciones de compresi\u00f3n nuevas y ampliadas. Amenaza el r\u00edo Susquehanna y otras v\u00edas fluviales. Este gasoducto transportar\u00e1 gas extra\u00eddo por fracturaci\u00f3n hidr\u00e1ulica desde Pensilvania hasta... <a title=\"Oleoducto Atlantic Sunrise\" class=\"read-more\" href=\"https:\/\/waterkeeperschesapeake.org\/es\/projects\/atlantic-sunrise-pipeline\/\" aria-label=\"Leer m\u00e1s sobre Oleoducto Atlantic Sunrise\">Lee mas<\/a><\/p>\n\t\t\t\t<\/div>\n\n\t\t\t\t\n\t\t\t<\/div>\n\n\t\t\n\t\n<\/div>","protected":false},"excerpt":{"rendered":"<p>Nuestros Waterkeeper protegen las v\u00edas fluviales locales, a las personas y a las comunidades de las amenazas inmediatas y los impactos acumulativos de los combustibles f\u00f3siles. Nuestras v\u00edas fluviales locales se han visto afectadas por la extracci\u00f3n, el almacenamiento y el transporte de combustibles f\u00f3siles, los residuos y su eliminaci\u00f3n, y el desarrollo de infraestructuras relacionadas. Como expertos en el agua, nuestros Waterkeeper concientizan sobre c\u00f3mo las v\u00edas fluviales y las cuencas hidrogr\u00e1ficas... <a title=\"Oleoducto Atlantic Sunrise\" class=\"read-more\" href=\"https:\/\/waterkeeperschesapeake.org\/es\/projects\/atlantic-sunrise-pipeline\/\" aria-label=\"Leer m\u00e1s sobre Oleoducto Atlantic Sunrise\">Lee mas<\/a><\/p>","protected":false},"author":3,"featured_media":0,"parent":0,"menu_order":0,"comment_status":"closed","ping_status":"closed","template":"","meta":{"_monsterinsights_skip_tracking":false,"_monsterinsights_sitenote_active":false,"_monsterinsights_sitenote_note":"","_monsterinsights_sitenote_category":0,"footnotes":""},"class_list":["post-2060","page","type-page","status-publish","hentry","resize-featured-image"],"_links":{"self":[{"href":"https:\/\/waterkeeperschesapeake.org\/es\/wp-json\/wp\/v2\/pages\/2060","targetHints":{"allow":["GET"]}}],"collection":[{"href":"https:\/\/waterkeeperschesapeake.org\/es\/wp-json\/wp\/v2\/pages"}],"about":[{"href":"https:\/\/waterkeeperschesapeake.org\/es\/wp-json\/wp\/v2\/types\/page"}],"author":[{"embeddable":true,"href":"https:\/\/waterkeeperschesapeake.org\/es\/wp-json\/wp\/v2\/users\/3"}],"replies":[{"embeddable":true,"href":"https:\/\/waterkeeperschesapeake.org\/es\/wp-json\/wp\/v2\/comments?post=2060"}],"version-history":[{"count":0,"href":"https:\/\/waterkeeperschesapeake.org\/es\/wp-json\/wp\/v2\/pages\/2060\/revisions"}],"wp:attachment":[{"href":"https:\/\/waterkeeperschesapeake.org\/es\/wp-json\/wp\/v2\/media?parent=2060"}],"curies":[{"name":"gracias","href":"https:\/\/api.w.org\/{rel}","templated":true}]}}