{"id":12923,"date":"2023-07-10T12:55:18","date_gmt":"2023-07-10T16:55:18","guid":{"rendered":"https:\/\/waterkeeperschesapeake.org\/?page_id=12923"},"modified":"2023-08-10T10:56:02","modified_gmt":"2023-08-10T14:56:02","slug":"conowingo-crisis","status":"publish","type":"page","link":"https:\/\/waterkeeperschesapeake.org\/es\/conowingo-crisis\/","title":{"rendered":"Crisis de Conowingo"},"content":{"rendered":"<h1 class=\"gb-headline gb-headline-4a041a86 gb-headline-text\"><mark class=\"gb-highlight\">Ya era hora de construir una presa:<\/mark><br><strong><mark class=\"gb-highlight\">CONOWINGO<\/mark> CRISIS<\/strong><\/h1>\n\n\n<div class=\"gb-container gb-container-8dbd6289\">\n<div class=\"gb-container gb-container-a8666aee\">\n<div class=\"gb-grid-wrapper gb-grid-wrapper-fcadfe52\">\n<div class=\"gb-grid-column gb-grid-column-54c392a9\"><div class=\"gb-container gb-container-54c392a9\"><\/div><\/div>\n\n<div class=\"gb-grid-column gb-grid-column-35006cb8\"><div class=\"gb-container gb-container-35006cb8\">\n\n<p>Ubicada en el r\u00edo Susquehanna, el afluente m\u00e1s grande de la bah\u00eda de Chesapeake, la presa se construy\u00f3 en 1928 para suministrar energ\u00eda hidroel\u00e9ctrica.<\/p>\n\n\n\n<p><strong>Esta hidroelectricidad tiene un alto costo ambiental<\/strong> \u2013 El r\u00edo es un recurso natural p\u00fablico y Constellation, la empresa privada que opera la presa, deber\u00eda desempe\u00f1ar un papel m\u00e1s importante en su limpieza.<\/p>\n\n<\/div><\/div>\n\n<div class=\"gb-grid-column gb-grid-column-955ec4ac\"><div class=\"gb-container gb-container-955ec4ac\">\n<div class=\"gb-grid-wrapper gb-grid-wrapper-ff194b93\">\n<div class=\"gb-grid-column gb-grid-column-5c03c2b4\"><div class=\"gb-container gb-container-5c03c2b4\"><\/div><\/div>\n\n<div class=\"gb-grid-column gb-grid-column-1b332f37\"><div class=\"gb-container gb-container-1b332f37\">\n\n<h5 class=\"gb-headline gb-headline-d563c9d6 gb-headline-text\"><strong><mark class=\"gb-highlight\">AHORA MISMO<\/mark><\/strong>Tenemos una oportunidad sin precedentes de proteger nuestras inversiones en agua limpia para nuestras comunidades y la vida silvestre durante los pr\u00f3ximos 50 a\u00f1os. No podemos dejar pasar esta oportunidad. \u00a1No permitamos que Constellation explote un recurso p\u00fablico sin proteger los intereses p\u00fablicos!<\/h5>\n\n<\/div><\/div>\n<\/div>\n<\/div><\/div>\n<\/div>\n<\/div>\n<\/div>\n\n<div class=\"gb-container gb-container-71c62fa1\">\n\n<figure class=\"wp-block-image size-full\"><img decoding=\"async\" width=\"1140\" height=\"611\" data-src=\"https:\/\/waterkeeperschesapeake.org\/wp-content\/uploads\/2023\/07\/whats-at-stake-.png\" alt=\"what's at stake?\" class=\"wp-image-13094 lazyload\" data-srcset=\"https:\/\/waterkeeperschesapeake.org\/wp-content\/uploads\/2023\/07\/whats-at-stake-.png 1140w, https:\/\/waterkeeperschesapeake.org\/wp-content\/uploads\/2023\/07\/whats-at-stake--300x161.png 300w, https:\/\/waterkeeperschesapeake.org\/wp-content\/uploads\/2023\/07\/whats-at-stake--1024x549.png 1024w, https:\/\/waterkeeperschesapeake.org\/wp-content\/uploads\/2023\/07\/whats-at-stake--768x412.png 768w, https:\/\/waterkeeperschesapeake.org\/wp-content\/uploads\/2023\/07\/whats-at-stake--18x10.png 18w\" data-sizes=\"(max-width: 1140px) 100vw, 1140px\" src=\"data:image\/svg+xml;base64,PHN2ZyB3aWR0aD0iMSIgaGVpZ2h0PSIxIiB4bWxucz0iaHR0cDovL3d3dy53My5vcmcvMjAwMC9zdmciPjwvc3ZnPg==\" style=\"--smush-placeholder-width: 1140px; --smush-placeholder-aspect-ratio: 1140\/611;\" \/><\/figure>\n\n<\/div>\n\n<div class=\"gb-container gb-container-1020235b\">\n\n<h5 class=\"gb-headline gb-headline-eb9edf59 gb-headline-text\"><strong>Constellation debe rendir cuentas por el riesgo que representa para la salud de Bay. La petici\u00f3n financiera es insignificante para ellos. <mark style=\"background-color:rgba(0, 0, 0, 0);color:#000000\" class=\"has-inline-color\"><mark class=\"gb-highlight\">\u00a1Constellation es una de las corporaciones m\u00e1s grandes y ricas de los Estados Unidos y valoran las ganancias por encima de su acceso a agua limpia!<\/mark><\/mark><\/strong><\/h5>\n\n<\/div>\n\n<div class=\"gb-container gb-container-40ba36be\">\n\n<figure class=\"wp-block-image size-full\"><img decoding=\"async\" width=\"1140\" height=\"793\" data-src=\"https:\/\/waterkeeperschesapeake.org\/wp-content\/uploads\/2023\/07\/how-did-we-get-here.png\" alt=\"how did we get here?\" class=\"wp-image-13095 lazyload\" data-srcset=\"https:\/\/waterkeeperschesapeake.org\/wp-content\/uploads\/2023\/07\/how-did-we-get-here.png 1140w, https:\/\/waterkeeperschesapeake.org\/wp-content\/uploads\/2023\/07\/how-did-we-get-here-300x209.png 300w, https:\/\/waterkeeperschesapeake.org\/wp-content\/uploads\/2023\/07\/how-did-we-get-here-1024x712.png 1024w, https:\/\/waterkeeperschesapeake.org\/wp-content\/uploads\/2023\/07\/how-did-we-get-here-768x534.png 768w, https:\/\/waterkeeperschesapeake.org\/wp-content\/uploads\/2023\/07\/how-did-we-get-here-18x12.png 18w\" data-sizes=\"(max-width: 1140px) 100vw, 1140px\" src=\"data:image\/svg+xml;base64,PHN2ZyB3aWR0aD0iMSIgaGVpZ2h0PSIxIiB4bWxucz0iaHR0cDovL3d3dy53My5vcmcvMjAwMC9zdmciPjwvc3ZnPg==\" style=\"--smush-placeholder-width: 1140px; --smush-placeholder-aspect-ratio: 1140\/793;\" \/><\/figure>\n\n<\/div>\n\n<div class=\"gb-container gb-container-f7e25625\">\n<div class=\"gb-grid-wrapper gb-grid-wrapper-384a2194\">\n<div class=\"gb-grid-column gb-grid-column-1f6575dd\"><div class=\"gb-container gb-container-1f6575dd\"><\/div><\/div>\n\n<div class=\"gb-grid-column gb-grid-column-b6aed96f\"><div class=\"gb-container gb-container-b6aed96f\">\n\n<h5 class=\"gb-headline gb-headline-d304df69 gb-headline-text\"><strong>A trav\u00e9s de una serie de t\u00e1cticas dilatorias legales y procesales, Constellation ha evitado repetidamente tomar medidas para reducir su impacto en Susquehannah y Chesapeake Bay.<\/strong><\/h5>\n\n\n\n<h2 class=\"gb-headline gb-headline-82538179 gb-headline-text\"><strong>\u00a1Ya es hora de que eso cambie!<\/strong><\/h2>\n\n<\/div><\/div>\n<\/div>\n<\/div>\n\n<div class=\"gb-container gb-container-93d8583f\">\n\n<div class=\"wp-block-group\"><div class=\"wp-block-group__inner-container is-layout-constrained wp-block-group-is-layout-constrained\"><div class=\"gb-grid-wrapper gb-grid-wrapper-b9806d8a\">\n<div class=\"gb-grid-column gb-grid-column-b61e23f0\"><div class=\"gb-container gb-container-b61e23f0\">\n\n<h2 class=\"wp-block-heading has-text-color\" style=\"color:#bb2126\">Residentes y grupos de la Bah\u00eda piden fuertes protecciones de la calidad del agua para Conowingo Dam<\/h2>\n\n\n\n<p>M\u00e1s de 800 personas firmaron un&nbsp;<a href=\"https:\/\/waterkeeperschesapeake.org\/wp-content\/uploads\/2023\/08\/Petition-to-MDE-re-Conowingo-Dam-8-1-23.pdf\" target=\"_blank\" rel=\"noreferrer noopener\">petici\u00f3n al MDE<\/a>&nbsp;Expresando la urgencia de contar con una certificaci\u00f3n de calidad del agua que exija a Constellation abordar la carga de nutrientes atribuida a las operaciones de la presa, mejorar el caudal aguas abajo, restaurar los servicios ecosist\u00e9micos perdidos, mejorar el paso de anguilas americanas y peces aguas arriba, fortalecer la resiliencia del r\u00edo Susquehanna al cambio clim\u00e1tico y gestionar la basura y los escombros que se acumulan detr\u00e1s de la presa. La petici\u00f3n destaca que Constellation, una corporaci\u00f3n de $30 mil millones, deber\u00eda pagar la parte que le corresponde en lugar de seguir utilizando un recurso p\u00fablico para beneficio privado.<\/p>\n\n<\/div><\/div>\n\n<div class=\"gb-grid-column gb-grid-column-e55df869\"><div class=\"gb-container gb-container-e55df869\">\n<div class=\"gb-container gb-container-2739f253\">\n<div class=\"gb-container gb-container-f9a4ef02\">\n\n<p class=\"has-base-2-color has-text-color\">La Coalici\u00f3n Choose Clean Water (CCWC) y cuarenta grupos ambientalistas\u00a0<a href=\"https:\/\/waterkeeperschesapeake.org\/wp-content\/uploads\/2023\/08\/Conowingo-WQ-Certification-CCWC-Letter-8-1-23-2.pdf\" target=\"_blank\" rel=\"noreferrer noopener\">envi\u00f3 una carta<\/a>\u00a0al MDE pidiendo a la agencia que rechace cualquier solicitud para debilitar su decisi\u00f3n anterior al reconsiderar la certificaci\u00f3n.<\/p>\n\n\n<div class=\"gb-container gb-container-6f53e831\">\n\n<p class=\"has-base-2-color has-text-color\">En la carta expresan sus preocupaciones con respecto al acuerdo entre MDE y Constellation que renunci\u00f3 a la certificaci\u00f3n de calidad del agua de 2018, enfatizando que represent\u00f3 una mala pol\u00edtica p\u00fablica al trasladar la carga de abordar los impactos de la presa de Constellation a los gobiernos estatales y locales.<\/p>\n\n<\/div>\n<\/div>\n<\/div>\n<\/div><\/div>\n<\/div><\/div><\/div>\n\n<\/div>\n\n<div class=\"gb-container gb-container-5f1233de\">\n\n<h2 class=\"gb-headline gb-headline-7799d762 gb-headline-text\"><strong>Descargar y compartir documentos PDF<\/strong><\/h2>\n\n\n<div class=\"gb-container gb-container-8493717b\">\n<div class=\"gb-container gb-container-afaeb4f3\">\n\n<a class=\"gb-button gb-button-f0e8246d gb-button-text\" href=\"http:\/\/waterkeeperschesapeake.org\/wp-content\/uploads\/2023\/07\/Conowingo-Crisis-Infographic.pdf\" target=\"_blank\" rel=\"noopener noreferrer\"><strong>INFOGRAF\u00cdA<\/strong><\/a>\n\n\n\n<a class=\"gb-button gb-button-3adbd6f5 gb-button-text\" href=\"http:\/\/waterkeeperschesapeake.org\/wp-content\/uploads\/2023\/07\/Conowingo-Fact-Sheet-1.pdf\" target=\"_blank\" rel=\"noopener noreferrer\"><strong>HOJA DE HECHOS<\/strong><\/a>\n\n\n\n<a class=\"gb-button gb-button-5748be82 gb-button-text\" href=\"http:\/\/waterkeeperschesapeake.org\/wp-content\/uploads\/2023\/07\/FAQs.pdf\" target=\"_blank\" rel=\"noopener noreferrer\"><strong>preguntas frecuentes<\/strong><\/a>\n\n<\/div>\n<\/div>\n<\/div>\n\n<div class=\"gb-container gb-container-61dc7ddc\">\n<div class=\"gb-container gb-container-9b498d72\">\n\n<h2 class=\"wp-block-heading has-text-align-center has-text-color\" style=\"color:#ffffffb0\"><strong><strong>Una historia del problema en Conowingo Dam<\/strong><\/strong><\/h2>\n\n\n<div class=\"gb-grid-wrapper gb-grid-wrapper-77877c00\">\n<div class=\"gb-grid-column gb-grid-column-a5b85c30\"><div class=\"gb-container gb-container-a5b85c30\">\n\n<figure class=\"wp-block-image size-full is-style-default\"><a href=\"https:\/\/waterkeeperschesapeake.org\/wp-content\/uploads\/2023\/07\/Conowingo_V3_timeline_0711.pdf\" target=\"_blank\" rel=\"noreferrer noopener\"><img decoding=\"async\" width=\"601\" height=\"741\" data-src=\"https:\/\/waterkeeperschesapeake.org\/wp-content\/uploads\/2023\/07\/Conowingo-Timeline-screenshot.jpg\" alt=\"Conowingo Timeline screenshot\" class=\"wp-image-13071 lazyload\" data-srcset=\"https:\/\/waterkeeperschesapeake.org\/wp-content\/uploads\/2023\/07\/Conowingo-Timeline-screenshot.jpg 601w, https:\/\/waterkeeperschesapeake.org\/wp-content\/uploads\/2023\/07\/Conowingo-Timeline-screenshot-243x300.jpg 243w, https:\/\/waterkeeperschesapeake.org\/wp-content\/uploads\/2023\/07\/Conowingo-Timeline-screenshot-10x12.jpg 10w\" data-sizes=\"(max-width: 601px) 100vw, 601px\" src=\"data:image\/svg+xml;base64,PHN2ZyB3aWR0aD0iMSIgaGVpZ2h0PSIxIiB4bWxucz0iaHR0cDovL3d3dy53My5vcmcvMjAwMC9zdmciPjwvc3ZnPg==\" style=\"--smush-placeholder-width: 601px; --smush-placeholder-aspect-ratio: 601\/741;\" \/><\/a><\/figure>\n\n<\/div><\/div>\n\n<div class=\"gb-grid-column gb-grid-column-104df8b3\"><div class=\"gb-container gb-container-104df8b3\">\n\n<a class=\"gb-button gb-button-4db13457\" href=\"http:\/\/waterkeeperschesapeake.org\/wp-content\/uploads\/2023\/07\/V3_timeline_0712.pdf\" target=\"_blank\" rel=\"noopener noreferrer\"><span class=\"gb-icon\"><svg aria-hidden=\"true\" role=\"img\" height=\"1em\" width=\"1em\" viewbox=\"0 0 512 512\" xmlns=\"http:\/\/www.w3.org\/2000\/svg\"><path fill=\"currentColor\" d=\"M256 8C119 8 8 119 8 256s111 248 248 248 248-111 248-248S393 8 256 8zm0 448c-110.5 0-200-89.5-200-200S145.5 56 256 56s200 89.5 200 200-89.5 200-200 200zm61.8-104.4l-84.9-61.7c-3.1-2.3-4.9-5.9-4.9-9.7V116c0-6.6 5.4-12 12-12h32c6.6 0 12 5.4 12 12v141.7l66.8 48.6c5.4 3.9 6.5 11.4 2.6 16.8L334.6 349c-3.9 5.3-11.4 6.5-16.8 2.6z\"><\/path><\/svg><\/span><span class=\"gb-button-text\">SE TRATA DE LA CRONOLOG\u00cdA DE LA PRESA<\/span><\/a>\n\n\n\n<p class=\"has-text-align-left has-base-2-color has-text-color\">Durante casi 100 a\u00f1os, la presa Conowingo Dam ha atravesado el r\u00edo Susquehanna a solo diez millas de su desembocadura en la bah\u00eda de Chesapeake. Bloquea el acceso a cientos de millas del r\u00edo y arroyos para los peces migratorios y es una importante fuente de contaminaci\u00f3n para la bah\u00eda. \u00a1Ya es hora de que Constellation remedie su situaci\u00f3n y tome medidas para proteger la bah\u00eda de Chesapeake y el r\u00edo Susquehanna, recursos que nos pertenecen a todos!<\/p>\n\n\n\n<p class=\"has-base-2-color has-text-color\"><strong>Esta l\u00ednea de tiempo muestra c\u00f3mo llegamos a este punto cr\u00edtico en el tiempo.<\/strong><\/p>\n\n<\/div><\/div>\n<\/div>\n<\/div>\n<\/div>\n\n<div class=\"gb-container gb-container-38bc2562 alignfull\">\n<div class=\"gb-container gb-container-e2a3b036\">\n<div class=\"gb-grid-wrapper gb-grid-wrapper-1623bcae\">\n<div class=\"gb-grid-column gb-grid-column-04f45a5b\"><div class=\"gb-container gb-container-04f45a5b\">\n<div class=\"gb-grid-wrapper gb-grid-wrapper-1750edf9\">\n<div class=\"gb-grid-column gb-grid-column-964c6d6b\"><div class=\"gb-container gb-container-964c6d6b\">\n\n<figure class=\"wp-block-image size-full is-resized\"><a href=\"https:\/\/waterkeeperschesapeake.org\/es\/\" target=\"_blank\" rel=\"noreferrer noopener\"><img decoding=\"async\" data-src=\"http:\/\/waterkeeperschesapeake.org\/wp-content\/uploads\/2023\/03\/cropped-WKC-Logo.png\" alt=\"Waterkeepers Chesapeake\" class=\"wp-image-11238 lazyload\" width=\"120\" height=\"120\" data-srcset=\"https:\/\/waterkeeperschesapeake.org\/wp-content\/uploads\/2023\/03\/cropped-WKC-Logo.png 512w, https:\/\/waterkeeperschesapeake.org\/wp-content\/uploads\/2023\/03\/cropped-WKC-Logo-300x300.png 300w, https:\/\/waterkeeperschesapeake.org\/wp-content\/uploads\/2023\/03\/cropped-WKC-Logo-150x150.png 150w, https:\/\/waterkeeperschesapeake.org\/wp-content\/uploads\/2023\/03\/cropped-WKC-Logo-12x12.png 12w, https:\/\/waterkeeperschesapeake.org\/wp-content\/uploads\/2023\/03\/cropped-WKC-Logo-270x270.png 270w, https:\/\/waterkeeperschesapeake.org\/wp-content\/uploads\/2023\/03\/cropped-WKC-Logo-192x192.png 192w, https:\/\/waterkeeperschesapeake.org\/wp-content\/uploads\/2023\/03\/cropped-WKC-Logo-180x180.png 180w, https:\/\/waterkeeperschesapeake.org\/wp-content\/uploads\/2023\/03\/cropped-WKC-Logo-32x32.png 32w\" data-sizes=\"(max-width: 120px) 100vw, 120px\" src=\"data:image\/svg+xml;base64,PHN2ZyB3aWR0aD0iMSIgaGVpZ2h0PSIxIiB4bWxucz0iaHR0cDovL3d3dy53My5vcmcvMjAwMC9zdmciPjwvc3ZnPg==\" style=\"--smush-placeholder-width: 120px; --smush-placeholder-aspect-ratio: 120\/120;\" \/><\/a><\/figure>\n\n<\/div><\/div>\n\n<div class=\"gb-grid-column gb-grid-column-e5149f31\"><div class=\"gb-container gb-container-e5149f31\">\n\n<p class=\"p2\">apartado de correos 11075<br>Takoma Park, Maryland 20913-1075<br>(800) 995-6755<br><a href=\"\/es\/&\/#109;&#x61;i&#108;&#x74;o&#58;&#x69;n&#102;&#x6f;&#64;&#119;&#x61;t&#101;&#x72;k&#101;&#x65;p&#101;&#x72;s&#99;&#x68;e&#115;&#x61;p&#101;&#x61;k&#x65;&#x2e;o&#x72;&#x67;\" target=\"_blank\" rel=\"noreferrer noopener\">info@waterkeeperschesapeake.org<\/a><\/p>\n\n<\/div><\/div>\n<\/div>\n<\/div><\/div>\n\n<div class=\"gb-grid-column gb-grid-column-faabb6ef\"><div class=\"gb-container gb-container-faabb6ef\">\n<div class=\"gb-grid-wrapper gb-grid-wrapper-0370c328\">\n<div class=\"gb-grid-column gb-grid-column-0600c070\"><div class=\"gb-container gb-container-0600c070\">\n\n<figure class=\"wp-block-image size-full is-resized\"><a href=\"https:\/\/lowersusquehannariverkeeper.org\/\" target=\"_blank\" rel=\"noreferrer noopener\"><img decoding=\"async\" data-src=\"http:\/\/waterkeeperschesapeake.org\/wp-content\/uploads\/2014\/08\/Lower-SusRK-logo.jpg\" alt=\"lower susquehanna riverkeeper logo\" class=\"wp-image-3356 lazyload\" width=\"260\" height=\"113\" data-srcset=\"https:\/\/waterkeeperschesapeake.org\/wp-content\/uploads\/2014\/08\/Lower-SusRK-logo.jpg 896w, https:\/\/waterkeeperschesapeake.org\/wp-content\/uploads\/2014\/08\/Lower-SusRK-logo-300x130.jpg 300w, https:\/\/waterkeeperschesapeake.org\/wp-content\/uploads\/2014\/08\/Lower-SusRK-logo-768x333.jpg 768w, https:\/\/waterkeeperschesapeake.org\/wp-content\/uploads\/2014\/08\/Lower-SusRK-logo-31x13.jpg 31w\" data-sizes=\"(max-width: 260px) 100vw, 260px\" src=\"data:image\/svg+xml;base64,PHN2ZyB3aWR0aD0iMSIgaGVpZ2h0PSIxIiB4bWxucz0iaHR0cDovL3d3dy53My5vcmcvMjAwMC9zdmciPjwvc3ZnPg==\" style=\"--smush-placeholder-width: 260px; --smush-placeholder-aspect-ratio: 260\/113;\" \/><\/a><\/figure>\n\n<\/div><\/div>\n\n<div class=\"gb-grid-column gb-grid-column-544c96e1\"><div class=\"gb-container gb-container-544c96e1\">\n\n<p class=\"has-text-align-center p2\">2098 largo nivel Rd<br>Wrightsville, Pensilvania 17368<br>(717) 478-1780<br><a href=\"\/es\/&\/#x6d;&#97;&#x69;&#x6c;&#116;&#x6f;&#58;i&#x6e;&#102;o&#x40;&#108;o&#x77;&#115;u&#x73;&#114;&#x69;&#x76;&#101;&#x72;&#x6b;&#101;&#x65;&#112;e&#x72;&#46;o&#x72;&#103;\">info@lowsusriverkeeper.org<\/a><\/p>\n\n<\/div><\/div>\n<\/div>\n<\/div><\/div>\n<\/div>\n<\/div>\n<\/div>","protected":false},"excerpt":{"rendered":"<p>Ya era hora de la presa: CONOWINGO CRISIS. Constellation debe rendir cuentas por el riesgo que representa para la salud de la bah\u00eda. La petici\u00f3n financiera es insignificante para ellos: Constellation es una de las corporaciones m\u00e1s grandes y ricas de Estados Unidos y prioriza las ganancias sobre el acceso al agua potable. Descargue y comparta documentos PDF. <a title=\"Crisis de Conowingo\" class=\"read-more\" href=\"https:\/\/waterkeeperschesapeake.org\/es\/conowingo-crisis\/\" aria-label=\"Leer m\u00e1s sobre Crisis de Conowingo\">Lee mas<\/a><\/p>","protected":false},"author":16,"featured_media":2300,"parent":0,"menu_order":0,"comment_status":"closed","ping_status":"closed","template":"","meta":{"_monsterinsights_skip_tracking":false,"_monsterinsights_sitenote_active":false,"_monsterinsights_sitenote_note":"","_monsterinsights_sitenote_category":0,"footnotes":""},"class_list":{"0":"post-12923","1":"page","2":"type-page","3":"status-publish","4":"has-post-thumbnail","6":"resize-featured-image"},"_links":{"self":[{"href":"https:\/\/waterkeeperschesapeake.org\/es\/wp-json\/wp\/v2\/pages\/12923","targetHints":{"allow":["GET"]}}],"collection":[{"href":"https:\/\/waterkeeperschesapeake.org\/es\/wp-json\/wp\/v2\/pages"}],"about":[{"href":"https:\/\/waterkeeperschesapeake.org\/es\/wp-json\/wp\/v2\/types\/page"}],"author":[{"embeddable":true,"href":"https:\/\/waterkeeperschesapeake.org\/es\/wp-json\/wp\/v2\/users\/16"}],"replies":[{"embeddable":true,"href":"https:\/\/waterkeeperschesapeake.org\/es\/wp-json\/wp\/v2\/comments?post=12923"}],"version-history":[{"count":0,"href":"https:\/\/waterkeeperschesapeake.org\/es\/wp-json\/wp\/v2\/pages\/12923\/revisions"}],"wp:featuredmedia":[{"embeddable":true,"href":"https:\/\/waterkeeperschesapeake.org\/es\/wp-json\/wp\/v2\/media\/2300"}],"wp:attachment":[{"href":"https:\/\/waterkeeperschesapeake.org\/es\/wp-json\/wp\/v2\/media?parent=12923"}],"curies":[{"name":"gracias","href":"https:\/\/api.w.org\/{rel}","templated":true}]}}